{"id":1410,"date":"2020-06-05T17:10:54","date_gmt":"2020-06-05T16:10:54","guid":{"rendered":"https:\/\/retterdentalcare.com\/?page_id=1410"},"modified":"2020-10-22T10:36:16","modified_gmt":"2020-10-22T09:36:16","slug":"depistage-covid","status":"publish","type":"page","link":"https:\/\/retterdentalcare.com\/fr\/depistage-covid\/","title":{"rendered":"Depistage Covid"},"content":{"rendered":"<p>Pour fixer une date de rendez-vous, t\u00e9l\u00e9phonez au<a href=\"tel:5144889579\"> (514) 488-9579<\/a> ou remplissez le formulaire suivant :<\/p>\n<p>Si c&#8217;est votre premi\u00e8re visite, <a href=\"https:\/\/retterdentalcare.com\/fr\/formulaire\">cliquez ici<\/a> pour l&#8217;ouverture de votre dossier m\u00e9dical<\/p>\n<h2>Formulaire de rendez-vous<\/h2>\n\n<div class=\"wpcf7 no-js\" id=\"wpcf7-f1408-o1\" lang=\"en-US\" dir=\"ltr\" data-wpcf7-id=\"1408\">\n<div class=\"screen-reader-response\"><p role=\"status\" aria-live=\"polite\" aria-atomic=\"true\"><\/p> <ul><\/ul><\/div>\n<form action=\"\/fr\/wp-json\/wp\/v2\/pages\/1410#wpcf7-f1408-o1\" method=\"post\" class=\"wpcf7-form init\" aria-label=\"Contact form\" novalidate=\"novalidate\" data-status=\"init\">\n<fieldset class=\"hidden-fields-container\"><input type=\"hidden\" name=\"_wpcf7\" value=\"1408\" \/><input type=\"hidden\" name=\"_wpcf7_version\" value=\"6.1.4\" \/><input type=\"hidden\" name=\"_wpcf7_locale\" value=\"en_US\" \/><input type=\"hidden\" name=\"_wpcf7_unit_tag\" value=\"wpcf7-f1408-o1\" \/><input type=\"hidden\" name=\"_wpcf7_container_post\" value=\"0\" \/><input type=\"hidden\" name=\"_wpcf7_posted_data_hash\" value=\"\" \/><input type=\"hidden\" name=\"_wpcf7_recaptcha_response\" value=\"\" \/>\n<\/fieldset>\n<p><label> Nom de la personne d\u00e9pist\u00e9e: (obligatoire)<br \/>\n<span class=\"wpcf7-form-control-wrap\" data-name=\"your-name\"><input size=\"40\" maxlength=\"400\" class=\"wpcf7-form-control wpcf7-text wpcf7-validates-as-required\" aria-required=\"true\" aria-invalid=\"false\" value=\"\" type=\"text\" name=\"your-name\" \/><\/span> <\/label>\n<\/p>\n<p><label> Veuillez indiquer si le nom ci-dessus correspond au formulaire de d\u00e9pistage du patient ou de l\u2019accompagnateur: <\/label><br \/>\n<span class=\"wpcf7-form-control-wrap\" data-name=\"patient\"><span class=\"wpcf7-form-control wpcf7-radio\"><span class=\"wpcf7-list-item first\"><label><input type=\"radio\" name=\"patient\" value=\"Patient\" \/><span class=\"wpcf7-list-item-label\">Patient<\/span><\/label><\/span><span class=\"wpcf7-list-item last\"><label><input type=\"radio\" name=\"patient\" value=\"Accompagnateur\" \/><span class=\"wpcf7-list-item-label\">Accompagnateur<\/span><\/label><\/span><\/span><\/span>\n<\/p>\n<p><label> Nom du patient (si accompagnant): <\/label><br \/>\n<span class=\"wpcf7-form-control-wrap\" data-name=\"patient-name\"><input size=\"40\" maxlength=\"400\" class=\"wpcf7-form-control wpcf7-text\" aria-invalid=\"false\" value=\"\" type=\"text\" name=\"patient-name\" \/><\/span>\n<\/p>\n<div class=\"checkboxes\">\n\t<p><span class=\"checkboxes__title\">Avez-vous eu un test de d\u00e9pistage positif \u00e0 la COVID-19 depuis moins de 21 jours ou une recommandation de passer un test de d\u00e9pistage?<\/span><br \/>\n<span class=\"wpcf7-form-control-wrap\" data-name=\"question1\"><span class=\"wpcf7-form-control wpcf7-radio\"><span class=\"wpcf7-list-item first\"><label><input type=\"radio\" name=\"question1\" value=\"Oui\" \/><span class=\"wpcf7-list-item-label\">Oui<\/span><\/label><\/span><span class=\"wpcf7-list-item last\"><label><input type=\"radio\" name=\"question1\" value=\"Non\" \/><span class=\"wpcf7-list-item-label\">Non<\/span><\/label><\/span><\/span><\/span>\n\t<\/p>\n<\/div>\n<div class=\"checkboxes\">\n\t<p><span class=\"checkboxes__title\">Fi\u00e8vre (plus de 38 \u00b0C ou 100,4 \u00b0F)<\/span><br \/>\n<span class=\"wpcf7-form-control-wrap\" data-name=\"question2\"><span class=\"wpcf7-form-control wpcf7-radio\"><span class=\"wpcf7-list-item first\"><label><input type=\"radio\" name=\"question2\" value=\"Oui\" \/><span class=\"wpcf7-list-item-label\">Oui<\/span><\/label><\/span><span class=\"wpcf7-list-item last\"><label><input type=\"radio\" name=\"question2\" value=\"Non\" \/><span class=\"wpcf7-list-item-label\">Non<\/span><\/label><\/span><\/span><\/span>\n\t<\/p>\n<\/div>\n<div class=\"checkboxes\">\n\t<p><span class=\"checkboxes__title\">Toux r\u00e9cente ou chronique qui s\u2019est aggrav\u00e9e<\/span><br \/>\n<span class=\"wpcf7-form-control-wrap\" data-name=\"question3\"><span class=\"wpcf7-form-control wpcf7-radio\"><span class=\"wpcf7-list-item first\"><label><input type=\"radio\" name=\"question3\" value=\"Oui\" \/><span class=\"wpcf7-list-item-label\">Oui<\/span><\/label><\/span><span class=\"wpcf7-list-item last\"><label><input type=\"radio\" name=\"question3\" value=\"Non\" \/><span class=\"wpcf7-list-item-label\">Non<\/span><\/label><\/span><\/span><\/span>\n\t<\/p>\n<\/div>\n<div class=\"checkboxes\">\n\t<p><span class=\"checkboxes__title\">Difficult\u00e9 respiratoire (par exemple : essoufflement ou difficult\u00e9 \u00e0<br \/>\nparler)<\/span><br \/>\n<span class=\"wpcf7-form-control-wrap\" data-name=\"question4\"><span class=\"wpcf7-form-control wpcf7-radio\"><span class=\"wpcf7-list-item first\"><label><input type=\"radio\" name=\"question4\" value=\"Oui\" \/><span class=\"wpcf7-list-item-label\">Oui<\/span><\/label><\/span><span class=\"wpcf7-list-item last\"><label><input type=\"radio\" name=\"question4\" value=\"Non\" \/><span class=\"wpcf7-list-item-label\">Non<\/span><\/label><\/span><\/span><\/span>\n\t<\/p>\n<\/div>\n<div class=\"checkboxes\">\n\t<p><span class=\"checkboxes__title\">Perte subite de l\u2019odorat (avec ou sans perte de go\u00fbt)<\/span><br \/>\n<span class=\"wpcf7-form-control-wrap\" data-name=\"question5\"><span class=\"wpcf7-form-control wpcf7-radio\"><span class=\"wpcf7-list-item first\"><label><input type=\"radio\" name=\"question5\" value=\"Oui\" \/><span class=\"wpcf7-list-item-label\">Oui<\/span><\/label><\/span><span class=\"wpcf7-list-item last\"><label><input type=\"radio\" name=\"question5\" value=\"Non\" \/><span class=\"wpcf7-list-item-label\">Non<\/span><\/label><\/span><\/span><\/span>\n\t<\/p>\n<\/div>\n<div class=\"checkboxes\">\n\t<p><span class=\"checkboxes__title\">Douleurs musculaires, mal de t\u00eate, fatigue intense ou importante perte<br \/>\nd\u2019app\u00e9tit<\/span><br \/>\n<span class=\"wpcf7-form-control-wrap\" data-name=\"question6\"><span class=\"wpcf7-form-control wpcf7-radio\"><span class=\"wpcf7-list-item first\"><label><input type=\"radio\" name=\"question6\" value=\"Oui\" \/><span class=\"wpcf7-list-item-label\">Oui<\/span><\/label><\/span><span class=\"wpcf7-list-item last\"><label><input type=\"radio\" name=\"question6\" value=\"Non\" \/><span class=\"wpcf7-list-item-label\">Non<\/span><\/label><\/span><\/span><\/span>\n\t<\/p>\n<\/div>\n<div class=\"checkboxes\">\n\t<p><span class=\"checkboxes__title\">Mal de gorge<\/span><br \/>\n<span class=\"wpcf7-form-control-wrap\" data-name=\"question7\"><span class=\"wpcf7-form-control wpcf7-radio\"><span class=\"wpcf7-list-item first\"><label><input type=\"radio\" name=\"question7\" value=\"Oui\" \/><span class=\"wpcf7-list-item-label\">Oui<\/span><\/label><\/span><span class=\"wpcf7-list-item last\"><label><input type=\"radio\" name=\"question7\" value=\"Non\" \/><span class=\"wpcf7-list-item-label\">Non<\/span><\/label><\/span><\/span><\/span>\n\t<\/p>\n<\/div>\n<div class=\"checkboxes\">\n\t<p><span class=\"checkboxes__title\">Diarrh\u00e9e<\/span><br \/>\n<span class=\"wpcf7-form-control-wrap\" data-name=\"question8\"><span class=\"wpcf7-form-control wpcf7-radio\"><span class=\"wpcf7-list-item first\"><label><input type=\"radio\" name=\"question8\" value=\"Oui\" \/><span class=\"wpcf7-list-item-label\">Oui<\/span><\/label><\/span><span class=\"wpcf7-list-item last\"><label><input type=\"radio\" name=\"question8\" value=\"Non\" \/><span class=\"wpcf7-list-item-label\">Non<\/span><\/label><\/span><\/span><\/span>\n\t<\/p>\n<\/div>\n<div class=\"checkboxes\">\n\t<p><span class=\"checkboxes__title\">Avez-vous une condition de sant\u00e9 connue pouvant expliquer les sympt\u00f4mes rapport\u00e9s ci-dessus?<\/span><br \/>\n<span class=\"wpcf7-form-control-wrap\" data-name=\"question9\"><span class=\"wpcf7-form-control wpcf7-radio\"><span class=\"wpcf7-list-item first\"><label><input type=\"radio\" name=\"question9\" value=\"Oui\" \/><span class=\"wpcf7-list-item-label\">Oui<\/span><\/label><\/span><span class=\"wpcf7-list-item last\"><label><input type=\"radio\" name=\"question9\" value=\"Non\" \/><span class=\"wpcf7-list-item-label\">Non<\/span><\/label><\/span><\/span><\/span>\n\t<\/p>\n<\/div>\n<p><label> Si oui, pr\u00e9cisez:<br \/>\n<span class=\"wpcf7-form-control-wrap\" data-name=\"specify\"><input size=\"40\" maxlength=\"400\" class=\"wpcf7-form-control wpcf7-text\" aria-invalid=\"false\" value=\"\" type=\"text\" name=\"specify\" \/><\/span> <\/label>\n<\/p>\n<div class=\"checkboxes\">\n\t<p><span class=\"checkboxes__title\">Avez-vous \u00e9t\u00e9 en contact \u00e9troit (au moins 15 minutes \u00e0 moins de 2<br \/>\nm\u00e8tres) avec un cas confirm\u00e9 ou suspect\u00e9 de la COVID-19?<\/span><br \/>\n<span class=\"wpcf7-form-control-wrap\" data-name=\"question10\"><span class=\"wpcf7-form-control wpcf7-radio\"><span class=\"wpcf7-list-item first\"><label><input type=\"radio\" name=\"question10\" value=\"Oui\" \/><span class=\"wpcf7-list-item-label\">Oui<\/span><\/label><\/span><span class=\"wpcf7-list-item last\"><label><input type=\"radio\" name=\"question10\" value=\"Non\" \/><span class=\"wpcf7-list-item-label\">Non<\/span><\/label><\/span><\/span><\/span>\n\t<\/p>\n<\/div>\n<p><label> Your Email (obligatoire)<br \/>\n<span class=\"wpcf7-form-control-wrap\" data-name=\"your-email\"><input size=\"40\" maxlength=\"400\" class=\"wpcf7-form-control wpcf7-email wpcf7-validates-as-required wpcf7-text wpcf7-validates-as-email\" aria-required=\"true\" aria-invalid=\"false\" value=\"\" type=\"email\" name=\"your-email\" \/><\/span> <\/label>\n<\/p>\n<p><input class=\"wpcf7-form-control wpcf7-submit has-spinner\" type=\"submit\" value=\"Envoyer\" \/>\n<\/p><div class=\"wpcf7-response-output\" aria-hidden=\"true\"><\/div>\n<\/form>\n<\/div>\n\n","protected":false},"excerpt":{"rendered":"<p>Pour fixer une date de rendez-vous, t\u00e9l\u00e9phonez au (514) 488-9579 ou remplissez le formulaire suivant : Si c&#8217;est votre premi\u00e8re [&hellip;]<\/p>\n","protected":false},"author":3,"featured_media":646,"parent":0,"menu_order":0,"comment_status":"closed","ping_status":"closed","template":"","meta":{"footnotes":""},"class_list":["post-1410","page","type-page","status-publish","has-post-thumbnail","hentry"],"yoast_head":"<!-- This site is optimized with the Yoast SEO plugin v26.6 - https:\/\/yoast.com\/wordpress\/plugins\/seo\/ -->\n<title>Depistage Covid - Retter Dental Care<\/title>\n<meta name=\"robots\" content=\"index, follow, max-snippet:-1, max-image-preview:large, max-video-preview:-1\" \/>\n<link rel=\"canonical\" href=\"https:\/\/retterdentalcare.com\/covid-screening\/\" \/>\n<meta property=\"og:locale\" content=\"fr_FR\" \/>\n<meta property=\"og:type\" content=\"article\" \/>\n<meta property=\"og:title\" content=\"Depistage Covid - Retter Dental Care\" \/>\n<meta property=\"og:description\" content=\"Pour fixer une date de rendez-vous, t\u00e9l\u00e9phonez au (514) 488-9579 ou remplissez le formulaire suivant : Si c&#8217;est votre premi\u00e8re [&hellip;]\" \/>\n<meta property=\"og:url\" content=\"https:\/\/retterdentalcare.com\/covid-screening\/\" \/>\n<meta property=\"og:site_name\" content=\"Retter Dental Care\" \/>\n<meta property=\"article:modified_time\" content=\"2020-10-22T09:36:16+00:00\" \/>\n<meta property=\"og:image\" content=\"https:\/\/retterdentalcare.com\/wp-content\/uploads\/2018\/06\/image-dentistry-51.jpg\" \/>\n\t<meta property=\"og:image:width\" content=\"1000\" \/>\n\t<meta property=\"og:image:height\" content=\"900\" \/>\n\t<meta property=\"og:image:type\" content=\"image\/jpeg\" \/>\n<meta name=\"twitter:card\" content=\"summary_large_image\" \/>\n<script type=\"application\/ld+json\" class=\"yoast-schema-graph\">{\"@context\":\"https:\/\/schema.org\",\"@graph\":[{\"@type\":\"WebPage\",\"@id\":\"https:\/\/retterdentalcare.com\/covid-screening\/\",\"url\":\"https:\/\/retterdentalcare.com\/covid-screening\/\",\"name\":\"Depistage Covid - Retter Dental Care\",\"isPartOf\":{\"@id\":\"https:\/\/retterdentalcare.com\/#website\"},\"primaryImageOfPage\":{\"@id\":\"https:\/\/retterdentalcare.com\/covid-screening\/#primaryimage\"},\"image\":{\"@id\":\"https:\/\/retterdentalcare.com\/covid-screening\/#primaryimage\"},\"thumbnailUrl\":\"https:\/\/retterdentalcare.com\/wp-content\/uploads\/2018\/06\/image-dentistry-51.jpg\",\"datePublished\":\"2020-06-05T16:10:54+00:00\",\"dateModified\":\"2020-10-22T09:36:16+00:00\",\"breadcrumb\":{\"@id\":\"https:\/\/retterdentalcare.com\/covid-screening\/#breadcrumb\"},\"inLanguage\":\"fr-FR\",\"potentialAction\":[{\"@type\":\"ReadAction\",\"target\":[\"https:\/\/retterdentalcare.com\/covid-screening\/\"]}]},{\"@type\":\"ImageObject\",\"inLanguage\":\"fr-FR\",\"@id\":\"https:\/\/retterdentalcare.com\/covid-screening\/#primaryimage\",\"url\":\"https:\/\/retterdentalcare.com\/wp-content\/uploads\/2018\/06\/image-dentistry-51.jpg\",\"contentUrl\":\"https:\/\/retterdentalcare.com\/wp-content\/uploads\/2018\/06\/image-dentistry-51.jpg\",\"width\":\"1000\",\"height\":\"900\"},{\"@type\":\"BreadcrumbList\",\"@id\":\"https:\/\/retterdentalcare.com\/covid-screening\/#breadcrumb\",\"itemListElement\":[{\"@type\":\"ListItem\",\"position\":1,\"name\":\"Home\",\"item\":\"https:\/\/retterdentalcare.com\/fr\/\"},{\"@type\":\"ListItem\",\"position\":2,\"name\":\"Depistage Covid\"}]},{\"@type\":\"WebSite\",\"@id\":\"https:\/\/retterdentalcare.com\/#website\",\"url\":\"https:\/\/retterdentalcare.com\/\",\"name\":\"Retter Dental Care\",\"description\":\"The Best Care In The Most Comfortable Environment\",\"potentialAction\":[{\"@type\":\"SearchAction\",\"target\":{\"@type\":\"EntryPoint\",\"urlTemplate\":\"https:\/\/retterdentalcare.com\/?s={search_term_string}\"},\"query-input\":{\"@type\":\"PropertyValueSpecification\",\"valueRequired\":true,\"valueName\":\"search_term_string\"}}],\"inLanguage\":\"fr-FR\"}]}<\/script>\n<!-- \/ Yoast SEO plugin. -->","yoast_head_json":{"title":"Depistage Covid - Retter Dental Care","robots":{"index":"index","follow":"follow","max-snippet":"max-snippet:-1","max-image-preview":"max-image-preview:large","max-video-preview":"max-video-preview:-1"},"canonical":"https:\/\/retterdentalcare.com\/covid-screening\/","og_locale":"fr_FR","og_type":"article","og_title":"Depistage Covid - Retter Dental Care","og_description":"Pour fixer une date de rendez-vous, t\u00e9l\u00e9phonez au (514) 488-9579 ou remplissez le formulaire suivant : Si c&#8217;est votre premi\u00e8re [&hellip;]","og_url":"https:\/\/retterdentalcare.com\/covid-screening\/","og_site_name":"Retter Dental Care","article_modified_time":"2020-10-22T09:36:16+00:00","og_image":[{"width":1000,"height":900,"url":"https:\/\/retterdentalcare.com\/wp-content\/uploads\/2018\/06\/image-dentistry-51.jpg","type":"image\/jpeg"}],"twitter_card":"summary_large_image","schema":{"@context":"https:\/\/schema.org","@graph":[{"@type":"WebPage","@id":"https:\/\/retterdentalcare.com\/covid-screening\/","url":"https:\/\/retterdentalcare.com\/covid-screening\/","name":"Depistage Covid - Retter Dental Care","isPartOf":{"@id":"https:\/\/retterdentalcare.com\/#website"},"primaryImageOfPage":{"@id":"https:\/\/retterdentalcare.com\/covid-screening\/#primaryimage"},"image":{"@id":"https:\/\/retterdentalcare.com\/covid-screening\/#primaryimage"},"thumbnailUrl":"https:\/\/retterdentalcare.com\/wp-content\/uploads\/2018\/06\/image-dentistry-51.jpg","datePublished":"2020-06-05T16:10:54+00:00","dateModified":"2020-10-22T09:36:16+00:00","breadcrumb":{"@id":"https:\/\/retterdentalcare.com\/covid-screening\/#breadcrumb"},"inLanguage":"fr-FR","potentialAction":[{"@type":"ReadAction","target":["https:\/\/retterdentalcare.com\/covid-screening\/"]}]},{"@type":"ImageObject","inLanguage":"fr-FR","@id":"https:\/\/retterdentalcare.com\/covid-screening\/#primaryimage","url":"https:\/\/retterdentalcare.com\/wp-content\/uploads\/2018\/06\/image-dentistry-51.jpg","contentUrl":"https:\/\/retterdentalcare.com\/wp-content\/uploads\/2018\/06\/image-dentistry-51.jpg","width":"1000","height":"900"},{"@type":"BreadcrumbList","@id":"https:\/\/retterdentalcare.com\/covid-screening\/#breadcrumb","itemListElement":[{"@type":"ListItem","position":1,"name":"Home","item":"https:\/\/retterdentalcare.com\/fr\/"},{"@type":"ListItem","position":2,"name":"Depistage Covid"}]},{"@type":"WebSite","@id":"https:\/\/retterdentalcare.com\/#website","url":"https:\/\/retterdentalcare.com\/","name":"Retter Dental Care","description":"The Best Care In The Most Comfortable Environment","potentialAction":[{"@type":"SearchAction","target":{"@type":"EntryPoint","urlTemplate":"https:\/\/retterdentalcare.com\/?s={search_term_string}"},"query-input":{"@type":"PropertyValueSpecification","valueRequired":true,"valueName":"search_term_string"}}],"inLanguage":"fr-FR"}]}},"_links":{"self":[{"href":"https:\/\/retterdentalcare.com\/fr\/wp-json\/wp\/v2\/pages\/1410","targetHints":{"allow":["GET"]}}],"collection":[{"href":"https:\/\/retterdentalcare.com\/fr\/wp-json\/wp\/v2\/pages"}],"about":[{"href":"https:\/\/retterdentalcare.com\/fr\/wp-json\/wp\/v2\/types\/page"}],"author":[{"embeddable":true,"href":"https:\/\/retterdentalcare.com\/fr\/wp-json\/wp\/v2\/users\/3"}],"replies":[{"embeddable":true,"href":"https:\/\/retterdentalcare.com\/fr\/wp-json\/wp\/v2\/comments?post=1410"}],"version-history":[{"count":0,"href":"https:\/\/retterdentalcare.com\/fr\/wp-json\/wp\/v2\/pages\/1410\/revisions"}],"wp:featuredmedia":[{"embeddable":true,"href":"https:\/\/retterdentalcare.com\/fr\/wp-json\/wp\/v2\/media\/646"}],"wp:attachment":[{"href":"https:\/\/retterdentalcare.com\/fr\/wp-json\/wp\/v2\/media?parent=1410"}],"curies":[{"name":"wp","href":"https:\/\/api.w.org\/{rel}","templated":true}]}}