{"id":14866,"date":"2025-12-23T19:45:15","date_gmt":"2025-12-23T19:45:15","guid":{"rendered":"https:\/\/retterdentalcare.com\/?page_id=14866"},"modified":"2025-12-23T19:45:15","modified_gmt":"2025-12-23T19:45:15","slug":"politique-de-confidentialite-et-dutilisation-des-cookies","status":"publish","type":"page","link":"https:\/\/retterdentalcare.com\/fr\/politique-de-confidentialite-et-dutilisation-des-cookies\/","title":{"rendered":"Politique de confidentialit\u00e9 et d&#8217;utilisation des cookies"},"content":{"rendered":"<p><!-- Start CookieYes cookie policy --><\/p>\n<style>\n  a.cky-banner-element {<br \/>    padding: 8px 30px;<br \/>    background: #f8f9fa;<br \/>    color: #858a8f;<br \/>    border: 1px solid #dee2e6;<br \/>    box-sizing: border-box;<br \/>    border-radius: 2px;<br \/>    cursor: pointer<br \/>  }<br \/><\/style>\n<h1 class=\"cookie-policy-h1\">Politique d&#8217;utilisation des cookies<\/h1>\n<div class=\"cookie-policy-date-container\">\n<p>Date d&#8217;entr\u00e9e en vigueur : 8 d\u00e9cembre 2025<\/p>\n<p>Derni\u00e8re mise \u00e0 jour : 8 d\u00e9cembre 2025<\/p>\n<\/div>\n<p>&nbsp;<\/p>\n<h2>Que sont les cookies ?<\/h2>\n<div class=\"cookie-policy-p\">\n<p>La pr\u00e9sente politique d&#8217;utilisation des cookies explique ce que sont les cookies, comment nous les utilisons, les types de cookies que nous utilisons (c&#8217;est-\u00e0-dire les informations que nous collectons \u00e0 l&#8217;aide des cookies et comment ces informations sont utilis\u00e9es) et comment g\u00e9rer vos param\u00e8tres de cookies.<\/p>\n<p>Les cookies sont de petits fichiers texte utilis\u00e9s pour stocker de petites informations. Ils sont stock\u00e9s sur votre appareil lorsqu&#8217;un site web se charge dans votre navigateur. Ces cookies contribuent au bon fonctionnement du site web, renforcent la s\u00e9curit\u00e9, am\u00e9liorent l&#8217;exp\u00e9rience utilisateur et analysent les performances afin d&#8217;identifier ce qui fonctionne et ce qui doit \u00eatre am\u00e9lior\u00e9.<\/p>\n<\/div>\n<p>&nbsp;<\/p>\n<h2>Comment utilisons-nous les cookies ?<\/h2>\n<div class=\"cookie-policy-p\">\n<p>Comme la plupart des services en ligne, notre site web utilise \u00e0 la fois des cookies propri\u00e9taires et des cookies tiers \u00e0 des fins diverses. Les cookies propri\u00e9taires sont principalement n\u00e9cessaires au bon fonctionnement du site web et ne collectent aucune donn\u00e9e personnelle identifiable.<\/p>\n<p>Les cookies tiers utilis\u00e9s sur notre site web nous aident principalement \u00e0 comprendre les performances du site web, \u00e0 suivre votre interaction avec celui-ci, \u00e0 assurer la s\u00e9curit\u00e9 de nos services, \u00e0 diffuser des publicit\u00e9s pertinentes et \u00e0 am\u00e9liorer votre exp\u00e9rience utilisateur globale tout en am\u00e9liorant la vitesse de vos futures interactions avec notre site web.<\/p>\n<\/div>\n<p>&nbsp;<\/p>\n<h2>Types de cookies que nous utilisons<\/h2>\n<div class=\"cky-audit-table-element\"><\/div>\n<p>&nbsp;<\/p>\n<h2 style=\"margin-bottom: 20px;\">G\u00e9rer les pr\u00e9f\u00e9rences en mati\u00e8re de cookies<\/h2>\n<p><a class=\"cky-banner-element\">Pr\u00e9f\u00e9rences de consentement<\/a><\/p>\n<div>\n<p>Vous pouvez modifier vos param\u00e8tres de cookies \u00e0 tout moment en cliquant sur le bouton \u00ab Pr\u00e9f\u00e9rences de consentement \u00bb ci-dessus. Cela vous permettra de revoir la banni\u00e8re de consentement aux cookies et de mettre \u00e0 jour vos pr\u00e9f\u00e9rences ou de retirer votre consentement imm\u00e9diatement.<\/p>\n<p>De plus, diff\u00e9rents navigateurs proposent diverses m\u00e9thodes pour bloquer et supprimer les cookies utilis\u00e9s par les sites web. Vous pouvez r\u00e9gler les param\u00e8tres de votre navigateur pour bloquer ou supprimer les cookies. Vous trouverez ci-dessous des liens vers des documents d&#8217;aide sur la mani\u00e8re de g\u00e9rer et de supprimer les cookies dans les principaux navigateurs web.<\/p>\n<p>Chrome : https:\/\/support.google.com\/accounts\/answer\/32050<\/p>\n<p>Safari : https:\/\/support.apple.com\/en-in\/guide\/safari\/sfri11471\/mac<\/p>\n<p>Firefox : https:\/\/support.mozilla.org\/en-US\/kb\/clear-cookies-and-site-data-firefox?redirectslug=delete-cookies-remove-info-websites-stored&amp;redirectlocale=en-US<\/p>\n<p>Internet Explorer : https:\/\/support.microsoft.com\/en-us\/topic\/how-to-delete-cookie-files-in-internet-explorer-bca9446f-d873-78de-77ba-d42645fa52fc<\/p>\n<p>Si vous utilisez un autre navigateur Web, veuillez vous reporter \u00e0 sa documentation d&#8217;assistance officielle.<\/p>\n<\/div>\n<h1 class=\"privacy-policy-h1\">Politique de confidentialit\u00e9<\/h1>\n<p>Derni\u00e8re mise \u00e0 jour le 08 d\u00e9cembre 2025<\/p>\n<p>Date d&#8217;entr\u00e9e en vigueur : 08 d\u00e9cembre 2025<\/p>\n<p class=\"privacy-policy-p\">La pr\u00e9sente politique de confidentialit\u00e9 d\u00e9crit les politiques de<\/p>\n<p>Clinique Dentaire Dr. Jason Retter Inc,<br \/>\n5165, chemin Queen Mary, bureau 305, Montr\u00e9al,<br \/>\nQu\u00e9bec<br \/>\nH3W 1X7,<br \/>\nCanada,<br \/>\ncourriel : &#x69;&#x6e;&#x66;&#x6f;&#x40;&#114;&#101;&#116;&#116;erd&#x65;&#x6e;&#x74;&#x61;&#x6c;&#x63;&#97;&#114;&#101;&#46;co&#x6d;,<br \/>\nt\u00e9l\u00e9phone : (514) 488-9579<\/p>\n<p>concernant la collecte, l&#8217;utilisation et la divulgation des informations que nous recueillons lorsque vous utilisez notre site web ( https:\/\/retterdentalcare.com\/ ).<br \/>\n(le \u00ab Service \u00bb). En acc\u00e9dant ou en utilisant le Service, vous consentez \u00e0 la collecte, \u00e0 l&#8217;utilisation et \u00e0 la divulgation de vos informations conform\u00e9ment \u00e0 la pr\u00e9sente politique de confidentialit\u00e9. Si vous n&#8217;y consentez pas, veuillez ne pas acc\u00e9der ou utiliser le Service.<\/p>\n<p>Nous pouvons modifier la pr\u00e9sente politique de confidentialit\u00e9 \u00e0 tout moment sans pr\u00e9avis et publierons la politique de confidentialit\u00e9 r\u00e9vis\u00e9e sur le Service. La politique r\u00e9vis\u00e9e entrera en vigueur 180 jours apr\u00e8s sa publication sur le Service et votre acc\u00e8s ou utilisation continu du Service apr\u00e8s cette date constituera votre acceptation de la politique de confidentialit\u00e9 r\u00e9vis\u00e9e. Nous vous recommandons donc de consulter r\u00e9guli\u00e8rement cette page.<\/p>\n<h2 class=\"privacy-policy-h2\">Informations que nous recueillons :<\/h2>\n<p class=\"privacy-policy-p\">Nous recueillons et traitons les informations personnelles suivantes vous concernant :<\/p>\n<ol>\n<li style=\"list-style-type: none;\">\n<ol class=\"privacy-policy-ol\">\n<li>Nom<\/li>\n<li>Adresse e-mail<\/li>\n<li>Num\u00e9ro de t\u00e9l\u00e9phone portable<\/li>\n<li>Date de naissance<\/li>\n<li>Adresse<\/li>\n<li>Sexe<\/li>\n<li>Contact en cas d&#8217;urgence<\/li>\n<li>Informations relatives \u00e0 votre assurance dentaire<\/li>\n<li>Employeur<\/li>\n<li>M\u00e9decin traitant<\/li>\n<li>Ant\u00e9c\u00e9dents m\u00e9dicaux<\/li>\n<li>Ant\u00e9c\u00e9dents dentaires<\/li>\n<\/ol>\n<\/li>\n<\/ol>\n<h2 class=\"privacy-policy-h2\">Utilisation de vos informations :<\/h2>\n<p class=\"privacy-policy-p\">Nous utilisons les informations que nous recueillons \u00e0 votre sujet aux fins suivantes :<\/p>\n<ol class=\"privacy-policy-ol\">\n<li>Collecte des commentaires des clients<\/li>\n<li>Assistance<\/li>\n<li>Informations administratives<\/li>\n<\/ol>\n<p class=\"privacy-policy-p\">Si nous souhaitons utiliser vos informations \u00e0 d&#8217;autres fins, nous vous demanderons votre consentement et n&#8217;utiliserons vos informations qu&#8217;apr\u00e8s avoir obtenu votre consentement, et uniquement aux fins pour lesquelles vous avez donn\u00e9 votre consentement, sauf si la loi nous oblige \u00e0 faire autrement.<\/p>\n<h2 class=\"privacy-policy-h2\">Comment nous partageons vos informations :<\/h2>\n<p class=\"privacy-policy-p\">Nous ne transf\u00e9rerons pas vos informations personnelles \u00e0 des tiers sans votre consentement, sauf dans les circonstances limit\u00e9es d\u00e9crites ci-dessous :<\/p>\n<ol class=\"privacy-policy-ol\">\n<li>Analyses<\/li>\n<\/ol>\n<p class=\"privacy-policy-p\">Nous exigeons de ces tiers qu&#8217;ils utilisent les informations personnelles que nous leur transf\u00e9rons uniquement aux fins pour lesquelles elles ont \u00e9t\u00e9 transf\u00e9r\u00e9es et qu&#8217;ils ne les conservent pas plus longtemps que n\u00e9cessaire pour atteindre ces fins.<\/p>\n<p class=\"privacy-policy-p\">Nous pouvons \u00e9galement divulguer vos informations personnelles dans les cas suivants : (1) pour nous conformer \u00e0 la l\u00e9gislation, \u00e0 la r\u00e9glementation, \u00e0 une d\u00e9cision de justice ou \u00e0 toute autre proc\u00e9dure judiciaire applicable ; (2) pour faire respecter vos accords avec nous, y compris la pr\u00e9sente politique de confidentialit\u00e9 ; ou (3) pour r\u00e9pondre \u00e0 des r\u00e9clamations selon lesquelles votre utilisation du service viole les droits d&#8217;un tiers. Si le service ou notre soci\u00e9t\u00e9 fait l&#8217;objet d&#8217;une fusion ou d&#8217;une acquisition par une autre soci\u00e9t\u00e9, vos informations feront partie des actifs transf\u00e9r\u00e9s au nouveau propri\u00e9taire.<\/p>\n<h2 class=\"privacy-policy-h2\">Conservation de vos informations :<\/h2>\n<p class=\"privacy-policy-p\">Nous conserverons vos informations personnelles pendant 90 jours \u00e0 2 ans apr\u00e8s la r\u00e9siliation de votre compte ou aussi longtemps que n\u00e9cessaire pour atteindre les objectifs pour lesquels elles ont \u00e9t\u00e9 collect\u00e9es, comme d\u00e9taill\u00e9 dans la pr\u00e9sente politique de confidentialit\u00e9. Nous pouvons \u00eatre amen\u00e9s \u00e0 conserver certaines informations pendant des p\u00e9riodes plus longues, par exemple \u00e0 des fins d&#8217;archivage ou de reporting conform\u00e9ment \u00e0 la l\u00e9gislation applicable, ou pour d&#8217;autres raisons l\u00e9gitimes telles que l&#8217;application de droits l\u00e9gaux, la pr\u00e9vention de la fraude, etc. Les informations anonymes r\u00e9siduelles et les informations agr\u00e9g\u00e9es, qui ne permettent pas de vous identifier (directement ou indirectement), peuvent \u00eatre conserv\u00e9es ind\u00e9finiment.<\/p>\n<h2 class=\"privacy-policy-h2\">Vos droits :<\/h2>\n<p class=\"privacy-policy-p\">En fonction de la l\u00e9gislation applicable, vous pouvez avoir le droit d&#8217;acc\u00e9der \u00e0 vos donn\u00e9es personnelles, de les rectifier ou de les effacer, d&#8217;en recevoir une copie, de limiter ou de vous opposer au traitement actif de vos donn\u00e9es, de nous demander de partager (transf\u00e9rer) vos informations personnelles \u00e0 une autre entit\u00e9, de retirer tout consentement que vous nous avez donn\u00e9 pour traiter vos donn\u00e9es, de d\u00e9poser une plainte aupr\u00e8s d&#8217;une autorit\u00e9 statutaire et d&#8217;exercer tout autre droit pertinent en vertu des lois applicables. Pour exercer ces droits, vous pouvez nous \u00e9crire \u00e0 l&#8217;adresse &#x69;n&#x66;o&#x40;&#114;&#x65;&#116;t&#x65;r&#x64;&#101;&#x6e;&#116;&#x61;&#108;c&#x61;r&#x65;&#46;&#x63;&#111;&#x6d;. Nous r\u00e9pondrons \u00e0 votre demande conform\u00e9ment \u00e0 la l\u00e9gislation applicable.\n<\/p>\n<p class=\"privacy-policy-p\">Vous pouvez vous d\u00e9sabonner des communications de marketing direct ou du profilage que nous effectuons \u00e0 des fins de marketing en nous \u00e9crivant \u00e0 l&#8217;adresse &#x69;&#x6e;&#x66;&#111;&#64;re&#x74;&#x74;&#x65;&#x72;&#100;&#101;nt&#x61;&#x6c;&#x63;&#97;&#114;&#101;&#46;c&#x6f;&#x6d;.<\/p>\n<p class=\"privacy-policy-p\">Veuillez noter que si vous ne nous autorisez pas \u00e0 collecter ou \u00e0 traiter les informations personnelles requises ou si vous retirez votre consentement au traitement de ces informations aux fins requises, vous ne pourrez peut-\u00eatre pas acc\u00e9der ou utiliser les services pour lesquels vos informations ont \u00e9t\u00e9 demand\u00e9es.<\/p>\n<h2 class=\"privacy-policy-h2\">Cookies, etc.<\/h2>\n<p>Pour en savoir plus sur la mani\u00e8re dont nous utilisons ces technologies de suivi et sur vos choix \u00e0 cet \u00e9gard, veuillez consulter notre Politique en mati\u00e8re de cookies.<\/p>\n<h2 class=\"privacy-policy-h2\">S\u00e9curit\u00e9 :<\/h2>\n<p class=\"privacy-policy-p\">La s\u00e9curit\u00e9 de vos informations est importante pour nous et nous mettrons en \u0153uvre des mesures de s\u00e9curit\u00e9 raisonnables pour emp\u00eacher la perte, l&#8217;utilisation abusive ou la modification non autoris\u00e9e des informations que nous contr\u00f4lons. Cependant, compte tenu des risques inh\u00e9rents, nous ne pouvons garantir une s\u00e9curit\u00e9 absolue et, par cons\u00e9quent, nous ne pouvons assurer ni garantir la s\u00e9curit\u00e9 des informations que vous nous transmettez, et vous le faites \u00e0 vos propres risques.<\/p>\n<h2 class=\"privacy-policy-h2\">Liens vers des sites tiers et utilisation de vos informations :<\/h2>\n<p class=\"privacy-policy-p\">Notre service peut contenir des liens vers d&#8217;autres sites web qui ne sont pas g\u00e9r\u00e9s par nous. La pr\u00e9sente politique de confidentialit\u00e9 ne traite pas de la politique de confidentialit\u00e9 et des autres pratiques de tiers, y compris de tout tiers exploitant un site web ou un service accessible via un lien sur le service. Nous vous recommandons vivement de consulter la politique de confidentialit\u00e9 de chaque site que vous visitez. Nous n&#8217;avons aucun contr\u00f4le et n&#8217;assumons aucune responsabilit\u00e9 quant au contenu, aux politiques de confidentialit\u00e9 ou aux pratiques des sites ou services tiers.\n<\/p>\n<h2 class=\"privacy-policy-h2\">Responsable des plaintes \/ Protection des donn\u00e9es :<\/h2>\n<p class=\"privacy-policy-p\">Si vous avez des questions ou des pr\u00e9occupations concernant le traitement des informations dont nous disposons \u00e0 votre sujet, vous pouvez envoyer un courriel \u00e0 notre responsable des plaintes \u00e0 l&#8217;adresse suivante :<br \/>\nDr Jason Retter, propri\u00e9taire,<br \/>\n5165 Queen Mary Rd, Suite 305, Montr\u00e9al,<br \/>\ncourriel : &#x69;&#110;&#102;o&#x40;&#x72;&#101;t&#x74;&#x65;&#114;d&#x65;&#x6e;&#116;a&#x6c;&#x63;&#97;r&#x65;&#x2e;&#99;o&#x6d;.<br \/>\nNous traiterons vos pr\u00e9occupations conform\u00e9ment \u00e0 la loi applicable.<\/p>\n<p class=\"privacy-policy-p\">\n","protected":false},"excerpt":{"rendered":"<p>Politique d&#8217;utilisation des cookies Date d&#8217;entr\u00e9e en vigueur : 8 d\u00e9cembre 2025 Derni\u00e8re mise \u00e0 jour : 8 d\u00e9cembre 2025 [&hellip;]<\/p>\n","protected":false},"author":6,"featured_media":0,"parent":0,"menu_order":0,"comment_status":"closed","ping_status":"open","template":"","meta":{"footnotes":""},"class_list":["post-14866","page","type-page","status-publish","hentry"],"yoast_head":"<!-- This site is optimized with the Yoast SEO plugin v26.6 - https:\/\/yoast.com\/wordpress\/plugins\/seo\/ -->\n<title>Politique de confidentialit\u00e9 et d&#039;utilisation des cookies - Retter Dental Care<\/title>\n<meta name=\"robots\" content=\"index, follow, max-snippet:-1, max-image-preview:large, max-video-preview:-1\" \/>\n<link rel=\"canonical\" href=\"https:\/\/retterdentalcare.com\/fr\/politique-de-confidentialite-et-dutilisation-des-cookies\/\" \/>\n<meta property=\"og:locale\" content=\"fr_FR\" \/>\n<meta property=\"og:type\" content=\"article\" \/>\n<meta property=\"og:title\" content=\"Politique de confidentialit\u00e9 et d&#039;utilisation des cookies - Retter Dental Care\" \/>\n<meta property=\"og:description\" content=\"Politique d&#8217;utilisation des cookies Date d&#8217;entr\u00e9e en vigueur : 8 d\u00e9cembre 2025 Derni\u00e8re mise \u00e0 jour : 8 d\u00e9cembre 2025 [&hellip;]\" \/>\n<meta property=\"og:url\" content=\"https:\/\/retterdentalcare.com\/fr\/politique-de-confidentialite-et-dutilisation-des-cookies\/\" \/>\n<meta property=\"og:site_name\" content=\"Retter Dental Care\" \/>\n<meta name=\"twitter:card\" content=\"summary_large_image\" \/>\n<meta name=\"twitter:label1\" content=\"Dur\u00e9e de lecture estim\u00e9e\" \/>\n\t<meta name=\"twitter:data1\" content=\"6 minutes\" \/>\n<script type=\"application\/ld+json\" class=\"yoast-schema-graph\">{\"@context\":\"https:\/\/schema.org\",\"@graph\":[{\"@type\":\"WebPage\",\"@id\":\"https:\/\/retterdentalcare.com\/fr\/politique-de-confidentialite-et-dutilisation-des-cookies\/\",\"url\":\"https:\/\/retterdentalcare.com\/fr\/politique-de-confidentialite-et-dutilisation-des-cookies\/\",\"name\":\"Politique de confidentialit\u00e9 et d'utilisation des cookies - Retter Dental Care\",\"isPartOf\":{\"@id\":\"https:\/\/retterdentalcare.com\/#website\"},\"datePublished\":\"2025-12-23T19:45:15+00:00\",\"breadcrumb\":{\"@id\":\"https:\/\/retterdentalcare.com\/fr\/politique-de-confidentialite-et-dutilisation-des-cookies\/#breadcrumb\"},\"inLanguage\":\"fr-FR\",\"potentialAction\":[{\"@type\":\"ReadAction\",\"target\":[\"https:\/\/retterdentalcare.com\/fr\/politique-de-confidentialite-et-dutilisation-des-cookies\/\"]}]},{\"@type\":\"BreadcrumbList\",\"@id\":\"https:\/\/retterdentalcare.com\/fr\/politique-de-confidentialite-et-dutilisation-des-cookies\/#breadcrumb\",\"itemListElement\":[{\"@type\":\"ListItem\",\"position\":1,\"name\":\"Home\",\"item\":\"https:\/\/retterdentalcare.com\/fr\/\"},{\"@type\":\"ListItem\",\"position\":2,\"name\":\"Politique de confidentialit\u00e9 et d&#8217;utilisation des cookies\"}]},{\"@type\":\"WebSite\",\"@id\":\"https:\/\/retterdentalcare.com\/#website\",\"url\":\"https:\/\/retterdentalcare.com\/\",\"name\":\"Retter Dental Care\",\"description\":\"The Best Care In The Most Comfortable Environment\",\"potentialAction\":[{\"@type\":\"SearchAction\",\"target\":{\"@type\":\"EntryPoint\",\"urlTemplate\":\"https:\/\/retterdentalcare.com\/?s={search_term_string}\"},\"query-input\":{\"@type\":\"PropertyValueSpecification\",\"valueRequired\":true,\"valueName\":\"search_term_string\"}}],\"inLanguage\":\"fr-FR\"}]}<\/script>\n<!-- \/ Yoast SEO plugin. -->","yoast_head_json":{"title":"Politique de confidentialit\u00e9 et d'utilisation des cookies - Retter Dental Care","robots":{"index":"index","follow":"follow","max-snippet":"max-snippet:-1","max-image-preview":"max-image-preview:large","max-video-preview":"max-video-preview:-1"},"canonical":"https:\/\/retterdentalcare.com\/fr\/politique-de-confidentialite-et-dutilisation-des-cookies\/","og_locale":"fr_FR","og_type":"article","og_title":"Politique de confidentialit\u00e9 et d'utilisation des cookies - Retter Dental Care","og_description":"Politique d&#8217;utilisation des cookies Date d&#8217;entr\u00e9e en vigueur : 8 d\u00e9cembre 2025 Derni\u00e8re mise \u00e0 jour : 8 d\u00e9cembre 2025 [&hellip;]","og_url":"https:\/\/retterdentalcare.com\/fr\/politique-de-confidentialite-et-dutilisation-des-cookies\/","og_site_name":"Retter Dental Care","twitter_card":"summary_large_image","twitter_misc":{"Dur\u00e9e de lecture estim\u00e9e":"6 minutes"},"schema":{"@context":"https:\/\/schema.org","@graph":[{"@type":"WebPage","@id":"https:\/\/retterdentalcare.com\/fr\/politique-de-confidentialite-et-dutilisation-des-cookies\/","url":"https:\/\/retterdentalcare.com\/fr\/politique-de-confidentialite-et-dutilisation-des-cookies\/","name":"Politique de confidentialit\u00e9 et d'utilisation des cookies - Retter Dental Care","isPartOf":{"@id":"https:\/\/retterdentalcare.com\/#website"},"datePublished":"2025-12-23T19:45:15+00:00","breadcrumb":{"@id":"https:\/\/retterdentalcare.com\/fr\/politique-de-confidentialite-et-dutilisation-des-cookies\/#breadcrumb"},"inLanguage":"fr-FR","potentialAction":[{"@type":"ReadAction","target":["https:\/\/retterdentalcare.com\/fr\/politique-de-confidentialite-et-dutilisation-des-cookies\/"]}]},{"@type":"BreadcrumbList","@id":"https:\/\/retterdentalcare.com\/fr\/politique-de-confidentialite-et-dutilisation-des-cookies\/#breadcrumb","itemListElement":[{"@type":"ListItem","position":1,"name":"Home","item":"https:\/\/retterdentalcare.com\/fr\/"},{"@type":"ListItem","position":2,"name":"Politique de confidentialit\u00e9 et d&#8217;utilisation des cookies"}]},{"@type":"WebSite","@id":"https:\/\/retterdentalcare.com\/#website","url":"https:\/\/retterdentalcare.com\/","name":"Retter Dental Care","description":"The Best Care In The Most Comfortable Environment","potentialAction":[{"@type":"SearchAction","target":{"@type":"EntryPoint","urlTemplate":"https:\/\/retterdentalcare.com\/?s={search_term_string}"},"query-input":{"@type":"PropertyValueSpecification","valueRequired":true,"valueName":"search_term_string"}}],"inLanguage":"fr-FR"}]}},"_links":{"self":[{"href":"https:\/\/retterdentalcare.com\/fr\/wp-json\/wp\/v2\/pages\/14866","targetHints":{"allow":["GET"]}}],"collection":[{"href":"https:\/\/retterdentalcare.com\/fr\/wp-json\/wp\/v2\/pages"}],"about":[{"href":"https:\/\/retterdentalcare.com\/fr\/wp-json\/wp\/v2\/types\/page"}],"author":[{"embeddable":true,"href":"https:\/\/retterdentalcare.com\/fr\/wp-json\/wp\/v2\/users\/6"}],"replies":[{"embeddable":true,"href":"https:\/\/retterdentalcare.com\/fr\/wp-json\/wp\/v2\/comments?post=14866"}],"version-history":[{"count":0,"href":"https:\/\/retterdentalcare.com\/fr\/wp-json\/wp\/v2\/pages\/14866\/revisions"}],"wp:attachment":[{"href":"https:\/\/retterdentalcare.com\/fr\/wp-json\/wp\/v2\/media?parent=14866"}],"curies":[{"name":"wp","href":"https:\/\/api.w.org\/{rel}","templated":true}]}}