{"id":240,"date":"2018-06-18T13:25:32","date_gmt":"2018-06-18T12:25:32","guid":{"rendered":"http:\/\/localhost\/retter-dental-care\/preventive-care\/"},"modified":"2018-06-19T07:18:43","modified_gmt":"2018-06-19T06:18:43","slug":"soins-preventifs","status":"publish","type":"page","link":"https:\/\/retterdentalcare.com\/fr\/soins-preventifs\/","title":{"rendered":"Soins pr\u00e9ventifs"},"content":{"rendered":"<div class=\"quote\">&#8220;Votre sant\u00e9 dentaire passe par la pr\u00e9vention!&#8221;<\/div>\n<h2>De bonnes habitudes bucco-dentaires \u00e0 la maison<\/h2>\n<p>La meilleure chose que vous puissiez faire pour pr\u00e9server votre sant\u00e9 dentaire est de maintenir de bonnes habitudes. Concr\u00e8tement, vous devriez vous brosser les dents deux fois par jour et avoir recours \u00e0 la soie dentaire quotidiennement. La technique importe autant que la fr\u00e9quence. Nous passons beaucoup de temps \u00e0 la clinique \u00e0 vous enseigner les techniques \u00e0 privil\u00e9gier. Se gargariser avec de l&#8217;eau ou un rince-bouche peut \u00e9galement \u00eatre un atout int\u00e9ressant. Cependant, le rin\u00e7age ne remplace pas le brossage ou la soie dentaire. Vous maximiserez les bienfaits de vos proc\u00e9dures d&#8217;hygi\u00e8ne en respectant l&#8217;ordre que voici :<\/p>\n<ul>\n<li>Rin\u00e7age<\/li>\n<li>Soie dentaire<\/li>\n<li>Brossage<\/li>\n<\/ul>\n<p>Il nous fera grandement plaisir de vous expliquer pourquoi vous devriez opter pour cette s\u00e9quence. Il suffit simplement de nous le demander lors de votre prochaine visite!<\/p>\n<h2>L&#8217;assiduit\u00e9 \u00e0 vos examens p\u00e9riodiques<\/h2>\n<p>Afin d&#8217;\u00e9viter des proc\u00e9dures laborieuses et pour pr\u00e9server votre sant\u00e9 bucco-dentaire, nous recommandons des nettoyages professionnels et des examens de routine tous les six mois. Appliquer de telles mesures nous permet de d\u00e9tecter les maladies \u00e0 un stade pr\u00e9coce et de proposer des traitements interceptifs, lorsque requis. Une bouche en sant\u00e9 commence par les soins apport\u00e9s \u00e0 vos dents \u00e0 la maison!<\/p>\n<h2>Scellants dentaires<\/h2>\n<p>Le scellant dentaire prot\u00e8ge la surface de la dent sollicit\u00e9e lors de la mastication. Cette proc\u00e9dure est r\u00e9alis\u00e9e \u00e0 l&#8217;aide de r\u00e9sine dentaire que l&#8217;on applique sur la surface occlusale afin d&#8217;\u00e9viter l&#8217;infiltration de bact\u00e9ries et de particules alimentaires p\u00e9n\u00e9trant via les sillons pr\u00e9sents sur vos molaires. Ces sillons (appel\u00e9s puits ou fissures) sont alors scell\u00e9s afin de les rendre moins sensibles \u00e0 la carie. \u00c0 l&#8217;origine, le scellant dentaire \u00e9tait utilis\u00e9 par mesure pr\u00e9ventive chez les enfants et adolescents, soit les deux cat\u00e9gories d&#8217;\u00e2ge auxquelles nous sommes plus sujets \u00e0 la carie dentaire. Le scellant dentaire peut \u00e9galement s&#8217;av\u00e9rer une solution int\u00e9ressante pour les patients qui : souffrent de x\u00e9rostomie (d\u00e9ficit salivaire); suivent un traitement d&#8217;orthodontie; sont sujets \u00e0 la carie dentaire ou qui pr\u00e9sentent des sympt\u00f4mes \u00e9vidents.<\/p>\n<p>&nbsp;<\/p>\n<div class=\"videoWrapperISM\">\n<div class=\"video\"><script type=\"text\/javascript\">\n\t\t\t\tdocument.write(insertClipVzaar(\"18-scellant_dentaire\", rootFr, \"612\", \"344\", \"false\", \"s\", \"\"));\n\t\t\t<\/script><\/div>\n<\/div>\n<p>&nbsp;<\/p>\n<h2>Mainteneurs d&#8217;espace<\/h2>\n<p>Les mainteneurs d&#8217;espace sont des appareils faits sur mesure qui permettent de pr\u00e9server l&#8217;espace pour la dentition permanente. Le mainteneur d&#8217;espace est requis lorsqu&#8217;un enfant perd ses dents de fa\u00e7on pr\u00e9matur\u00e9e. L&#8217;appareil est con\u00e7u de mani\u00e8re \u00e0 emp\u00eacher le d\u00e9placement des dents adjacentes vers la zone \u00e9dent\u00e9e. Il sera maintenu en bouche jusqu&#8217;\u00e0 ce que la dent permanente \u00e9merge. Ce traitement pr\u00e9ventif est beaucoup plus simple qu&#8217;attendre pour \u00e9ventuellement avoir recours \u00e0 l&#8217;orthodontie.<\/p>\n<p>Une dent de lait reste g\u00e9n\u00e9ralement en place jusqu&#8217;\u00e0 ce que la dent permanente exerce une pression pour prendre la place de celle-ci. Malheureusement, certains enfants perdent leurs dents primaires de fa\u00e7on trop h\u00e2tive (une dent peut \u00eatre tomb\u00e9e suite \u00e0 un accident ou avoir \u00e9tait extraite \u00e0 cause d&#8217;une carie importante). Dans de tels cas de figure, un mainteneur d&#8217;espace peut \u00eatre n\u00e9cessaire pour pr\u00e9venir d&#8217;\u00e9ventuels probl\u00e8mes bucco-dentaires. En somme, le mainteneur d&#8217;espace favorise le d\u00e9veloppement normal des os et des muscles de la m\u00e2choire, en pr\u00e9servant l&#8217;espace pour les dents permanentes afin qu&#8217;elles poussent au bon endroit.<\/p>\n<div class=\"videoWrapperISM\">\n<div class=\"video\"><script type=\"text\/javascript\">\n\t\t\t\tdocument.write(insertClipVzaar(\"39-mainteneurs_espace\", rootFr, \"612\", \"344\", \"false\", \"s\", \"\"));\n\t\t\t<\/script><\/div>\n<\/div>\n<p>&nbsp;<\/p>\n<h2>Traitements au fluorure<\/h2>\n<h3>Qu&#8217;est-ce que le fluorure?<\/h3>\n<p>Le fluorure est un ion qui provient de l&#8217;\u00e9l\u00e9ment chimique appel\u00e9 fluor. Le fluorure peut \u00eatre appliqu\u00e9 de fa\u00e7on topique sur les dents qui ont d\u00e9j\u00e0 \u00e9merg\u00e9e ou il peut \u00eatre pris par voie orale (fluorure syst\u00e9mique) au moment de la croissance des dents. Il aide \u00e0 pr\u00e9venir la carie, \u00e0 renforcer l&#8217;\u00e9mail et \u00e0 contrer la formation de plaque dentaire. Le fluorure renforce \u00e9galement la structure de la dent et la rend plus r\u00e9sistante \u00e0 la carie. Il favorise aussi la <u>remin\u00e9ralisation<\/u>, processus qui permet de r\u00e9parer rapidement les dommages caus\u00e9s par la carie avant qu&#8217;ils ne deviennent apparents.<\/p>\n<h3>O\u00f9 peut-on trouver le fluorure?<\/h3>\n<p>Le fluorure est g\u00e9n\u00e9ralement ajout\u00e9 dans les dentifrices et parfois dans les rince-bouche. Pour les personnes sujettes \u00e0 la carie dentaire, des gels fluor\u00e9s peuvent \u00eatre appliqu\u00e9s de fa\u00e7on locale par le dentiste ou encore peuvent \u00eatre prescrits \u00e0 titre de mesure pr\u00e9ventive \u00e0 faire \u00e0 la maison.<\/p>\n<p>Le fluorure syst\u00e9mique peut \u00eatre ing\u00e9r\u00e9 de fa\u00e7on indirecte, soit en buvant l&#8217;eau du robinet. Certaines municipalit\u00e9s ajoutent le fluorure dans l&#8217;eau dans laquelle s&#8217;approvisionnent les citoyens, cependant, ce n&#8217;est pas le cas pour l&#8217;Ile de Montr\u00e9al.<\/p>\n<h3>Quels sont les risques associ\u00e9s \u00e0 l&#8217;utilisation du fluorure?<\/h3>\n<p>D&#8217;une mani\u00e8re g\u00e9n\u00e9rale, la consommation de fluorure ne nuit pas \u00e0 la sant\u00e9. Les risques qui s&#8217;y rattachent se limitent \u00e0 une utilisation abusive ou \u00e0 un mauvais usage. En cas de surconsommation de fluorure, vous risquez de d\u00e9velopper une fluorose dentaire, soit une affection qui colore les dents, le tout se pr\u00e9sentant sous forme de petites taches blanches. Pour l&#8217;\u00e9viter, il suffit de ne pas avaler de dentifrice ou autres produits d&#8217;hygi\u00e8ne dentaire. En outre, vous pouvez t\u00e9l\u00e9phoner \u00e0 votre municipalit\u00e9 et demander que votre appel soit transf\u00e9r\u00e9 au service des eaux ou de sant\u00e9 publiques pour conna\u00eetre la concentration de fluorure qui se trouve dans l&#8217;eau que vous ing\u00e9rez. Les enfants sont particuli\u00e8rement sujets \u00e0 la fluorose dentaire et sont de ce fait plus sensibles \u00e0 un niveau de fluorure \u00e9lev\u00e9. N&#8217;h\u00e9sitez pas \u00e0 consulter un dentiste p\u00e9diatrique ou autre professionnel dentaire si vous constatez un changement de coloration sur les dents de votre enfant.<\/p>\n","protected":false},"excerpt":{"rendered":"<p>De bonnes habitudes bucco-dentaires \u00e0 la maison La meilleure chose que vous puissiez faire pour pr\u00e9server votre sant\u00e9 dentaire est [&hellip;]<\/p>\n","protected":false},"author":1,"featured_media":45,"parent":0,"menu_order":0,"comment_status":"closed","ping_status":"closed","template":"","meta":{"footnotes":""},"class_list":["post-240","page","type-page","status-publish","has-post-thumbnail","hentry"],"yoast_head":"<!-- This site is optimized with the Yoast SEO plugin v26.6 - https:\/\/yoast.com\/wordpress\/plugins\/seo\/ -->\n<title>Soins pr\u00e9ventifs - Retter Dental Care<\/title>\n<meta name=\"robots\" content=\"index, follow, max-snippet:-1, max-image-preview:large, max-video-preview:-1\" \/>\n<link rel=\"canonical\" href=\"https:\/\/retterdentalcare.com\/fr\/soins-preventifs\/\" \/>\n<meta property=\"og:locale\" content=\"fr_FR\" \/>\n<meta property=\"og:type\" content=\"article\" \/>\n<meta property=\"og:title\" content=\"Soins pr\u00e9ventifs - Retter Dental Care\" \/>\n<meta property=\"og:description\" content=\"De bonnes habitudes bucco-dentaires \u00e0 la maison La meilleure chose que vous puissiez faire pour pr\u00e9server votre sant\u00e9 dentaire est [&hellip;]\" \/>\n<meta property=\"og:url\" content=\"https:\/\/retterdentalcare.com\/fr\/soins-preventifs\/\" \/>\n<meta property=\"og:site_name\" content=\"Retter Dental Care\" \/>\n<meta property=\"article:modified_time\" content=\"2018-06-19T06:18:43+00:00\" \/>\n<meta property=\"og:image\" content=\"https:\/\/retterdentalcare.com\/wp-content\/uploads\/2018\/06\/image-dentistry-31.jpg\" \/>\n\t<meta property=\"og:image:width\" content=\"1000\" \/>\n\t<meta property=\"og:image:height\" content=\"900\" \/>\n\t<meta property=\"og:image:type\" content=\"image\/jpeg\" \/>\n<meta name=\"twitter:card\" content=\"summary_large_image\" \/>\n<meta name=\"twitter:label1\" content=\"Dur\u00e9e de lecture estim\u00e9e\" \/>\n\t<meta name=\"twitter:data1\" content=\"5 minutes\" \/>\n<script type=\"application\/ld+json\" class=\"yoast-schema-graph\">{\"@context\":\"https:\/\/schema.org\",\"@graph\":[{\"@type\":\"WebPage\",\"@id\":\"https:\/\/retterdentalcare.com\/fr\/soins-preventifs\/\",\"url\":\"https:\/\/retterdentalcare.com\/fr\/soins-preventifs\/\",\"name\":\"Soins pr\u00e9ventifs - Retter Dental Care\",\"isPartOf\":{\"@id\":\"https:\/\/retterdentalcare.com\/#website\"},\"primaryImageOfPage\":{\"@id\":\"https:\/\/retterdentalcare.com\/fr\/soins-preventifs\/#primaryimage\"},\"image\":{\"@id\":\"https:\/\/retterdentalcare.com\/fr\/soins-preventifs\/#primaryimage\"},\"thumbnailUrl\":\"https:\/\/retterdentalcare.com\/wp-content\/uploads\/2018\/06\/image-dentistry-31.jpg\",\"datePublished\":\"2018-06-18T12:25:32+00:00\",\"dateModified\":\"2018-06-19T06:18:43+00:00\",\"breadcrumb\":{\"@id\":\"https:\/\/retterdentalcare.com\/fr\/soins-preventifs\/#breadcrumb\"},\"inLanguage\":\"fr-FR\",\"potentialAction\":[{\"@type\":\"ReadAction\",\"target\":[\"https:\/\/retterdentalcare.com\/fr\/soins-preventifs\/\"]}]},{\"@type\":\"ImageObject\",\"inLanguage\":\"fr-FR\",\"@id\":\"https:\/\/retterdentalcare.com\/fr\/soins-preventifs\/#primaryimage\",\"url\":\"https:\/\/retterdentalcare.com\/wp-content\/uploads\/2018\/06\/image-dentistry-31.jpg\",\"contentUrl\":\"https:\/\/retterdentalcare.com\/wp-content\/uploads\/2018\/06\/image-dentistry-31.jpg\",\"width\":\"1000\",\"height\":\"900\"},{\"@type\":\"BreadcrumbList\",\"@id\":\"https:\/\/retterdentalcare.com\/fr\/soins-preventifs\/#breadcrumb\",\"itemListElement\":[{\"@type\":\"ListItem\",\"position\":1,\"name\":\"Home\",\"item\":\"https:\/\/retterdentalcare.com\/fr\/\"},{\"@type\":\"ListItem\",\"position\":2,\"name\":\"Soins pr\u00e9ventifs\"}]},{\"@type\":\"WebSite\",\"@id\":\"https:\/\/retterdentalcare.com\/#website\",\"url\":\"https:\/\/retterdentalcare.com\/\",\"name\":\"Retter Dental Care\",\"description\":\"The Best Care In The Most Comfortable Environment\",\"potentialAction\":[{\"@type\":\"SearchAction\",\"target\":{\"@type\":\"EntryPoint\",\"urlTemplate\":\"https:\/\/retterdentalcare.com\/?s={search_term_string}\"},\"query-input\":{\"@type\":\"PropertyValueSpecification\",\"valueRequired\":true,\"valueName\":\"search_term_string\"}}],\"inLanguage\":\"fr-FR\"}]}<\/script>\n<!-- \/ Yoast SEO plugin. -->","yoast_head_json":{"title":"Soins pr\u00e9ventifs - Retter Dental Care","robots":{"index":"index","follow":"follow","max-snippet":"max-snippet:-1","max-image-preview":"max-image-preview:large","max-video-preview":"max-video-preview:-1"},"canonical":"https:\/\/retterdentalcare.com\/fr\/soins-preventifs\/","og_locale":"fr_FR","og_type":"article","og_title":"Soins pr\u00e9ventifs - Retter Dental Care","og_description":"De bonnes habitudes bucco-dentaires \u00e0 la maison La meilleure chose que vous puissiez faire pour pr\u00e9server votre sant\u00e9 dentaire est [&hellip;]","og_url":"https:\/\/retterdentalcare.com\/fr\/soins-preventifs\/","og_site_name":"Retter Dental Care","article_modified_time":"2018-06-19T06:18:43+00:00","og_image":[{"width":1000,"height":900,"url":"https:\/\/retterdentalcare.com\/wp-content\/uploads\/2018\/06\/image-dentistry-31.jpg","type":"image\/jpeg"}],"twitter_card":"summary_large_image","twitter_misc":{"Dur\u00e9e de lecture estim\u00e9e":"5 minutes"},"schema":{"@context":"https:\/\/schema.org","@graph":[{"@type":"WebPage","@id":"https:\/\/retterdentalcare.com\/fr\/soins-preventifs\/","url":"https:\/\/retterdentalcare.com\/fr\/soins-preventifs\/","name":"Soins pr\u00e9ventifs - Retter Dental Care","isPartOf":{"@id":"https:\/\/retterdentalcare.com\/#website"},"primaryImageOfPage":{"@id":"https:\/\/retterdentalcare.com\/fr\/soins-preventifs\/#primaryimage"},"image":{"@id":"https:\/\/retterdentalcare.com\/fr\/soins-preventifs\/#primaryimage"},"thumbnailUrl":"https:\/\/retterdentalcare.com\/wp-content\/uploads\/2018\/06\/image-dentistry-31.jpg","datePublished":"2018-06-18T12:25:32+00:00","dateModified":"2018-06-19T06:18:43+00:00","breadcrumb":{"@id":"https:\/\/retterdentalcare.com\/fr\/soins-preventifs\/#breadcrumb"},"inLanguage":"fr-FR","potentialAction":[{"@type":"ReadAction","target":["https:\/\/retterdentalcare.com\/fr\/soins-preventifs\/"]}]},{"@type":"ImageObject","inLanguage":"fr-FR","@id":"https:\/\/retterdentalcare.com\/fr\/soins-preventifs\/#primaryimage","url":"https:\/\/retterdentalcare.com\/wp-content\/uploads\/2018\/06\/image-dentistry-31.jpg","contentUrl":"https:\/\/retterdentalcare.com\/wp-content\/uploads\/2018\/06\/image-dentistry-31.jpg","width":"1000","height":"900"},{"@type":"BreadcrumbList","@id":"https:\/\/retterdentalcare.com\/fr\/soins-preventifs\/#breadcrumb","itemListElement":[{"@type":"ListItem","position":1,"name":"Home","item":"https:\/\/retterdentalcare.com\/fr\/"},{"@type":"ListItem","position":2,"name":"Soins pr\u00e9ventifs"}]},{"@type":"WebSite","@id":"https:\/\/retterdentalcare.com\/#website","url":"https:\/\/retterdentalcare.com\/","name":"Retter Dental Care","description":"The Best Care In The Most Comfortable Environment","potentialAction":[{"@type":"SearchAction","target":{"@type":"EntryPoint","urlTemplate":"https:\/\/retterdentalcare.com\/?s={search_term_string}"},"query-input":{"@type":"PropertyValueSpecification","valueRequired":true,"valueName":"search_term_string"}}],"inLanguage":"fr-FR"}]}},"_links":{"self":[{"href":"https:\/\/retterdentalcare.com\/fr\/wp-json\/wp\/v2\/pages\/240","targetHints":{"allow":["GET"]}}],"collection":[{"href":"https:\/\/retterdentalcare.com\/fr\/wp-json\/wp\/v2\/pages"}],"about":[{"href":"https:\/\/retterdentalcare.com\/fr\/wp-json\/wp\/v2\/types\/page"}],"author":[{"embeddable":true,"href":"https:\/\/retterdentalcare.com\/fr\/wp-json\/wp\/v2\/users\/1"}],"replies":[{"embeddable":true,"href":"https:\/\/retterdentalcare.com\/fr\/wp-json\/wp\/v2\/comments?post=240"}],"version-history":[{"count":0,"href":"https:\/\/retterdentalcare.com\/fr\/wp-json\/wp\/v2\/pages\/240\/revisions"}],"wp:featuredmedia":[{"embeddable":true,"href":"https:\/\/retterdentalcare.com\/fr\/wp-json\/wp\/v2\/media\/45"}],"wp:attachment":[{"href":"https:\/\/retterdentalcare.com\/fr\/wp-json\/wp\/v2\/media?parent=240"}],"curies":[{"name":"wp","href":"https:\/\/api.w.org\/{rel}","templated":true}]}}