{"id":246,"date":"2018-06-18T14:22:02","date_gmt":"2018-06-18T13:22:02","guid":{"rendered":"http:\/\/localhost\/retter-dental-care\/periodontal-care\/"},"modified":"2018-06-19T07:35:37","modified_gmt":"2018-06-19T06:35:37","slug":"soins-parodontaux","status":"publish","type":"page","link":"https:\/\/retterdentalcare.com\/fr\/soins-parodontaux\/","title":{"rendered":"Soins parodontaux"},"content":{"rendered":"<div><div class=\"quote\">Avoir une bouche en sant\u00e9 est crucial pour votre bien-\u00eatre g\u00e9n\u00e9ral!<\/div><\/div>\n<h2>Comprendre la sant\u00e9 et les maladies gingivales<\/h2>\n<p>Pour mieux comprendre les maladies parodontales et les traitements qui s&#8217;y rattachent, vous devez d&#8217;abord avoir certaines notions d&#8217;anatomie sur la structure de soutien des dents. Le mot \u00ab parodontal \u00bb signifie litt\u00e9ralement \u00ab autour de la dent \u00bb. De ce fait, toutes les structures qui les entourent sont appel\u00e9es parodonte.<\/p>\n<p><b>Ceci inclut:<\/b><\/p>\n<ul type=\"disc\">\n<li>Le ligament parodontal, lequel relie la racine de la dent \u00e0 l&#8217;os interdentaire.<\/li>\n<li>Le tissu gingival, qui couvre l&#8217;os et ceint la base de la dent, tel un collier.<\/li>\n<li>L&#8217;os alv\u00e9olaire, soit l&#8217;os qui entoure et maintient la dent sur l&#8217;arcade dentaire.<\/li>\n<\/ul>\n<p>Les maladies gingivales (parodontales) guettent toutes personnes \u00e2g\u00e9es de plus de 30 ans et leurs complications ne se limitent gu\u00e8re \u00e0 la sant\u00e9 bucco-dentaire. Cette affection est sournoise puisqu&#8217;elle n&#8217;occasionne aucune douleur et presqu&#8217;aucun sympt\u00f4me, ce qui ne l&#8217;emp\u00eache toutefois pas de ronger progressivement l&#8217;os de soutien des dents. Au fur et \u00e0 mesure que la r\u00e9sorption osseuse progresse, les dents deviennent de moins en moins solidement ancr\u00e9es \u00e0 l&#8217;os, le tout pouvant se conclure par la perte de celles-ci.<\/p>\n<p>De plus, comme ce type d&#8217;infection \u00e9volue lentement, les bact\u00e9ries se trouvant dans vos gencives peuvent s&#8217;infiltrer \u00e0 l&#8217;int\u00e9rieur de vos vaisseaux sanguins et causer des dommages \u00e0 d&#8217;autres organes (ex. : c\u0153ur, foie, etc.). Il a d&#8217;ailleurs \u00e9t\u00e9 prouv\u00e9 que le fait de souffrir d&#8217;une affection gingivale chronique accro\u00eet le risque de crise cardiaque, d&#8217;AVC et de diab\u00e8te. De plus, de nombreuses \u00e9tudes associent les maladies gingivales chroniques \u00e0 un risque plus \u00e9lev\u00e9 de maladies cardiovasculaires de complications pendant la grossesse. Bien entendu, la recherche ne cessant d&#8217;\u00e9voluer, notre apprentissage sur les effets que la parodontite peut avoir sur notre sant\u00e9 globale est intarissable. En d\u00e9finitive, il faut se rappeler qu&#8217;avoir une bouche exempte d&#8217;affection est essentiel pour jouir d&#8217;une sant\u00e9 florissante.<\/p>\n<h2>Les \u00e9tapes de la maladie gingivale<\/h2>\n<p>Il existe deux principales maladies qui affectent les gencives:<\/p>\n<ul>\n<li>La gingivite<\/li>\n<li>La parodontite<\/li>\n<\/ul>\n<p>&nbsp;<\/p>\n<div style=\"position: relative; padding-bottom: 56.25%; padding-top: 30px; height: 0; width: 100%; overflow: hidden; margin-bottom: 1.677em;\"><iframe loading=\"lazy\" style=\"position: absolute; top: 0; left: 0;\" src=\"\/\/www.speareducation.com\/patient-education\/embed\/id\/537\/dr\/717\/key\/441035f52b8e544b57aca3be052de06288d44ac374c0517155e54cf38d6ce89f\" width=\"100%\" height=\"100%\" frameborder=\"no\" scrolling=\"no\"><\/iframe><\/div>\n<p>&nbsp;<\/p>\n<p>La gingivite se caract\u00e9rise par de l&#8217;inflammation, un gonflement et des saignements au niveau des gencives. Elle survient g\u00e9n\u00e9ralement en cas d&#8217;hygi\u00e8ne bucco-dentaire inad\u00e9quate. La gingivite se gu\u00e9rit assez facilement. Il suffit simplement de maintenir une bonne hygi\u00e8ne dentaire \u00e0 la maison et d&#8217;\u00eatre assidu aux examens et nettoyages p\u00e9riodiques chez le dentiste.<\/p>\n<p>\u00c0 un stade plus avanc\u00e9 de la maladie, les toxines bact\u00e9riennes contenues \u00e0 l&#8217;int\u00e9rieur de vos gencives (ainsi que dans votre syst\u00e8me immunitaire) peuvent entra\u00eener la r\u00e9sorption de l&#8217;os de soutien des dents.<\/p>\n<p>&nbsp;<\/p>\n<p>&nbsp;<\/p>\n<div style=\"position: relative; padding-bottom: 56.25%; padding-top: 30px; height: 0; width: 100%; overflow: hidden; margin-bottom: 1.677em;\"><iframe loading=\"lazy\" style=\"position: absolute; top: 0; left: 0;\" src=\"\/\/www.speareducation.com\/patient-education\/embed\/id\/503\/dr\/717\/key\/f53575bda053e438226497b93b8033c076e48c75317e695f20a60f32709084d2\" width=\"100%\" height=\"100%\" frameborder=\"no\" scrolling=\"no\"><\/iframe><\/div>\n<p>Lorsque le processus de r\u00e9sorption osseuse est enclench\u00e9, cela implique que la gingivite s&#8217;est transform\u00e9e en parodontite. Plus vous attendrez avant de la traiter, plus les soins seront complexes, ce qui se conclut par un moins bon pronostic. La parodontite am\u00e8ne la formation de poches parodontales (espace entre la dent et la gencive occasionn\u00e9 par la perte osseuse). Plus la maladie progresse, plus les poches prennent de l&#8217;ampleur et plus les tissus gingivaux et les dents se d\u00e9t\u00e9riorent. Bien souvent \u00e0 ce stade-ci, vous verrez appara\u00eetre des sympt\u00f4mes tels qu&#8217;un go\u00fbt \u00e9trange dans la bouche, l&#8217;halitose (mauvaise haleine) et dans les cas les plus s\u00e9v\u00e8res, un abc\u00e8s. Ultimement, les dents peuvent se d\u00e9chausser pour \u00e9ventuellement tomber.<\/p>\n<h2>Pr\u00e9vention<\/h2>\n<p>Les complications li\u00e9es aux maladies des gencives peuvent facilement \u00eatre \u00e9vit\u00e9es par un d\u00e9pistage pr\u00e9coce et par une hygi\u00e8ne dentaire appropri\u00e9e. Se brosser les dents deux fois par jour contribue \u00e0 enlever les biofilms bact\u00e9riens, lesquels lib\u00e8rent des toxines nocives dans la bouche. De plus, pour \u00e9liminer un maximum de bact\u00e9ries, n&#8217;oubliez pas d&#8217;avoir quotidiennement recours \u00e0 la soie dentaire pour d\u00e9loger les particules alimentaires prises entre vos dents. L&#8217;utilisation d&#8217;un rince-bouche aide \u00e9galement \u00e0 r\u00e9duire le nombre de bact\u00e9ries contenues dans votre salive. Aussi, il va sans dire qu&#8217;avoir un r\u00e9gime alimentaire \u00e9quilibr\u00e9, tout comme planifier r\u00e9guli\u00e8rement des rendez-vous chez le dentiste, aide consid\u00e9rablement \u00e0 cesser la progression de la maladie gingivale. Ainsi, vous resterez en bonne sant\u00e9 et arborerez un sourire \u00e9clatant!<\/p>\n<h2>Traitement parodontal non chirurgical<\/h2>\n<p>&nbsp;<\/p>\n<div style=\"position: relative; padding-bottom: 56.25%; padding-top: 30px; height: 0; width: 100%; overflow: hidden; margin-bottom: 1.677em;\"><iframe loading=\"lazy\" style=\"position: absolute; top: 0; left: 0;\" src=\"\/\/www.speareducation.com\/patient-education\/embed\/id\/528\/dr\/717\/key\/86e478a8d3003dfa9cdebd6126c575fd386763752e759aa687e36b78b4f2bf98\" width=\"100%\" height=\"100%\" frameborder=\"no\" scrolling=\"no\"><\/iframe><\/div>\n<p>&nbsp;<\/p>\n<p>La premi\u00e8re \u00e9tape pour avoir des gencives saines, c&#8217;est de respecter l&#8217;\u00e9ch\u00e9ancier fix\u00e9 par votre dentiste quant aux nettoyages professionnels et de maintenir une bonne hygi\u00e8ne bucco-dentaire \u00e0 la maison. Une parodontite d\u00e9cel\u00e9e \u00e0 un stade pr\u00e9coce peut facilement \u00eatre trait\u00e9e par un d\u00e9tartrage et un surfa\u00e7age radiculaire. Ces proc\u00e9dures permettent de nettoyer en profondeur les surfaces radiculaires et d&#8217;enlever le tartre sous les gencives. Parall\u00e8lement, nous utilisons aussi un laser pour \u00e9radiquer le plus de bact\u00e9ries possible \u00e0 l&#8217;int\u00e9rieur des poches parodontales.<\/p>\n<p>En g\u00e9n\u00e9ral, lorsque la parodontite est \u00e0 un stade pr\u00e9coce ou mod\u00e9r\u00e9 aucun traitement actif n&#8217;est requis ult\u00e9rieurement. Cependant, la parodontite est un type d&#8217;affection qui n\u00e9cessite un minimum de soins. Par cons\u00e9quent, tous les patients qui ont \u00e9t\u00e9 \u00e9prouv\u00e9s par ce type d&#8217;affection doivent prendre un engagement avec le professionnel dentaire, soit adopter de bonnes habitudes d&#8217;hygi\u00e8ne dentaire \u00e0 la maison et respecter la fr\u00e9quence annuelle des nettoyages professionnels qui lui a \u00e9t\u00e9 prescrite. Le traitement non chirurgical a toutefois ses limites, de sorte que si la sant\u00e9 parodontale n&#8217;est pas enti\u00e8rement recouvr\u00e9e une intervention chirurgicale sera recommand\u00e9e.<\/p>\n<p>&nbsp;<\/p>\n<h2>Traitement parodontal chirurgical<\/h2>\n<p>Lorsque la maladie gingivale a \u00e9volu\u00e9 au point que le patient n&#8217;est plus en mesure de nettoyer ad\u00e9quatement ses gencives ou encore lorsque le d\u00e9tartrage et le surfa\u00e7age radiculaire n&#8217;arrivent gu\u00e8re \u00e0 enrayer l&#8217;affection parodontale, la chirurgie peut \u00eatre de mise. <b>Les proc\u00e9dures chirurgicales les plus couramment utilis\u00e9es dans ces cas sont\u00a0:<\/b><\/p>\n<ul type=\"disc\">\n<li>La r\u00e9duction de la poche parodontale<\/li>\n<li>La r\u00e9g\u00e9n\u00e9ration tissulaire guid\u00e9e<\/li>\n<\/ul>\n<h3>La r\u00e9duction de la poche parodontale:<\/h3>\n<p>L&#8217;objectif de cette chirurgie est de r\u00e9duire ou d&#8217;enrayer compl\u00e8tement la poche parodontale qui a \u00e9t\u00e9 cr\u00e9\u00e9e suite \u00e0 la r\u00e9sorption osseuse. La proc\u00e9dure consiste d&#8217;abord \u00e0 nettoyer la zone infect\u00e9e, pour ensuite repositionner la gencive sur l&#8217;os. Bien souvent, selon la nature de l&#8217;affection gingivale, l&#8217;os ayant \u00e9t\u00e9 grug\u00e9 par les bact\u00e9ries a besoin d&#8217;\u00eatre renivel\u00e9 pour permettre \u00e0 la gencive de reposer ad\u00e9quatement sur l&#8217;os. Bien que la r\u00e9duction de la poche parodontale permette de traiter vos gencives et de recouvrer la sant\u00e9, il importe de bien comprendre que la maladie risque toujours de refaire surface. De ce fait, il est imp\u00e9ratif d&#8217;adopter de bonnes habitudes tant sur le plan de l&#8217;hygi\u00e8ne bucco-dentaire \u00e0 la maison que pour les suivis et nettoyages r\u00e9guliers \u00e0 la clinique. Autrement, le risque de r\u00e9cidive est tr\u00e8s \u00e9lev\u00e9.<\/p>\n<h3>La r\u00e9g\u00e9n\u00e9ration tissulaire guid\u00e9e<\/h3>\n<p>Dans certains cas, selon la fa\u00e7on dont l&#8217;os s&#8217;est r\u00e9sorb\u00e9, nous pouvons recourir \u00e0 la r\u00e9g\u00e9n\u00e9ration tissulaire. Par le biais de la greffe, nous sommes en mesure de stimuler la croissance de l&#8217;os et du ligament parodontal. Cette proc\u00e9dure est plus r\u00e9cente que la technique de r\u00e9duction de la poche parodontale. Lorsqu&#8217;il est possible de proc\u00e9der \u00e0 une telle intervention, le pronostic est plus favorable que la technique de r\u00e9duction. Lorsque la situation le permet, la parodontie moderne pr\u00e9conise d&#8217;avoir recours aux deux chirurgies pour obtenir un r\u00e9sultat optimal.<\/p>\n<h2>Suivis<\/h2>\n<p>Les suivis sont excessivement importants pour pr\u00e9server la sant\u00e9 de vos dents et\u00a0 gencives. Nous d\u00e9terminerons la fr\u00e9quence de vos visites en clinique en fonction de la s\u00e9v\u00e9rit\u00e9 de votre probl\u00e8me. D&#8217;une mani\u00e8re g\u00e9n\u00e9rale, nous proposons une consultation tous les trois ou quatre mois.<\/p>\n<h2>Greffe gingivale \/ Chirurgie gingivale pour des fins esth\u00e9tiques<\/h2>\n<p>La r\u00e9cession gingivale est un ph\u00e9nom\u00e8ne multifactoriel. Elle a d&#8217;abord une origine g\u00e9n\u00e9tique, mais elle est accrue par des facteurs externes comme les maladies gingivales, l&#8217;\u00e9rosion par l&#8217;acide, le grincement des dents et un r\u00e9gime alimentaire abrasif. La r\u00e9cession gingivale se reconna\u00eet par la visibilit\u00e9 des racines et des dents qui paraissent plus longues. Les patients qui ont une racine expos\u00e9e sont particuli\u00e8rement sensibles au contact du froid. La r\u00e9cession peut aussi devenir inesth\u00e9tique si votre racine devient visible lorsque vous souriez.<\/p>\n<p>&nbsp;<\/p>\n<div style=\"position: relative; padding-bottom: 56.25%; padding-top: 30px; height: 0; width: 100%; overflow: hidden; margin-bottom: 1.677em;\"><iframe loading=\"lazy\" style=\"position: absolute; top: 0; left: 0;\" src=\"\/\/www.speareducation.com\/patient-education\/embed\/id\/526\/dr\/717\/key\/83f7d0c498a3330aad71e84905f7ce9110e9d8c69ac23522222989d464b8ec25\" width=\"100%\" height=\"100%\" frameborder=\"no\" scrolling=\"no\"><\/iframe><\/div>\n<p>&nbsp;<\/p>\n<p><b>Voici quelques raisons expliquant pourquoi la r\u00e9cession gingivale doit \u00eatre trait\u00e9e:<\/b><\/p>\n<ul type=\"disc\">\n<li>La gencive est tellement \u00e9rod\u00e9e que la dent affect\u00e9e ne b\u00e9n\u00e9ficie plus de protection<\/li>\n<li>La racine expos\u00e9e cause de la sensibilit\u00e9 au froid<\/li>\n<li>Le patient n&#8217;aime pas l&#8217;apparence de ses dents lorsqu&#8217;il sourit<\/li>\n<li>La r\u00e9cession a occasionn\u00e9 une inflammation telle que le patient ne peut d\u00e9sormais plus se nettoyer les gencives de fa\u00e7on ad\u00e9quate<\/li>\n<li>Un traitement d&#8217;orthodontie est pr\u00e9vu et le patient semble pr\u00e9dispos\u00e9 \u00e0 la r\u00e9cession gingivale<\/li>\n<\/ul>\n<p><b>Dans tous ces cas de figure, les modalit\u00e9s de traitement demeurent identiques\u00a0: la greffe. Une chirurgie des gencives implique d&#8217;abord un pr\u00e9l\u00e8vement de tissus chez un donneur pour ensuite les fixer sur le site affect\u00e9 par la r\u00e9sorption. Il existe deux sources \u00e0 partir desquelles il est possible de pr\u00e9lever les tissus.<\/b><\/p>\n<ul type=\"disc\">\n<li>Les tissus du patient lui-m\u00eame (g\u00e9n\u00e9ralement le palais)<\/li>\n<li>Un donneur externe (matrice dermique acellulaire\u00a0: Alloderm)<\/li>\n<\/ul>\n<p>Les deux techniques comportent des avantages et des inconv\u00e9nients. Il nous fera plaisir de discuter avec vous de ces deux diff\u00e9rentes options!<\/p>\n<p>&nbsp;<\/p>\n<div class=\"videoWrapperISM\">\n<div class=\"video\"><script type=\"text\/javascript\">\n\t\t\t\tdocument.write(insertClipVzaar(\"44-greffe_alloderm\", rootFr, \"612\", \"344\", \"false\", \"s\", \"\"));\n\t\t\t<\/script><\/div>\n<\/div>\n<p>&nbsp;<\/p>\n<h2>Allongement de la couronne<\/h2>\n<p>Un allongement de couronne est effectu\u00e9 lorsqu&#8217;une dent doit \u00eatre restaur\u00e9e, mais que la taille de la dent est trop petite pour supporter la couronne ou l&#8217;obturation. Il peut s&#8217;agir d&#8217;une dent qui s&#8217;est fractur\u00e9e \u00e0 proximit\u00e9 de la jonction de la gencive et de la dent ou encore d&#8217;une couronne ou obturation qui a tomb\u00e9 et dont la dent dissimulait une carie importante sous la restauration. En vue de restaurer la dent, les gencives et l&#8217;os doivent \u00eatre enlev\u00e9s. Ainsi, nous avons davantage acc\u00e8s \u00e0 la structure de la dent au-dessus de la ligne de gencive, ce qui nous permet de restaurer la dent comme il se doit.<\/p>\n<p>&nbsp;<\/p>\n","protected":false},"excerpt":{"rendered":"<p>Comprendre la sant\u00e9 et les maladies gingivales Pour mieux comprendre les maladies parodontales et les traitements qui s&#8217;y rattachent, vous [&hellip;]<\/p>\n","protected":false},"author":1,"featured_media":71,"parent":0,"menu_order":0,"comment_status":"closed","ping_status":"closed","template":"","meta":{"footnotes":""},"class_list":["post-246","page","type-page","status-publish","has-post-thumbnail","hentry"],"yoast_head":"<!-- This site is optimized with the Yoast SEO plugin v26.6 - https:\/\/yoast.com\/wordpress\/plugins\/seo\/ -->\n<title>Soins parodontaux - Retter Dental Care<\/title>\n<meta name=\"robots\" content=\"index, follow, max-snippet:-1, max-image-preview:large, max-video-preview:-1\" \/>\n<link rel=\"canonical\" href=\"https:\/\/retterdentalcare.com\/periodontal-care\/\" \/>\n<meta property=\"og:locale\" content=\"fr_FR\" \/>\n<meta property=\"og:type\" content=\"article\" \/>\n<meta property=\"og:title\" content=\"Soins parodontaux - Retter Dental Care\" \/>\n<meta property=\"og:description\" content=\"Comprendre la sant\u00e9 et les maladies gingivales Pour mieux comprendre les maladies parodontales et les traitements qui s&#8217;y rattachent, vous [&hellip;]\" \/>\n<meta property=\"og:url\" content=\"https:\/\/retterdentalcare.com\/periodontal-care\/\" \/>\n<meta property=\"og:site_name\" content=\"Retter Dental Care\" \/>\n<meta property=\"article:modified_time\" content=\"2018-06-19T06:35:37+00:00\" \/>\n<meta property=\"og:image\" content=\"https:\/\/retterdentalcare.com\/wp-content\/uploads\/2018\/06\/image-dentistry-32-1.jpg\" \/>\n\t<meta property=\"og:image:width\" content=\"1000\" \/>\n\t<meta property=\"og:image:height\" content=\"900\" \/>\n\t<meta property=\"og:image:type\" content=\"image\/jpeg\" \/>\n<meta name=\"twitter:card\" content=\"summary_large_image\" \/>\n<meta name=\"twitter:label1\" content=\"Dur\u00e9e de lecture estim\u00e9e\" \/>\n\t<meta name=\"twitter:data1\" content=\"9 minutes\" \/>\n<script type=\"application\/ld+json\" class=\"yoast-schema-graph\">{\"@context\":\"https:\/\/schema.org\",\"@graph\":[{\"@type\":\"WebPage\",\"@id\":\"https:\/\/retterdentalcare.com\/periodontal-care\/\",\"url\":\"https:\/\/retterdentalcare.com\/periodontal-care\/\",\"name\":\"Soins parodontaux - Retter Dental Care\",\"isPartOf\":{\"@id\":\"https:\/\/retterdentalcare.com\/#website\"},\"primaryImageOfPage\":{\"@id\":\"https:\/\/retterdentalcare.com\/periodontal-care\/#primaryimage\"},\"image\":{\"@id\":\"https:\/\/retterdentalcare.com\/periodontal-care\/#primaryimage\"},\"thumbnailUrl\":\"https:\/\/retterdentalcare.com\/wp-content\/uploads\/2018\/06\/image-dentistry-32-1.jpg\",\"datePublished\":\"2018-06-18T13:22:02+00:00\",\"dateModified\":\"2018-06-19T06:35:37+00:00\",\"breadcrumb\":{\"@id\":\"https:\/\/retterdentalcare.com\/periodontal-care\/#breadcrumb\"},\"inLanguage\":\"fr-FR\",\"potentialAction\":[{\"@type\":\"ReadAction\",\"target\":[\"https:\/\/retterdentalcare.com\/periodontal-care\/\"]}]},{\"@type\":\"ImageObject\",\"inLanguage\":\"fr-FR\",\"@id\":\"https:\/\/retterdentalcare.com\/periodontal-care\/#primaryimage\",\"url\":\"https:\/\/retterdentalcare.com\/wp-content\/uploads\/2018\/06\/image-dentistry-32-1.jpg\",\"contentUrl\":\"https:\/\/retterdentalcare.com\/wp-content\/uploads\/2018\/06\/image-dentistry-32-1.jpg\",\"width\":\"1000\",\"height\":\"900\"},{\"@type\":\"BreadcrumbList\",\"@id\":\"https:\/\/retterdentalcare.com\/periodontal-care\/#breadcrumb\",\"itemListElement\":[{\"@type\":\"ListItem\",\"position\":1,\"name\":\"Home\",\"item\":\"https:\/\/retterdentalcare.com\/fr\/\"},{\"@type\":\"ListItem\",\"position\":2,\"name\":\"Soins parodontaux\"}]},{\"@type\":\"WebSite\",\"@id\":\"https:\/\/retterdentalcare.com\/#website\",\"url\":\"https:\/\/retterdentalcare.com\/\",\"name\":\"Retter Dental Care\",\"description\":\"The Best Care In The Most Comfortable Environment\",\"potentialAction\":[{\"@type\":\"SearchAction\",\"target\":{\"@type\":\"EntryPoint\",\"urlTemplate\":\"https:\/\/retterdentalcare.com\/?s={search_term_string}\"},\"query-input\":{\"@type\":\"PropertyValueSpecification\",\"valueRequired\":true,\"valueName\":\"search_term_string\"}}],\"inLanguage\":\"fr-FR\"}]}<\/script>\n<!-- \/ Yoast SEO plugin. -->","yoast_head_json":{"title":"Soins parodontaux - Retter Dental Care","robots":{"index":"index","follow":"follow","max-snippet":"max-snippet:-1","max-image-preview":"max-image-preview:large","max-video-preview":"max-video-preview:-1"},"canonical":"https:\/\/retterdentalcare.com\/periodontal-care\/","og_locale":"fr_FR","og_type":"article","og_title":"Soins parodontaux - Retter Dental Care","og_description":"Comprendre la sant\u00e9 et les maladies gingivales Pour mieux comprendre les maladies parodontales et les traitements qui s&#8217;y rattachent, vous [&hellip;]","og_url":"https:\/\/retterdentalcare.com\/periodontal-care\/","og_site_name":"Retter Dental Care","article_modified_time":"2018-06-19T06:35:37+00:00","og_image":[{"width":1000,"height":900,"url":"https:\/\/retterdentalcare.com\/wp-content\/uploads\/2018\/06\/image-dentistry-32-1.jpg","type":"image\/jpeg"}],"twitter_card":"summary_large_image","twitter_misc":{"Dur\u00e9e de lecture estim\u00e9e":"9 minutes"},"schema":{"@context":"https:\/\/schema.org","@graph":[{"@type":"WebPage","@id":"https:\/\/retterdentalcare.com\/periodontal-care\/","url":"https:\/\/retterdentalcare.com\/periodontal-care\/","name":"Soins parodontaux - Retter Dental Care","isPartOf":{"@id":"https:\/\/retterdentalcare.com\/#website"},"primaryImageOfPage":{"@id":"https:\/\/retterdentalcare.com\/periodontal-care\/#primaryimage"},"image":{"@id":"https:\/\/retterdentalcare.com\/periodontal-care\/#primaryimage"},"thumbnailUrl":"https:\/\/retterdentalcare.com\/wp-content\/uploads\/2018\/06\/image-dentistry-32-1.jpg","datePublished":"2018-06-18T13:22:02+00:00","dateModified":"2018-06-19T06:35:37+00:00","breadcrumb":{"@id":"https:\/\/retterdentalcare.com\/periodontal-care\/#breadcrumb"},"inLanguage":"fr-FR","potentialAction":[{"@type":"ReadAction","target":["https:\/\/retterdentalcare.com\/periodontal-care\/"]}]},{"@type":"ImageObject","inLanguage":"fr-FR","@id":"https:\/\/retterdentalcare.com\/periodontal-care\/#primaryimage","url":"https:\/\/retterdentalcare.com\/wp-content\/uploads\/2018\/06\/image-dentistry-32-1.jpg","contentUrl":"https:\/\/retterdentalcare.com\/wp-content\/uploads\/2018\/06\/image-dentistry-32-1.jpg","width":"1000","height":"900"},{"@type":"BreadcrumbList","@id":"https:\/\/retterdentalcare.com\/periodontal-care\/#breadcrumb","itemListElement":[{"@type":"ListItem","position":1,"name":"Home","item":"https:\/\/retterdentalcare.com\/fr\/"},{"@type":"ListItem","position":2,"name":"Soins parodontaux"}]},{"@type":"WebSite","@id":"https:\/\/retterdentalcare.com\/#website","url":"https:\/\/retterdentalcare.com\/","name":"Retter Dental Care","description":"The Best Care In The Most Comfortable Environment","potentialAction":[{"@type":"SearchAction","target":{"@type":"EntryPoint","urlTemplate":"https:\/\/retterdentalcare.com\/?s={search_term_string}"},"query-input":{"@type":"PropertyValueSpecification","valueRequired":true,"valueName":"search_term_string"}}],"inLanguage":"fr-FR"}]}},"_links":{"self":[{"href":"https:\/\/retterdentalcare.com\/fr\/wp-json\/wp\/v2\/pages\/246","targetHints":{"allow":["GET"]}}],"collection":[{"href":"https:\/\/retterdentalcare.com\/fr\/wp-json\/wp\/v2\/pages"}],"about":[{"href":"https:\/\/retterdentalcare.com\/fr\/wp-json\/wp\/v2\/types\/page"}],"author":[{"embeddable":true,"href":"https:\/\/retterdentalcare.com\/fr\/wp-json\/wp\/v2\/users\/1"}],"replies":[{"embeddable":true,"href":"https:\/\/retterdentalcare.com\/fr\/wp-json\/wp\/v2\/comments?post=246"}],"version-history":[{"count":0,"href":"https:\/\/retterdentalcare.com\/fr\/wp-json\/wp\/v2\/pages\/246\/revisions"}],"wp:featuredmedia":[{"embeddable":true,"href":"https:\/\/retterdentalcare.com\/fr\/wp-json\/wp\/v2\/media\/71"}],"wp:attachment":[{"href":"https:\/\/retterdentalcare.com\/fr\/wp-json\/wp\/v2\/media?parent=246"}],"curies":[{"name":"wp","href":"https:\/\/api.w.org\/{rel}","templated":true}]}}