{"id":263,"date":"2018-06-18T14:41:57","date_gmt":"2018-06-18T13:41:57","guid":{"rendered":"http:\/\/localhost\/retter-dental-care\/restorative-care\/"},"modified":"2018-06-19T07:58:39","modified_gmt":"2018-06-19T06:58:39","slug":"restauration-dentaire","status":"publish","type":"page","link":"https:\/\/retterdentalcare.com\/fr\/restauration-dentaire\/","title":{"rendered":"Restauration dentaire"},"content":{"rendered":"<h2>Obturations dentaires visibles<\/h2>\n<p>Jadis, les caries dentaires pouvaient uniquement \u00eatre trait\u00e9es \u00e0 l&#8217;aide d&#8217;obturation en alliage d&#8217;argent et de mercure. Ce type d&#8217;obturation \u00e9tait inesth\u00e9tique, sp\u00e9cialement lorsqu&#8217;il s&#8217;agissait de dents situ\u00e9es en avant de l&#8217;arcade dentaire. La dentisterie moderne d\u00e9laisse graduellement l&#8217;amalgame au profit d&#8217;obturations en composite, soit une substance en plastique durcie \u00e0 la lumi\u00e8re bleue. Ce type d&#8217;obturation est id\u00e9al pour les petites caries dont la majeure partie de la dent est intacte.<\/p>\n<div style=\"position: relative; padding-bottom: 56.25%; padding-top: 30px; height: 0; width: 100%; overflow: hidden; margin-bottom: 1.677em;\"><iframe loading=\"lazy\" style=\"position: absolute; top: 0; left: 0;\" src=\"\/\/www.speareducation.com\/patient-education\/embed\/id\/549\/dr\/717\/key\/43c13db14d0681d008b8ae41419cb29fba4a9d2a4be29f6d743b3685f6cda9da\" width=\"100%\" height=\"100%\" frameborder=\"no\" scrolling=\"no\"><\/iframe><\/div>\n<p>&nbsp;<\/p>\n<h2>Incrustations<\/h2>\n<p>Lorsque la dent a perdu une portion importante, le tout caus\u00e9 par une carie ou un accident, l&#8217;utilisation d&#8217;un mat\u00e9riau plus durable est indiqu\u00e9e. Gr\u00e2ce \u00e0 la technologie CEREC, nous pouvons concevoir une incrustation en c\u00e9ramique, dont la dur\u00e9e de vie est de plusieurs ann\u00e9es.<\/p>\n<p><a href=\"https:\/\/retterdentalcare.com\/fr\/technologie-cerec\">Cliquez ici pour plus de d\u00e9tails sur la technologie CEREC<\/a><\/p>\n<h2>Couronnes<\/h2>\n<p>Lorsque la dent est fractur\u00e9e, a une obturation importante ou est s\u00e9v\u00e8rement affect\u00e9e par la carie, nous recommandons l&#8217;installation d&#8217;une couronne. Cette derni\u00e8re renforce et prot\u00e8ge la structure de la dent, tout en am\u00e9liorant l&#8217;apparence de votre sourire. Traditionnellement, l&#8217;installation d&#8217;une couronne n\u00e9cessitait au moins deux rendez-vous ainsi que le port d&#8217;une couronne temporaire. Gr\u00e2ce \u00e0 la technologie CEREC, il est d\u00e9sormais possible de fabriquer et d&#8217;installer une couronne en un seul rendez-vous!<\/p>\n<p><a href=\"https:\/\/retterdentalcare.com\/fr\/technologie-cerec\">Cliquez ici pour plus de d\u00e9tails sur la technologie CEREC<\/a><\/p>\n<h2>Ponts<\/h2>\n<p>Maintenant que l&#8217;implantologie est devenue un standard en dentisterie pour le remplacement d&#8217;une ou plusieurs dents, nous avons de moins en moins recours au pont dentaire qu&#8217;auparavant. Voici toutefois quelques exemples pour lesquels le pont a \u00e9t\u00e9 sugg\u00e9r\u00e9.\u00a0 Il s&#8217;agit bien s\u00fbr du cas par cas.<\/p>\n<div style=\"position: relative; padding-bottom: 56.25%; padding-top: 30px; height: 0; width: 100%; overflow: hidden; margin-bottom: 1.677em;\"><iframe loading=\"lazy\" style=\"position: absolute; top: 0; left: 0;\" src=\"\/\/www.speareducation.com\/patient-education\/embed\/id\/495\/dr\/717\/key\/cce4c36bc4d7f092f0efbe833959c596fdecc9141a9e7c252ad7a298d8769bce\" width=\"100%\" height=\"100%\" frameborder=\"no\" scrolling=\"no\"><\/iframe><\/div>\n<p>&nbsp;<\/p>\n<h2>Proth\u00e8ses partielles<\/h2>\n<p>Bien que les proth\u00e8ses partielles soient une bonne option de remplacement dentaire temporaire, elles sont plus dommageables que favorables \u00e0 long terme. Comme les dents adjacentes\u00a0 aux dents manquantes constituent la principale source de r\u00e9tention de la proth\u00e8se, leur \u00e9tat en vient \u00e9ventuellement \u00e0 se d\u00e9grader. \u00c0 longue \u00e9ch\u00e9ance, le port d&#8217;une proth\u00e8se favorise l&#8217;apparition de caries et de maladies gingivales sur ces dents. Ultimement, les dents risquent d&#8217;\u00eatre compromises et l&#8217;os de la m\u00e2choire commence \u00e0 s&#8217;affiner.\u00a0 Pour mettre un terme \u00e0 ce cycle, la seule option permanente \u00e0 envisager est l&#8217;implantologie dentaire.<\/p>\n<p>Pour plus de d\u00e9tails sur ce traitement qui a compl\u00e8tement r\u00e9volutionn\u00e9 le domaine de la dentisterie cliquez sur\u00a0: <u><a href=\"https:\/\/retterdentalcare.com\/fr\/implants-dentaires\">Implants dentaires<\/a><\/u><\/p>\n<div style=\"position: relative; padding-bottom: 56.25%; padding-top: 30px; height: 0; width: 100%; overflow: hidden; margin-bottom: 1.677em;\"><iframe loading=\"lazy\" style=\"position: absolute; top: 0; left: 0;\" src=\"\/\/www.speareducation.com\/patient-education\/embed\/id\/545\/dr\/717\/key\/d580a1f475aac5b587b5950ad3738aec156b1baa624986124f100527834436a3\" width=\"100%\" height=\"100%\" frameborder=\"no\" scrolling=\"no\"><\/iframe><\/div>\n<p>&nbsp;<\/p>\n<h2>Proth\u00e8ses compl\u00e8tes<\/h2>\n<p>Dans l&#8217;\u00e9ventualit\u00e9 o\u00f9 vous auriez malheureusement perdu toutes vos dents, les proth\u00e8ses compl\u00e8tes peuvent \u00eatre une solution. Bien souvent, la personne qui porte une proth\u00e8se compl\u00e8te \u00e9prouve de la douleur ou de l&#8217;inconfort, sans compter que l&#8217;os de la m\u00e2choire se d\u00e9t\u00e9riore, provoquant ainsi le d\u00e9placement et le frottement de la proth\u00e8se sur les gencives. La perte osseuse se poursuivant au fil du temps, l&#8217;ajustement int\u00e9gral de la proth\u00e8se et sa r\u00e9tention deviennent une entreprise laborieuse. Au final, le patient en arrive \u00e0 un point o\u00f9 il est impossible de maintenir sa proth\u00e8se en place puisque la perte osseuse peut aller jusqu&#8217;\u00e0 environ un centim\u00e8tre. L&#8217;unique fa\u00e7on d&#8217;interrompre la r\u00e9sorption osseuse et d&#8217;am\u00e9liorer la mastication est l&#8217;implantologie. Les implants permettent de stabiliser d\u00e9finitivement la proth\u00e8se et d&#8217;arr\u00eater la d\u00e9t\u00e9rioration de l&#8217;os. Si le patient refuse d&#8217;avoir recours \u00e0 l&#8217;implantologie dentaire, sa qualit\u00e9 de vie ne cessera de diminuer.\u00a0 Pour savoir comment une proth\u00e8se sur implants peut transformer votre vie \u00e0 jamais, cliquez ici\u00a0:<u> <a href=\"https:\/\/retterdentalcare.com\/fr\/implants-dentaires\">Implants dentaires<\/a><\/u><\/p>\n<div style=\"position: relative; padding-bottom: 56.25%; padding-top: 30px; height: 0; width: 100%; overflow: hidden; margin-bottom: 1.677em;\"><iframe loading=\"lazy\" style=\"position: absolute; top: 0; left: 0;\" src=\"\/\/www.speareducation.com\/patient-education\/embed\/id\/549\/dr\/717\/key\/43c13db14d0681d008b8ae41419cb29fba4a9d2a4be29f6d743b3685f6cda9da\" width=\"100%\" height=\"100%\" frameborder=\"no\" scrolling=\"no\"><\/iframe><\/div>\n","protected":false},"excerpt":{"rendered":"<p>Obturations dentaires visibles Jadis, les caries dentaires pouvaient uniquement \u00eatre trait\u00e9es \u00e0 l&#8217;aide d&#8217;obturation en alliage d&#8217;argent et de mercure. [&hellip;]<\/p>\n","protected":false},"author":1,"featured_media":204,"parent":0,"menu_order":0,"comment_status":"closed","ping_status":"closed","template":"","meta":{"footnotes":""},"class_list":["post-263","page","type-page","status-publish","has-post-thumbnail","hentry"],"yoast_head":"<!-- This site is optimized with the Yoast SEO plugin v26.6 - https:\/\/yoast.com\/wordpress\/plugins\/seo\/ -->\n<title>Restauration dentaire - Retter Dental Care<\/title>\n<meta name=\"robots\" content=\"index, follow, max-snippet:-1, max-image-preview:large, max-video-preview:-1\" \/>\n<link rel=\"canonical\" href=\"https:\/\/retterdentalcare.com\/restorative-care\/\" \/>\n<meta property=\"og:locale\" content=\"fr_FR\" \/>\n<meta property=\"og:type\" content=\"article\" \/>\n<meta property=\"og:title\" content=\"Restauration dentaire - Retter Dental Care\" \/>\n<meta property=\"og:description\" content=\"Obturations dentaires visibles Jadis, les caries dentaires pouvaient uniquement \u00eatre trait\u00e9es \u00e0 l&#8217;aide d&#8217;obturation en alliage d&#8217;argent et de mercure. [&hellip;]\" \/>\n<meta property=\"og:url\" content=\"https:\/\/retterdentalcare.com\/restorative-care\/\" \/>\n<meta property=\"og:site_name\" content=\"Retter Dental Care\" \/>\n<meta property=\"article:modified_time\" content=\"2018-06-19T06:58:39+00:00\" \/>\n<meta property=\"og:image\" content=\"https:\/\/retterdentalcare.com\/wp-content\/uploads\/2018\/06\/image-dentistry-33-1.jpg\" \/>\n\t<meta property=\"og:image:width\" content=\"1000\" \/>\n\t<meta property=\"og:image:height\" content=\"900\" \/>\n\t<meta property=\"og:image:type\" content=\"image\/jpeg\" \/>\n<meta name=\"twitter:card\" content=\"summary_large_image\" \/>\n<meta name=\"twitter:label1\" content=\"Dur\u00e9e de lecture estim\u00e9e\" \/>\n\t<meta name=\"twitter:data1\" content=\"3 minutes\" \/>\n<script type=\"application\/ld+json\" class=\"yoast-schema-graph\">{\"@context\":\"https:\/\/schema.org\",\"@graph\":[{\"@type\":\"WebPage\",\"@id\":\"https:\/\/retterdentalcare.com\/restorative-care\/\",\"url\":\"https:\/\/retterdentalcare.com\/restorative-care\/\",\"name\":\"Restauration dentaire - Retter Dental Care\",\"isPartOf\":{\"@id\":\"https:\/\/retterdentalcare.com\/#website\"},\"primaryImageOfPage\":{\"@id\":\"https:\/\/retterdentalcare.com\/restorative-care\/#primaryimage\"},\"image\":{\"@id\":\"https:\/\/retterdentalcare.com\/restorative-care\/#primaryimage\"},\"thumbnailUrl\":\"https:\/\/retterdentalcare.com\/wp-content\/uploads\/2018\/06\/image-dentistry-33-1.jpg\",\"datePublished\":\"2018-06-18T13:41:57+00:00\",\"dateModified\":\"2018-06-19T06:58:39+00:00\",\"breadcrumb\":{\"@id\":\"https:\/\/retterdentalcare.com\/restorative-care\/#breadcrumb\"},\"inLanguage\":\"fr-FR\",\"potentialAction\":[{\"@type\":\"ReadAction\",\"target\":[\"https:\/\/retterdentalcare.com\/restorative-care\/\"]}]},{\"@type\":\"ImageObject\",\"inLanguage\":\"fr-FR\",\"@id\":\"https:\/\/retterdentalcare.com\/restorative-care\/#primaryimage\",\"url\":\"https:\/\/retterdentalcare.com\/wp-content\/uploads\/2018\/06\/image-dentistry-33-1.jpg\",\"contentUrl\":\"https:\/\/retterdentalcare.com\/wp-content\/uploads\/2018\/06\/image-dentistry-33-1.jpg\",\"width\":\"1000\",\"height\":\"900\"},{\"@type\":\"BreadcrumbList\",\"@id\":\"https:\/\/retterdentalcare.com\/restorative-care\/#breadcrumb\",\"itemListElement\":[{\"@type\":\"ListItem\",\"position\":1,\"name\":\"Home\",\"item\":\"https:\/\/retterdentalcare.com\/fr\/\"},{\"@type\":\"ListItem\",\"position\":2,\"name\":\"Restauration dentaire\"}]},{\"@type\":\"WebSite\",\"@id\":\"https:\/\/retterdentalcare.com\/#website\",\"url\":\"https:\/\/retterdentalcare.com\/\",\"name\":\"Retter Dental Care\",\"description\":\"The Best Care In The Most Comfortable Environment\",\"potentialAction\":[{\"@type\":\"SearchAction\",\"target\":{\"@type\":\"EntryPoint\",\"urlTemplate\":\"https:\/\/retterdentalcare.com\/?s={search_term_string}\"},\"query-input\":{\"@type\":\"PropertyValueSpecification\",\"valueRequired\":true,\"valueName\":\"search_term_string\"}}],\"inLanguage\":\"fr-FR\"}]}<\/script>\n<!-- \/ Yoast SEO plugin. -->","yoast_head_json":{"title":"Restauration dentaire - Retter Dental Care","robots":{"index":"index","follow":"follow","max-snippet":"max-snippet:-1","max-image-preview":"max-image-preview:large","max-video-preview":"max-video-preview:-1"},"canonical":"https:\/\/retterdentalcare.com\/restorative-care\/","og_locale":"fr_FR","og_type":"article","og_title":"Restauration dentaire - Retter Dental Care","og_description":"Obturations dentaires visibles Jadis, les caries dentaires pouvaient uniquement \u00eatre trait\u00e9es \u00e0 l&#8217;aide d&#8217;obturation en alliage d&#8217;argent et de mercure. [&hellip;]","og_url":"https:\/\/retterdentalcare.com\/restorative-care\/","og_site_name":"Retter Dental Care","article_modified_time":"2018-06-19T06:58:39+00:00","og_image":[{"width":1000,"height":900,"url":"https:\/\/retterdentalcare.com\/wp-content\/uploads\/2018\/06\/image-dentistry-33-1.jpg","type":"image\/jpeg"}],"twitter_card":"summary_large_image","twitter_misc":{"Dur\u00e9e de lecture estim\u00e9e":"3 minutes"},"schema":{"@context":"https:\/\/schema.org","@graph":[{"@type":"WebPage","@id":"https:\/\/retterdentalcare.com\/restorative-care\/","url":"https:\/\/retterdentalcare.com\/restorative-care\/","name":"Restauration dentaire - Retter Dental Care","isPartOf":{"@id":"https:\/\/retterdentalcare.com\/#website"},"primaryImageOfPage":{"@id":"https:\/\/retterdentalcare.com\/restorative-care\/#primaryimage"},"image":{"@id":"https:\/\/retterdentalcare.com\/restorative-care\/#primaryimage"},"thumbnailUrl":"https:\/\/retterdentalcare.com\/wp-content\/uploads\/2018\/06\/image-dentistry-33-1.jpg","datePublished":"2018-06-18T13:41:57+00:00","dateModified":"2018-06-19T06:58:39+00:00","breadcrumb":{"@id":"https:\/\/retterdentalcare.com\/restorative-care\/#breadcrumb"},"inLanguage":"fr-FR","potentialAction":[{"@type":"ReadAction","target":["https:\/\/retterdentalcare.com\/restorative-care\/"]}]},{"@type":"ImageObject","inLanguage":"fr-FR","@id":"https:\/\/retterdentalcare.com\/restorative-care\/#primaryimage","url":"https:\/\/retterdentalcare.com\/wp-content\/uploads\/2018\/06\/image-dentistry-33-1.jpg","contentUrl":"https:\/\/retterdentalcare.com\/wp-content\/uploads\/2018\/06\/image-dentistry-33-1.jpg","width":"1000","height":"900"},{"@type":"BreadcrumbList","@id":"https:\/\/retterdentalcare.com\/restorative-care\/#breadcrumb","itemListElement":[{"@type":"ListItem","position":1,"name":"Home","item":"https:\/\/retterdentalcare.com\/fr\/"},{"@type":"ListItem","position":2,"name":"Restauration dentaire"}]},{"@type":"WebSite","@id":"https:\/\/retterdentalcare.com\/#website","url":"https:\/\/retterdentalcare.com\/","name":"Retter Dental Care","description":"The Best Care In The Most Comfortable Environment","potentialAction":[{"@type":"SearchAction","target":{"@type":"EntryPoint","urlTemplate":"https:\/\/retterdentalcare.com\/?s={search_term_string}"},"query-input":{"@type":"PropertyValueSpecification","valueRequired":true,"valueName":"search_term_string"}}],"inLanguage":"fr-FR"}]}},"_links":{"self":[{"href":"https:\/\/retterdentalcare.com\/fr\/wp-json\/wp\/v2\/pages\/263","targetHints":{"allow":["GET"]}}],"collection":[{"href":"https:\/\/retterdentalcare.com\/fr\/wp-json\/wp\/v2\/pages"}],"about":[{"href":"https:\/\/retterdentalcare.com\/fr\/wp-json\/wp\/v2\/types\/page"}],"author":[{"embeddable":true,"href":"https:\/\/retterdentalcare.com\/fr\/wp-json\/wp\/v2\/users\/1"}],"replies":[{"embeddable":true,"href":"https:\/\/retterdentalcare.com\/fr\/wp-json\/wp\/v2\/comments?post=263"}],"version-history":[{"count":0,"href":"https:\/\/retterdentalcare.com\/fr\/wp-json\/wp\/v2\/pages\/263\/revisions"}],"wp:featuredmedia":[{"embeddable":true,"href":"https:\/\/retterdentalcare.com\/fr\/wp-json\/wp\/v2\/media\/204"}],"wp:attachment":[{"href":"https:\/\/retterdentalcare.com\/fr\/wp-json\/wp\/v2\/media?parent=263"}],"curies":[{"name":"wp","href":"https:\/\/api.w.org\/{rel}","templated":true}]}}