{"id":280,"date":"2018-06-18T14:47:27","date_gmt":"2018-06-18T13:47:27","guid":{"rendered":"http:\/\/localhost\/retter-dental-care\/infants-and-children\/"},"modified":"2018-06-19T08:07:34","modified_gmt":"2018-06-19T07:07:34","slug":"poupons-et-enfants","status":"publish","type":"page","link":"https:\/\/retterdentalcare.com\/fr\/poupons-et-enfants\/","title":{"rendered":"Poupons et enfants"},"content":{"rendered":"<h2>\u00c0 quel \u00e2ge un enfant doit-il commencer \u00e0 aller chez le dentiste?<\/h2>\n<p>La plupart des dentistes p\u00e9diatriques s&#8217;entendent pour dire que les parents doivent amener leur enfant \u00e0 la clinique \u00e0 partir de l&#8217;\u00e2ge de 12 mois et que des suivis doivent effectu\u00e9s tous les six mois. Certains enfants requi\u00e8rent plus d&#8217;\u00e9valuations et de soins que d&#8217;autres. Voici ce que l&#8217;American Academy of Pedriatric Dentistery sugg\u00e8re\u00a0:<\/p>\n<h3>De la naissance \u00e0 six mois<\/h3>\n<p>Nettoyez les gencives de votre enfant avec une lingette propre ou une gaze apr\u00e8s les repas et avant le coucher. Renseignez-vous aussi aupr\u00e8s de votre dentiste p\u00e9diatrique quant aux suppl\u00e9ments de fluorure que vous pourriez donner \u00e0 votre enfant. En outre, adopter un horaire fixe pour les repas (allaitement naturel ou au biberon) est \u00e9galement indiqu\u00e9.<\/p>\n<h3>De six mois \u00e0 un an<\/h3>\n<p>Durant cette p\u00e9riode, la premi\u00e8re dent de votre enfant devrait \u00e9merger. Vous devriez \u00e9galement consulter un dentiste p\u00e9diatrique pour une \u00e9valuation. Brossez les dents de votre enfant apr\u00e8s chaque repas et avant le coucher avec une petite brosse \u00e0 poils souples. \u00c0 partir du moment o\u00f9 ce dernier commence \u00e0 marcher, restez \u00e0 l&#8217;aff\u00fbt des blessures aux dents ou au visage. Commencez le sevrage du lait (naturel ou maternis\u00e9) d\u00e8s le premier anniversaire de votre enfant.<\/p>\n<h3>De 12 \u00e0 24 mois<\/h3>\n<p>Respectez le calendrier des examens et nettoyages dentaires, conform\u00e9ment aux recommandations du dentiste p\u00e9diatrique de votre enfant. En r\u00e8gle g\u00e9n\u00e9rale, les examens dentaires ainsi que les nettoyages professionnels sont de mise tous les six mois, tant pour les enfants que pour les adultes.<\/p>\n<p>La croissance des dents de lait de votre enfant devrait se terminer pendant cette p\u00e9riode. Ce dernier commencera progressivement \u00e0 se rincer la bouche et \u00e0 se brosser les dents vers cet \u00e2ge avec du dentifrice fluor\u00e9 dont la quantit\u00e9 ne devrait pas exc\u00e9der la taille d&#8217;un petit pois.<\/p>\n<h2>Faits int\u00e9ressants sur la dentition primaire<\/h2>\n<p>Les soins accord\u00e9s \u00e0 la dentition primaire de votre enfant (aussi appel\u00e9e dents de lait) s&#8217;av\u00e8rent essentiel puisque ces dents occupent l&#8217;espace qui sera \u00e9ventuellement occup\u00e9 par la dentition permanente. Si une dent de lait pourrit ou si elle enlev\u00e9e de mani\u00e8re trop h\u00e2tive, l&#8217;espace n\u00e9cessaire pour la dent permanente sera perdu et devra \u00eatre compens\u00e9 \u00e0 l&#8217;aide d&#8217;un traitement d&#8217;orthodontie. Dans les cas o\u00f9 une ou plusieurs dents de lait sont infect\u00e9es, la dentition d\u00e9finitive risque d&#8217;en p\u00e2tir, pouvant \u00eatre affaiblie ou pr\u00e9senter des puits ou des taches.<\/p>\n<p>La majorit\u00e9 des enfants commencent \u00e0 perdre leurs dents de lait \u00e0 partir de l&#8217;\u00e2ge de quatre ans, processus qui d\u00e9bute g\u00e9n\u00e9ralement avec la perte des incisives. Les dents primaires sont\u00a0 habituellement toutes tomb\u00e9es vers l&#8217;\u00e2ge de 12-13 ans pour laisser libre cours \u00e0 la dentition permanente.<\/p>\n<div class=\"videoWrapperISM\">\n<div class=\"video\"><script type=\"text\/javascript\">\n\t\t\t\tdocument.write(insertClipVzaar(\"16-dents_primaires\", rootFr, \"612\", \"344\", \"false\", \"s\", \"\"));\n\t\t\t<\/script><\/div>\n<\/div>\n<p>&nbsp;<\/p>\n<h2>Votre enfant suce son pouce?<\/h2>\n<p>Il est tout \u00e0 fait normal qu&#8217;un enfant suce son pouce avant l&#8217;\u00e2ge de deux ans et ceci ne lui causera en g\u00e9n\u00e9ral aucun pr\u00e9judice. Cependant, si l&#8217;enfant continue de sucer son pouce au-del\u00e0 d&#8217;un certain \u00e2ge (en g\u00e9n\u00e9ral cinq ans), les parents doivent intervenir pour qu&#8217;il d\u00e9laisse cette habitude. Autrement, l&#8217;enfant risque d&#8217;avoir une dentition d\u00e9salign\u00e9e ou des dents qui se chevauchent, auquel cas il est susceptible d&#8217;\u00eatre aux prises avec des\u00a0 probl\u00e8mes fonctionnels.<\/p>\n<h2>L&#8217;alimentation et les soins dentaires recommand\u00e9s pour les enfants<\/h2>\n<p>L&#8217;American Academy of Pediatric Dentistry recommande les points suivants pour que votre enfant ait des dents saines, tout en jouissant d&#8217;une bonne sant\u00e9 globale. Demandez \u00e0 votre dentiste p\u00e9diatrique de vous aider \u00e0 \u00e9tablir un r\u00e9gime alimentaire adapt\u00e9 pour votre enfant. N&#8217;entreposez pas des collations sucr\u00e9es ou des f\u00e9culents dans votre armoire. Les g\u00e2teries devraient \u00eatre r\u00e9serv\u00e9es pour les moments sp\u00e9ciaux. En outre, limitez la fr\u00e9quence \u00e0 laquelle votre enfant prend des collations et optez pour des aliments nutritifs. Offrez-lui une alimentation \u00e9quilibr\u00e9e et incorporez les f\u00e9culents et aliments sucr\u00e9s au moment des repas. Ne laissez jamais votre enfant s&#8217;endormir avec une bouteille de lait ou de jus. S&#8217;il vous arrive de donner la permission \u00e0 votre enfant de boire des boissons gazeuses ou de m\u00e2cher du chewing gum, choisissez des produits sans sucre.<\/p>\n<p>&nbsp;<\/p>\n","protected":false},"excerpt":{"rendered":"<p>\u00c0 quel \u00e2ge un enfant doit-il commencer \u00e0 aller chez le dentiste? La plupart des dentistes p\u00e9diatriques s&#8217;entendent pour dire [&hellip;]<\/p>\n","protected":false},"author":1,"featured_media":89,"parent":0,"menu_order":0,"comment_status":"closed","ping_status":"closed","template":"","meta":{"footnotes":""},"class_list":["post-280","page","type-page","status-publish","has-post-thumbnail","hentry"],"yoast_head":"<!-- This site is optimized with the Yoast SEO plugin v26.6 - https:\/\/yoast.com\/wordpress\/plugins\/seo\/ -->\n<title>Poupons et enfants - Retter Dental Care<\/title>\n<meta name=\"robots\" content=\"index, follow, max-snippet:-1, max-image-preview:large, max-video-preview:-1\" \/>\n<link rel=\"canonical\" href=\"https:\/\/retterdentalcare.com\/infants-and-children\/\" \/>\n<meta property=\"og:locale\" content=\"fr_FR\" \/>\n<meta property=\"og:type\" content=\"article\" \/>\n<meta property=\"og:title\" content=\"Poupons et enfants - Retter Dental Care\" \/>\n<meta property=\"og:description\" content=\"\u00c0 quel \u00e2ge un enfant doit-il commencer \u00e0 aller chez le dentiste? La plupart des dentistes p\u00e9diatriques s&#8217;entendent pour dire [&hellip;]\" \/>\n<meta property=\"og:url\" content=\"https:\/\/retterdentalcare.com\/infants-and-children\/\" \/>\n<meta property=\"og:site_name\" content=\"Retter Dental Care\" \/>\n<meta property=\"article:modified_time\" content=\"2018-06-19T07:07:34+00:00\" \/>\n<meta property=\"og:image\" content=\"https:\/\/retterdentalcare.com\/wp-content\/uploads\/2018\/06\/image-dentistry-4.jpg\" \/>\n\t<meta property=\"og:image:width\" content=\"1000\" \/>\n\t<meta property=\"og:image:height\" content=\"900\" \/>\n\t<meta property=\"og:image:type\" content=\"image\/jpeg\" \/>\n<meta name=\"twitter:card\" content=\"summary_large_image\" \/>\n<meta name=\"twitter:label1\" content=\"Dur\u00e9e de lecture estim\u00e9e\" \/>\n\t<meta name=\"twitter:data1\" content=\"4 minutes\" \/>\n<script type=\"application\/ld+json\" class=\"yoast-schema-graph\">{\"@context\":\"https:\/\/schema.org\",\"@graph\":[{\"@type\":\"WebPage\",\"@id\":\"https:\/\/retterdentalcare.com\/infants-and-children\/\",\"url\":\"https:\/\/retterdentalcare.com\/infants-and-children\/\",\"name\":\"Poupons et enfants - Retter Dental Care\",\"isPartOf\":{\"@id\":\"https:\/\/retterdentalcare.com\/#website\"},\"primaryImageOfPage\":{\"@id\":\"https:\/\/retterdentalcare.com\/infants-and-children\/#primaryimage\"},\"image\":{\"@id\":\"https:\/\/retterdentalcare.com\/infants-and-children\/#primaryimage\"},\"thumbnailUrl\":\"https:\/\/retterdentalcare.com\/wp-content\/uploads\/2018\/06\/image-dentistry-4.jpg\",\"datePublished\":\"2018-06-18T13:47:27+00:00\",\"dateModified\":\"2018-06-19T07:07:34+00:00\",\"breadcrumb\":{\"@id\":\"https:\/\/retterdentalcare.com\/infants-and-children\/#breadcrumb\"},\"inLanguage\":\"fr-FR\",\"potentialAction\":[{\"@type\":\"ReadAction\",\"target\":[\"https:\/\/retterdentalcare.com\/infants-and-children\/\"]}]},{\"@type\":\"ImageObject\",\"inLanguage\":\"fr-FR\",\"@id\":\"https:\/\/retterdentalcare.com\/infants-and-children\/#primaryimage\",\"url\":\"https:\/\/retterdentalcare.com\/wp-content\/uploads\/2018\/06\/image-dentistry-4.jpg\",\"contentUrl\":\"https:\/\/retterdentalcare.com\/wp-content\/uploads\/2018\/06\/image-dentistry-4.jpg\",\"width\":\"1000\",\"height\":\"900\"},{\"@type\":\"BreadcrumbList\",\"@id\":\"https:\/\/retterdentalcare.com\/infants-and-children\/#breadcrumb\",\"itemListElement\":[{\"@type\":\"ListItem\",\"position\":1,\"name\":\"Home\",\"item\":\"https:\/\/retterdentalcare.com\/fr\/\"},{\"@type\":\"ListItem\",\"position\":2,\"name\":\"Poupons et enfants\"}]},{\"@type\":\"WebSite\",\"@id\":\"https:\/\/retterdentalcare.com\/#website\",\"url\":\"https:\/\/retterdentalcare.com\/\",\"name\":\"Retter Dental Care\",\"description\":\"The Best Care In The Most Comfortable Environment\",\"potentialAction\":[{\"@type\":\"SearchAction\",\"target\":{\"@type\":\"EntryPoint\",\"urlTemplate\":\"https:\/\/retterdentalcare.com\/?s={search_term_string}\"},\"query-input\":{\"@type\":\"PropertyValueSpecification\",\"valueRequired\":true,\"valueName\":\"search_term_string\"}}],\"inLanguage\":\"fr-FR\"}]}<\/script>\n<!-- \/ Yoast SEO plugin. -->","yoast_head_json":{"title":"Poupons et enfants - Retter Dental Care","robots":{"index":"index","follow":"follow","max-snippet":"max-snippet:-1","max-image-preview":"max-image-preview:large","max-video-preview":"max-video-preview:-1"},"canonical":"https:\/\/retterdentalcare.com\/infants-and-children\/","og_locale":"fr_FR","og_type":"article","og_title":"Poupons et enfants - Retter Dental Care","og_description":"\u00c0 quel \u00e2ge un enfant doit-il commencer \u00e0 aller chez le dentiste? La plupart des dentistes p\u00e9diatriques s&#8217;entendent pour dire [&hellip;]","og_url":"https:\/\/retterdentalcare.com\/infants-and-children\/","og_site_name":"Retter Dental Care","article_modified_time":"2018-06-19T07:07:34+00:00","og_image":[{"width":1000,"height":900,"url":"https:\/\/retterdentalcare.com\/wp-content\/uploads\/2018\/06\/image-dentistry-4.jpg","type":"image\/jpeg"}],"twitter_card":"summary_large_image","twitter_misc":{"Dur\u00e9e de lecture estim\u00e9e":"4 minutes"},"schema":{"@context":"https:\/\/schema.org","@graph":[{"@type":"WebPage","@id":"https:\/\/retterdentalcare.com\/infants-and-children\/","url":"https:\/\/retterdentalcare.com\/infants-and-children\/","name":"Poupons et enfants - Retter Dental Care","isPartOf":{"@id":"https:\/\/retterdentalcare.com\/#website"},"primaryImageOfPage":{"@id":"https:\/\/retterdentalcare.com\/infants-and-children\/#primaryimage"},"image":{"@id":"https:\/\/retterdentalcare.com\/infants-and-children\/#primaryimage"},"thumbnailUrl":"https:\/\/retterdentalcare.com\/wp-content\/uploads\/2018\/06\/image-dentistry-4.jpg","datePublished":"2018-06-18T13:47:27+00:00","dateModified":"2018-06-19T07:07:34+00:00","breadcrumb":{"@id":"https:\/\/retterdentalcare.com\/infants-and-children\/#breadcrumb"},"inLanguage":"fr-FR","potentialAction":[{"@type":"ReadAction","target":["https:\/\/retterdentalcare.com\/infants-and-children\/"]}]},{"@type":"ImageObject","inLanguage":"fr-FR","@id":"https:\/\/retterdentalcare.com\/infants-and-children\/#primaryimage","url":"https:\/\/retterdentalcare.com\/wp-content\/uploads\/2018\/06\/image-dentistry-4.jpg","contentUrl":"https:\/\/retterdentalcare.com\/wp-content\/uploads\/2018\/06\/image-dentistry-4.jpg","width":"1000","height":"900"},{"@type":"BreadcrumbList","@id":"https:\/\/retterdentalcare.com\/infants-and-children\/#breadcrumb","itemListElement":[{"@type":"ListItem","position":1,"name":"Home","item":"https:\/\/retterdentalcare.com\/fr\/"},{"@type":"ListItem","position":2,"name":"Poupons et enfants"}]},{"@type":"WebSite","@id":"https:\/\/retterdentalcare.com\/#website","url":"https:\/\/retterdentalcare.com\/","name":"Retter Dental Care","description":"The Best Care In The Most Comfortable Environment","potentialAction":[{"@type":"SearchAction","target":{"@type":"EntryPoint","urlTemplate":"https:\/\/retterdentalcare.com\/?s={search_term_string}"},"query-input":{"@type":"PropertyValueSpecification","valueRequired":true,"valueName":"search_term_string"}}],"inLanguage":"fr-FR"}]}},"_links":{"self":[{"href":"https:\/\/retterdentalcare.com\/fr\/wp-json\/wp\/v2\/pages\/280","targetHints":{"allow":["GET"]}}],"collection":[{"href":"https:\/\/retterdentalcare.com\/fr\/wp-json\/wp\/v2\/pages"}],"about":[{"href":"https:\/\/retterdentalcare.com\/fr\/wp-json\/wp\/v2\/types\/page"}],"author":[{"embeddable":true,"href":"https:\/\/retterdentalcare.com\/fr\/wp-json\/wp\/v2\/users\/1"}],"replies":[{"embeddable":true,"href":"https:\/\/retterdentalcare.com\/fr\/wp-json\/wp\/v2\/comments?post=280"}],"version-history":[{"count":0,"href":"https:\/\/retterdentalcare.com\/fr\/wp-json\/wp\/v2\/pages\/280\/revisions"}],"wp:featuredmedia":[{"embeddable":true,"href":"https:\/\/retterdentalcare.com\/fr\/wp-json\/wp\/v2\/media\/89"}],"wp:attachment":[{"href":"https:\/\/retterdentalcare.com\/fr\/wp-json\/wp\/v2\/media?parent=280"}],"curies":[{"name":"wp","href":"https:\/\/api.w.org\/{rel}","templated":true}]}}