{"id":290,"date":"2018-06-18T14:50:05","date_gmt":"2018-06-18T13:50:05","guid":{"rendered":"http:\/\/localhost\/retter-dental-care\/cosmetic-dentistry\/"},"modified":"2018-06-19T08:15:43","modified_gmt":"2018-06-19T07:15:43","slug":"dentisterie-cosmetique","status":"publish","type":"page","link":"https:\/\/retterdentalcare.com\/fr\/dentisterie-cosmetique\/","title":{"rendered":"Dentisterie cosm\u00e9tique"},"content":{"rendered":"<div><div class=\"quote\">&#8220;Laissez votre sourire \u00e9pater la galerie!&#8221;<\/div><\/div>\n<h2>Avec toutes ces options disponibles pour am\u00e9liorer votre sourire et lui redonner une apparence plus jeune, venez sans plus tarder pour une consultation gratuite et voyez votre r\u00eave devenir r\u00e9alit\u00e9!<\/h2>\n<p>&nbsp;<\/p>\n<div style=\"position: relative; padding-bottom: 56.25%; padding-top: 30px; height: 0; width: 100%; overflow: hidden; margin-bottom: 1.677em;\"><iframe loading=\"lazy\" style=\"position: absolute; top: 0; left: 0;\" src=\"\/\/www.speareducation.com\/patient-education\/embed\/id\/492\/dr\/717\/key\/81f05432388a022afeb6dddb6de6254a1bde197e1892a21e9846d1fee72d34c1\" width=\"100%\" height=\"100%\" frameborder=\"no\" scrolling=\"no\"><\/iframe><\/div>\n<p>&nbsp;<\/p>\n<h2>Obturations en composite<\/h2>\n<p>L&#8217;obturation en composite est un plombage blanc dont l&#8217;apparence est beaucoup naturelle que les plombages d&#8217;amalgame de mercure (de couleur argent).\u00a0 En plus d&#8217;\u00eatre plus esth\u00e9tique, l&#8217;obturation en composite adh\u00e8re mieux \u00e0 vos dents, offrant de ce fait une meilleure \u00e9tanch\u00e9it\u00e9. Ce type de restauration est id\u00e9al dans l&#8217;optique o\u00f9 seulement une infime partie de la dent doit \u00eatre remplie. Pour les dents qui requi\u00e8rent une r\u00e9paration majeure, une restauration dentaire en c\u00e9ramique est recommand\u00e9e.<\/p>\n<p><a href=\"https:\/\/retterdentalcare.com\/fr\/technologie-cerec\">Cliquez ici pour acc\u00e9der \u00e0 la section CEREC<\/a><\/p>\n<h2>Blanchiment dentaire<\/h2>\n<p>Un traitement de blanchiment dentaire peut \u00eatre compl\u00e9t\u00e9 en un seul rendez-vous. Souvent appel\u00e9 blanchiment \u00ab\u00a0Power\u00a0\u00bb ou \u00ab\u00a0Zoom\u00a0\u00bb, cette technique peut \u00e9claircir la coloration de vos dents jusqu&#8217;\u00e0 10 tons. Par ailleurs, il est possible de prolonger l&#8217;effet blanchissant \u00e0 l&#8217;aide d&#8217;un traitement de blanchiment \u00e0 la maison. Une fois le blanchiment \u00e0 la chaise termin\u00e9, nous vous fournirons un kit de blanchiment maison, que vous pourrez r\u00e9p\u00e9ter deux \u00e0 trois fois par ann\u00e9e. Chez les patients qui pr\u00e9voient l&#8217;installation de facettes en porcelaine, le blanchiment repr\u00e9sente la premi\u00e8re \u00e9tape \u00e0 privil\u00e9gier avant d&#8217;avoir recours \u00e0 ce type de restauration.<\/p>\n<h2>Facettes en porcelaine<\/h2>\n<p>Si vous \u00eates insatisfait de la couleur, de la forme ou de l&#8217;apparence g\u00e9n\u00e9rale de vos dents, les facettes s&#8217;av\u00e8rent la meilleure option pour cr\u00e9er un sourire \u00e0 votre image. Il suffit g\u00e9n\u00e9ralement d&#8217;un seul ou de deux rendez-vous pour avoir le sourire de vos r\u00eaves. Il est \u00e9galement possible de vous montrer le r\u00e9sultat de fa\u00e7on virtuelle avant d&#8217;entamer la proc\u00e9dure.<\/p>\n<p>&nbsp;<\/p>\n<div style=\"position: relative; padding-bottom: 56.25%; padding-top: 30px; height: 0; width: 100%; overflow: hidden; margin-bottom: 1.677em;\"><iframe loading=\"lazy\" style=\"position: absolute; top: 0; left: 0;\" src=\"\/\/www.speareducation.com\/patient-education\/embed\/id\/494\/dr\/717\/key\/6ad29af8f343034ed6aeac705c4294695c5b6fcdb0a49be91b1826731a69fe61\" width=\"100%\" height=\"100%\" frameborder=\"no\" scrolling=\"no\"><\/iframe><\/div>\n<p>&nbsp;<\/p>\n<h2>Couronnes en c\u00e9ramique<\/h2>\n<p>Pour savoir comment nous nous y prenons\u00a0 pour concevoir toutes ces magnifiques couronnes en c\u00e9ramique en un seul rendez-vous, veuillez <a href=\"https:\/\/retterdentalcare.com\/fr\/technologie-cerec\">cliquer ici pour acc\u00e9der \u00e0 la section CEREC<\/a>.<\/p>\n<p>&nbsp;<\/p>\n","protected":false},"excerpt":{"rendered":"<p>Avec toutes ces options disponibles pour am\u00e9liorer votre sourire et lui redonner une apparence plus jeune, venez sans plus tarder [&hellip;]<\/p>\n","protected":false},"author":1,"featured_media":93,"parent":0,"menu_order":0,"comment_status":"closed","ping_status":"closed","template":"","meta":{"footnotes":""},"class_list":["post-290","page","type-page","status-publish","has-post-thumbnail","hentry"],"yoast_head":"<!-- This site is optimized with the Yoast SEO plugin v26.6 - https:\/\/yoast.com\/wordpress\/plugins\/seo\/ -->\n<title>Dentisterie cosm\u00e9tique - Retter Dental Care<\/title>\n<meta name=\"robots\" content=\"index, follow, max-snippet:-1, max-image-preview:large, max-video-preview:-1\" \/>\n<link rel=\"canonical\" href=\"https:\/\/retterdentalcare.com\/cosmetic-dentistry\/\" \/>\n<meta property=\"og:locale\" content=\"fr_FR\" \/>\n<meta property=\"og:type\" content=\"article\" \/>\n<meta property=\"og:title\" content=\"Dentisterie cosm\u00e9tique - Retter Dental Care\" \/>\n<meta property=\"og:description\" content=\"Avec toutes ces options disponibles pour am\u00e9liorer votre sourire et lui redonner une apparence plus jeune, venez sans plus tarder [&hellip;]\" \/>\n<meta property=\"og:url\" content=\"https:\/\/retterdentalcare.com\/cosmetic-dentistry\/\" \/>\n<meta property=\"og:site_name\" content=\"Retter Dental Care\" \/>\n<meta property=\"article:modified_time\" content=\"2018-06-19T07:15:43+00:00\" \/>\n<meta property=\"og:image\" content=\"https:\/\/retterdentalcare.com\/wp-content\/uploads\/2018\/06\/image-dentistry-60.jpg\" \/>\n\t<meta property=\"og:image:width\" content=\"1000\" \/>\n\t<meta property=\"og:image:height\" content=\"900\" \/>\n\t<meta property=\"og:image:type\" content=\"image\/jpeg\" \/>\n<meta name=\"twitter:card\" content=\"summary_large_image\" \/>\n<meta name=\"twitter:label1\" content=\"Dur\u00e9e de lecture estim\u00e9e\" \/>\n\t<meta name=\"twitter:data1\" content=\"2 minutes\" \/>\n<script type=\"application\/ld+json\" class=\"yoast-schema-graph\">{\"@context\":\"https:\/\/schema.org\",\"@graph\":[{\"@type\":\"WebPage\",\"@id\":\"https:\/\/retterdentalcare.com\/cosmetic-dentistry\/\",\"url\":\"https:\/\/retterdentalcare.com\/cosmetic-dentistry\/\",\"name\":\"Dentisterie cosm\u00e9tique - Retter Dental Care\",\"isPartOf\":{\"@id\":\"https:\/\/retterdentalcare.com\/#website\"},\"primaryImageOfPage\":{\"@id\":\"https:\/\/retterdentalcare.com\/cosmetic-dentistry\/#primaryimage\"},\"image\":{\"@id\":\"https:\/\/retterdentalcare.com\/cosmetic-dentistry\/#primaryimage\"},\"thumbnailUrl\":\"https:\/\/retterdentalcare.com\/wp-content\/uploads\/2018\/06\/image-dentistry-60.jpg\",\"datePublished\":\"2018-06-18T13:50:05+00:00\",\"dateModified\":\"2018-06-19T07:15:43+00:00\",\"breadcrumb\":{\"@id\":\"https:\/\/retterdentalcare.com\/cosmetic-dentistry\/#breadcrumb\"},\"inLanguage\":\"fr-FR\",\"potentialAction\":[{\"@type\":\"ReadAction\",\"target\":[\"https:\/\/retterdentalcare.com\/cosmetic-dentistry\/\"]}]},{\"@type\":\"ImageObject\",\"inLanguage\":\"fr-FR\",\"@id\":\"https:\/\/retterdentalcare.com\/cosmetic-dentistry\/#primaryimage\",\"url\":\"https:\/\/retterdentalcare.com\/wp-content\/uploads\/2018\/06\/image-dentistry-60.jpg\",\"contentUrl\":\"https:\/\/retterdentalcare.com\/wp-content\/uploads\/2018\/06\/image-dentistry-60.jpg\",\"width\":\"1000\",\"height\":\"900\"},{\"@type\":\"BreadcrumbList\",\"@id\":\"https:\/\/retterdentalcare.com\/cosmetic-dentistry\/#breadcrumb\",\"itemListElement\":[{\"@type\":\"ListItem\",\"position\":1,\"name\":\"Home\",\"item\":\"https:\/\/retterdentalcare.com\/fr\/\"},{\"@type\":\"ListItem\",\"position\":2,\"name\":\"Dentisterie cosm\u00e9tique\"}]},{\"@type\":\"WebSite\",\"@id\":\"https:\/\/retterdentalcare.com\/#website\",\"url\":\"https:\/\/retterdentalcare.com\/\",\"name\":\"Retter Dental Care\",\"description\":\"The Best Care In The Most Comfortable Environment\",\"potentialAction\":[{\"@type\":\"SearchAction\",\"target\":{\"@type\":\"EntryPoint\",\"urlTemplate\":\"https:\/\/retterdentalcare.com\/?s={search_term_string}\"},\"query-input\":{\"@type\":\"PropertyValueSpecification\",\"valueRequired\":true,\"valueName\":\"search_term_string\"}}],\"inLanguage\":\"fr-FR\"}]}<\/script>\n<!-- \/ Yoast SEO plugin. -->","yoast_head_json":{"title":"Dentisterie cosm\u00e9tique - Retter Dental Care","robots":{"index":"index","follow":"follow","max-snippet":"max-snippet:-1","max-image-preview":"max-image-preview:large","max-video-preview":"max-video-preview:-1"},"canonical":"https:\/\/retterdentalcare.com\/cosmetic-dentistry\/","og_locale":"fr_FR","og_type":"article","og_title":"Dentisterie cosm\u00e9tique - Retter Dental Care","og_description":"Avec toutes ces options disponibles pour am\u00e9liorer votre sourire et lui redonner une apparence plus jeune, venez sans plus tarder [&hellip;]","og_url":"https:\/\/retterdentalcare.com\/cosmetic-dentistry\/","og_site_name":"Retter Dental Care","article_modified_time":"2018-06-19T07:15:43+00:00","og_image":[{"width":1000,"height":900,"url":"https:\/\/retterdentalcare.com\/wp-content\/uploads\/2018\/06\/image-dentistry-60.jpg","type":"image\/jpeg"}],"twitter_card":"summary_large_image","twitter_misc":{"Dur\u00e9e de lecture estim\u00e9e":"2 minutes"},"schema":{"@context":"https:\/\/schema.org","@graph":[{"@type":"WebPage","@id":"https:\/\/retterdentalcare.com\/cosmetic-dentistry\/","url":"https:\/\/retterdentalcare.com\/cosmetic-dentistry\/","name":"Dentisterie cosm\u00e9tique - Retter Dental Care","isPartOf":{"@id":"https:\/\/retterdentalcare.com\/#website"},"primaryImageOfPage":{"@id":"https:\/\/retterdentalcare.com\/cosmetic-dentistry\/#primaryimage"},"image":{"@id":"https:\/\/retterdentalcare.com\/cosmetic-dentistry\/#primaryimage"},"thumbnailUrl":"https:\/\/retterdentalcare.com\/wp-content\/uploads\/2018\/06\/image-dentistry-60.jpg","datePublished":"2018-06-18T13:50:05+00:00","dateModified":"2018-06-19T07:15:43+00:00","breadcrumb":{"@id":"https:\/\/retterdentalcare.com\/cosmetic-dentistry\/#breadcrumb"},"inLanguage":"fr-FR","potentialAction":[{"@type":"ReadAction","target":["https:\/\/retterdentalcare.com\/cosmetic-dentistry\/"]}]},{"@type":"ImageObject","inLanguage":"fr-FR","@id":"https:\/\/retterdentalcare.com\/cosmetic-dentistry\/#primaryimage","url":"https:\/\/retterdentalcare.com\/wp-content\/uploads\/2018\/06\/image-dentistry-60.jpg","contentUrl":"https:\/\/retterdentalcare.com\/wp-content\/uploads\/2018\/06\/image-dentistry-60.jpg","width":"1000","height":"900"},{"@type":"BreadcrumbList","@id":"https:\/\/retterdentalcare.com\/cosmetic-dentistry\/#breadcrumb","itemListElement":[{"@type":"ListItem","position":1,"name":"Home","item":"https:\/\/retterdentalcare.com\/fr\/"},{"@type":"ListItem","position":2,"name":"Dentisterie cosm\u00e9tique"}]},{"@type":"WebSite","@id":"https:\/\/retterdentalcare.com\/#website","url":"https:\/\/retterdentalcare.com\/","name":"Retter Dental Care","description":"The Best Care In The Most Comfortable Environment","potentialAction":[{"@type":"SearchAction","target":{"@type":"EntryPoint","urlTemplate":"https:\/\/retterdentalcare.com\/?s={search_term_string}"},"query-input":{"@type":"PropertyValueSpecification","valueRequired":true,"valueName":"search_term_string"}}],"inLanguage":"fr-FR"}]}},"_links":{"self":[{"href":"https:\/\/retterdentalcare.com\/fr\/wp-json\/wp\/v2\/pages\/290","targetHints":{"allow":["GET"]}}],"collection":[{"href":"https:\/\/retterdentalcare.com\/fr\/wp-json\/wp\/v2\/pages"}],"about":[{"href":"https:\/\/retterdentalcare.com\/fr\/wp-json\/wp\/v2\/types\/page"}],"author":[{"embeddable":true,"href":"https:\/\/retterdentalcare.com\/fr\/wp-json\/wp\/v2\/users\/1"}],"replies":[{"embeddable":true,"href":"https:\/\/retterdentalcare.com\/fr\/wp-json\/wp\/v2\/comments?post=290"}],"version-history":[{"count":0,"href":"https:\/\/retterdentalcare.com\/fr\/wp-json\/wp\/v2\/pages\/290\/revisions"}],"wp:featuredmedia":[{"embeddable":true,"href":"https:\/\/retterdentalcare.com\/fr\/wp-json\/wp\/v2\/media\/93"}],"wp:attachment":[{"href":"https:\/\/retterdentalcare.com\/fr\/wp-json\/wp\/v2\/media?parent=290"}],"curies":[{"name":"wp","href":"https:\/\/api.w.org\/{rel}","templated":true}]}}