{"id":307,"date":"2018-06-18T14:53:32","date_gmt":"2018-06-18T13:53:32","guid":{"rendered":"http:\/\/localhost\/retter-dental-care\/sedation-dentistry\/"},"modified":"2018-06-19T08:26:38","modified_gmt":"2018-06-19T07:26:38","slug":"sedation","status":"publish","type":"page","link":"https:\/\/retterdentalcare.com\/fr\/sedation\/","title":{"rendered":"S\u00e9dation"},"content":{"rendered":"<p>Gr\u00e2ce aux miracles de la dentisterie moderne, nous pouvons d\u00e9sormais avoir recours \u00e0 la s\u00e9dation pour traiter en toute s\u00e9curit\u00e9 les patients anxieux et, dans la majorit\u00e9 des cas, compl\u00e9ter la proc\u00e9dure en une seule visite.<\/p>\n<p>La phobie des traitements dentaires et des dentistes est relativement fr\u00e9quente. En fait, de nombreuses personnes \u00e9vitent d&#8217;aller chez le dentiste et voient par cons\u00e9quent leur sant\u00e9 bucco-dentaire se d\u00e9t\u00e9riorer. Par le biais de la s\u00e9dation, vous pouvez avoir le sourire que vous avez toujours voulu avoir, sans le stress ou la peur g\u00e9n\u00e9ralement ressentis chez le dentiste.<\/p>\n<h2>Qui peut b\u00e9n\u00e9ficier de la s\u00e9dation?<\/h2>\n<p>La plupart des patients sont de bons candidats pour la s\u00e9dation. Celle-ci peut aider les patients qui&#8230;<\/p>\n<ul>\n<li>ont une phobie ou ressentent de l&#8217;anxi\u00e9t\u00e9 pendant le traitement<\/li>\n<li>ont v\u00e9cu une exp\u00e9rience traumatisante chez le dentiste<\/li>\n<li>doivent subir une chirurgie<\/li>\n<li>ressentent facilement la naus\u00e9e<\/li>\n<li>sont aux prises avec des probl\u00e8mes dentaires complexes<\/li>\n<li>ont des mouvements involontaires caus\u00e9s par une maladie telle que le Parkinson ou la paralysie c\u00e9r\u00e9brale<\/li>\n<\/ul>\n<h2>Comment la s\u00e9dation fonctionne-t-elle?<\/h2>\n<p>La s\u00e9dation par voie orale consiste \u00e0 vous donner une petite pilule s\u00e9dative avant le traitement. Vous vous sentirez alors d\u00e9tendu et somnolent au moment o\u00f9 nous entamerons la proc\u00e9dure. Il est indispensable d&#8217;avoir un chauffeur d\u00e9sign\u00e9 pour retourner \u00e0 la maison. Pendant le traitement, un assistant form\u00e9 sera pr\u00e9sent et surveillera vos signes vitaux. Le professionnel dentaire et notre \u00e9quipe exp\u00e9riment\u00e9e effectueront les travaux n\u00e9cessaires. En d\u00e9pit du niveau de relaxation dans lequel vous vous trouverez, vous serez en mesure de parler et d&#8217;obtemp\u00e9rer aux demandes du dentiste.<\/p>\n<h2>Questions fr\u00e9quemment demand\u00e9es au sujet de la s\u00e9dation<\/h2>\n<h3>Vais-je ressentir de la douleur?<\/h3>\n<p>La plupart des patients ne ressentent aucun inconfort pendant l&#8217;intervention et \u00e9prouvent souvent une sensation de bien-\u00eatre une fois la proc\u00e9dure termin\u00e9e.<\/p>\n<h3>Serais-je inconscient?<\/h3>\n<p>Non, vous serez dans un \u00e9tat de relaxation profonde, mais vous serez en mesure de r\u00e9pondre aux questions et demandes du dentiste.<\/p>\n<h3>Serais-je sous surveillance?<\/h3>\n<p>Oui, un membre de notre \u00e9quipe surveillera attentivement vos signes vitaux tout au long de la proc\u00e9dure.<\/p>\n<h3>Combien de temps la s\u00e9dation dure-t-elle?<\/h3>\n<p>Selon le type de proc\u00e9dure et vos besoins, la dur\u00e9e de la s\u00e9dation varie entre deux et six heures.<\/p>\n<h3>Ai-je besoin d&#8217;\u00eatre accompagn\u00e9 pour le retour \u00e0 la maison?<\/h3>\n<p>Oui, compte tenu des effets s\u00e9datifs de la m\u00e9dication qui vous sera administr\u00e9e, vous devrez \u00eatre accompagn\u00e9 d&#8217;un adulte pour vous reconduire \u00e0 la maison.<\/p>\n","protected":false},"excerpt":{"rendered":"<p>Gr\u00e2ce aux miracles de la dentisterie moderne, nous pouvons d\u00e9sormais avoir recours \u00e0 la s\u00e9dation pour traiter en toute s\u00e9curit\u00e9 [&hellip;]<\/p>\n","protected":false},"author":1,"featured_media":99,"parent":0,"menu_order":0,"comment_status":"closed","ping_status":"closed","template":"","meta":{"footnotes":""},"class_list":["post-307","page","type-page","status-publish","has-post-thumbnail","hentry"],"yoast_head":"<!-- This site is optimized with the Yoast SEO plugin v26.6 - https:\/\/yoast.com\/wordpress\/plugins\/seo\/ -->\n<title>S\u00e9dation - Retter Dental Care<\/title>\n<meta name=\"robots\" content=\"index, follow, max-snippet:-1, max-image-preview:large, max-video-preview:-1\" \/>\n<link rel=\"canonical\" href=\"https:\/\/retterdentalcare.com\/sedation-dentistry\/\" \/>\n<meta property=\"og:locale\" content=\"fr_FR\" \/>\n<meta property=\"og:type\" content=\"article\" \/>\n<meta property=\"og:title\" content=\"S\u00e9dation - Retter Dental Care\" \/>\n<meta property=\"og:description\" content=\"Gr\u00e2ce aux miracles de la dentisterie moderne, nous pouvons d\u00e9sormais avoir recours \u00e0 la s\u00e9dation pour traiter en toute s\u00e9curit\u00e9 [&hellip;]\" \/>\n<meta property=\"og:url\" content=\"https:\/\/retterdentalcare.com\/sedation-dentistry\/\" \/>\n<meta property=\"og:site_name\" content=\"Retter Dental Care\" \/>\n<meta property=\"article:modified_time\" content=\"2018-06-19T07:26:38+00:00\" \/>\n<meta property=\"og:image\" content=\"https:\/\/retterdentalcare.com\/wp-content\/uploads\/2018\/06\/image-dentistry-36.jpg\" \/>\n\t<meta property=\"og:image:width\" content=\"1000\" \/>\n\t<meta property=\"og:image:height\" content=\"900\" \/>\n\t<meta property=\"og:image:type\" content=\"image\/jpeg\" \/>\n<meta name=\"twitter:card\" content=\"summary_large_image\" \/>\n<meta name=\"twitter:label1\" content=\"Dur\u00e9e de lecture estim\u00e9e\" \/>\n\t<meta name=\"twitter:data1\" content=\"2 minutes\" \/>\n<script type=\"application\/ld+json\" class=\"yoast-schema-graph\">{\"@context\":\"https:\/\/schema.org\",\"@graph\":[{\"@type\":\"WebPage\",\"@id\":\"https:\/\/retterdentalcare.com\/sedation-dentistry\/\",\"url\":\"https:\/\/retterdentalcare.com\/sedation-dentistry\/\",\"name\":\"S\u00e9dation - Retter Dental Care\",\"isPartOf\":{\"@id\":\"https:\/\/retterdentalcare.com\/#website\"},\"primaryImageOfPage\":{\"@id\":\"https:\/\/retterdentalcare.com\/sedation-dentistry\/#primaryimage\"},\"image\":{\"@id\":\"https:\/\/retterdentalcare.com\/sedation-dentistry\/#primaryimage\"},\"thumbnailUrl\":\"https:\/\/retterdentalcare.com\/wp-content\/uploads\/2018\/06\/image-dentistry-36.jpg\",\"datePublished\":\"2018-06-18T13:53:32+00:00\",\"dateModified\":\"2018-06-19T07:26:38+00:00\",\"breadcrumb\":{\"@id\":\"https:\/\/retterdentalcare.com\/sedation-dentistry\/#breadcrumb\"},\"inLanguage\":\"fr-FR\",\"potentialAction\":[{\"@type\":\"ReadAction\",\"target\":[\"https:\/\/retterdentalcare.com\/sedation-dentistry\/\"]}]},{\"@type\":\"ImageObject\",\"inLanguage\":\"fr-FR\",\"@id\":\"https:\/\/retterdentalcare.com\/sedation-dentistry\/#primaryimage\",\"url\":\"https:\/\/retterdentalcare.com\/wp-content\/uploads\/2018\/06\/image-dentistry-36.jpg\",\"contentUrl\":\"https:\/\/retterdentalcare.com\/wp-content\/uploads\/2018\/06\/image-dentistry-36.jpg\",\"width\":\"1000\",\"height\":\"900\"},{\"@type\":\"BreadcrumbList\",\"@id\":\"https:\/\/retterdentalcare.com\/sedation-dentistry\/#breadcrumb\",\"itemListElement\":[{\"@type\":\"ListItem\",\"position\":1,\"name\":\"Home\",\"item\":\"https:\/\/retterdentalcare.com\/fr\/\"},{\"@type\":\"ListItem\",\"position\":2,\"name\":\"S\u00e9dation\"}]},{\"@type\":\"WebSite\",\"@id\":\"https:\/\/retterdentalcare.com\/#website\",\"url\":\"https:\/\/retterdentalcare.com\/\",\"name\":\"Retter Dental Care\",\"description\":\"The Best Care In The Most Comfortable Environment\",\"potentialAction\":[{\"@type\":\"SearchAction\",\"target\":{\"@type\":\"EntryPoint\",\"urlTemplate\":\"https:\/\/retterdentalcare.com\/?s={search_term_string}\"},\"query-input\":{\"@type\":\"PropertyValueSpecification\",\"valueRequired\":true,\"valueName\":\"search_term_string\"}}],\"inLanguage\":\"fr-FR\"}]}<\/script>\n<!-- \/ Yoast SEO plugin. -->","yoast_head_json":{"title":"S\u00e9dation - Retter Dental Care","robots":{"index":"index","follow":"follow","max-snippet":"max-snippet:-1","max-image-preview":"max-image-preview:large","max-video-preview":"max-video-preview:-1"},"canonical":"https:\/\/retterdentalcare.com\/sedation-dentistry\/","og_locale":"fr_FR","og_type":"article","og_title":"S\u00e9dation - Retter Dental Care","og_description":"Gr\u00e2ce aux miracles de la dentisterie moderne, nous pouvons d\u00e9sormais avoir recours \u00e0 la s\u00e9dation pour traiter en toute s\u00e9curit\u00e9 [&hellip;]","og_url":"https:\/\/retterdentalcare.com\/sedation-dentistry\/","og_site_name":"Retter Dental Care","article_modified_time":"2018-06-19T07:26:38+00:00","og_image":[{"width":1000,"height":900,"url":"https:\/\/retterdentalcare.com\/wp-content\/uploads\/2018\/06\/image-dentistry-36.jpg","type":"image\/jpeg"}],"twitter_card":"summary_large_image","twitter_misc":{"Dur\u00e9e de lecture estim\u00e9e":"2 minutes"},"schema":{"@context":"https:\/\/schema.org","@graph":[{"@type":"WebPage","@id":"https:\/\/retterdentalcare.com\/sedation-dentistry\/","url":"https:\/\/retterdentalcare.com\/sedation-dentistry\/","name":"S\u00e9dation - Retter Dental Care","isPartOf":{"@id":"https:\/\/retterdentalcare.com\/#website"},"primaryImageOfPage":{"@id":"https:\/\/retterdentalcare.com\/sedation-dentistry\/#primaryimage"},"image":{"@id":"https:\/\/retterdentalcare.com\/sedation-dentistry\/#primaryimage"},"thumbnailUrl":"https:\/\/retterdentalcare.com\/wp-content\/uploads\/2018\/06\/image-dentistry-36.jpg","datePublished":"2018-06-18T13:53:32+00:00","dateModified":"2018-06-19T07:26:38+00:00","breadcrumb":{"@id":"https:\/\/retterdentalcare.com\/sedation-dentistry\/#breadcrumb"},"inLanguage":"fr-FR","potentialAction":[{"@type":"ReadAction","target":["https:\/\/retterdentalcare.com\/sedation-dentistry\/"]}]},{"@type":"ImageObject","inLanguage":"fr-FR","@id":"https:\/\/retterdentalcare.com\/sedation-dentistry\/#primaryimage","url":"https:\/\/retterdentalcare.com\/wp-content\/uploads\/2018\/06\/image-dentistry-36.jpg","contentUrl":"https:\/\/retterdentalcare.com\/wp-content\/uploads\/2018\/06\/image-dentistry-36.jpg","width":"1000","height":"900"},{"@type":"BreadcrumbList","@id":"https:\/\/retterdentalcare.com\/sedation-dentistry\/#breadcrumb","itemListElement":[{"@type":"ListItem","position":1,"name":"Home","item":"https:\/\/retterdentalcare.com\/fr\/"},{"@type":"ListItem","position":2,"name":"S\u00e9dation"}]},{"@type":"WebSite","@id":"https:\/\/retterdentalcare.com\/#website","url":"https:\/\/retterdentalcare.com\/","name":"Retter Dental Care","description":"The Best Care In The Most Comfortable Environment","potentialAction":[{"@type":"SearchAction","target":{"@type":"EntryPoint","urlTemplate":"https:\/\/retterdentalcare.com\/?s={search_term_string}"},"query-input":{"@type":"PropertyValueSpecification","valueRequired":true,"valueName":"search_term_string"}}],"inLanguage":"fr-FR"}]}},"_links":{"self":[{"href":"https:\/\/retterdentalcare.com\/fr\/wp-json\/wp\/v2\/pages\/307","targetHints":{"allow":["GET"]}}],"collection":[{"href":"https:\/\/retterdentalcare.com\/fr\/wp-json\/wp\/v2\/pages"}],"about":[{"href":"https:\/\/retterdentalcare.com\/fr\/wp-json\/wp\/v2\/types\/page"}],"author":[{"embeddable":true,"href":"https:\/\/retterdentalcare.com\/fr\/wp-json\/wp\/v2\/users\/1"}],"replies":[{"embeddable":true,"href":"https:\/\/retterdentalcare.com\/fr\/wp-json\/wp\/v2\/comments?post=307"}],"version-history":[{"count":0,"href":"https:\/\/retterdentalcare.com\/fr\/wp-json\/wp\/v2\/pages\/307\/revisions"}],"wp:featuredmedia":[{"embeddable":true,"href":"https:\/\/retterdentalcare.com\/fr\/wp-json\/wp\/v2\/media\/99"}],"wp:attachment":[{"href":"https:\/\/retterdentalcare.com\/fr\/wp-json\/wp\/v2\/media?parent=307"}],"curies":[{"name":"wp","href":"https:\/\/api.w.org\/{rel}","templated":true}]}}