{"id":319,"date":"2018-06-18T16:13:02","date_gmt":"2018-06-18T15:13:02","guid":{"rendered":"http:\/\/localhost\/retter-dental-care\/wisdom-teeth-extraction\/"},"modified":"2018-06-19T08:53:12","modified_gmt":"2018-06-19T07:53:12","slug":"extraction-des-dents-de-sagesse","status":"publish","type":"page","link":"https:\/\/retterdentalcare.com\/fr\/extraction-des-dents-de-sagesse\/","title":{"rendered":"Extraction des dents de sagesse"},"content":{"rendered":"<p>Les dents de sagesse, \u00e9galement appel\u00e9es troisi\u00e8mes molaires, \u00e9mergent habituellement entre 17 et 25 ans. Des \u00e9tudes anthropologiques d\u00e9montrent qu&#8217;anciennement les dents de sagesse permettaient de contrer l&#8217;usure excessive des dents, le tout caus\u00e9 par l&#8217;alimentation de l&#8217;\u00e9poque. Toutefois, notre r\u00e9gime alimentaire s&#8217;\u00e9tant \u00e9norm\u00e9ment raffin\u00e9 depuis, les dents de sagesse sont devenues en quelque sorte d\u00e9su\u00e8tes. Par cons\u00e9quent, il arrive tr\u00e8s souvent qu&#8217;elles n&#8217;aient pas suffisamment d&#8217;espace pour se d\u00e9velopper normalement.<\/p>\n<div style=\"position: relative; padding-bottom: 56.25%; padding-top: 30px; height: 0; width: 100%; overflow: hidden; margin-bottom: 1.677em;\"><iframe loading=\"lazy\" style=\"position: absolute; top: 0; left: 0;\" src=\"\/\/www.speareducation.com\/patient-education\/embed\/id\/534\/dr\/717\/key\/7ae83ea1d1721292253382dc69345c95b73ba238f82369bb98edee5f1169ea93\" width=\"100%\" height=\"100%\" frameborder=\"no\" scrolling=\"no\"><\/iframe><\/div>\n<p>&nbsp;<\/p>\n<h2>Qu&#8217;est-ce qu&#8217;une dent incluse?<\/h2>\n<p>Une dent devient incluse lorsqu&#8217;elle n&#8217;a pas l&#8217;espace requis pour \u00e9merger dans l&#8217;arcade dentaire. La dent demeure alors prise sous la gencive, l&#8217;os ou une autre dent. Une dent peut \u00eatre semi incluse (ce qui signifie qu&#8217;elle a r\u00e9ussi \u00e0 \u00e9merger partiellement) ou encore \u00eatre enti\u00e8rement incluse (lorsqu&#8217;elle reste compl\u00e8tement sous la gencive).<\/p>\n<h3>Quels sont les probl\u00e8mes relatifs aux dents de sagesse incluses?<\/h3>\n<p>De nombreux probl\u00e8mes risquent de survenir selon s&#8217;il s&#8217;agit de dents semi incluses ou enti\u00e8rement incluses. Les dents de sagesse semi incluses peuvent causer de l&#8217;irritation ou de l&#8217;inflammation des tissus recouvrant la gencive. Il peut donc y avoir du foulage alimentaire dans la zone environnante, ce qui favorise la formation de caries, tant sur la dent de sagesse elle-m\u00eame que sur les dents adjacentes. Dans ce cas de figure, si on n\u00e9glige d&#8217;extraire la dent de sagesse au moment opportun, un traitement de canal devra \u00eatre effectu\u00e9. La r\u00e9gion peut \u00e9galement \u00eatre infect\u00e9e et l&#8217;infection peut se r\u00e9pandre aux muscles responsables de\u00a0 l&#8217;occlusion, ce qui risque d&#8217;occasionner des raideurs, de la douleur ou de la difficult\u00e9 \u00e0 ouvrir la bouche. En outre, la pression exerc\u00e9e par la dent de sagesse qui tente d&#8217;\u00e9merger est susceptible de perturber l&#8217;alignement des dents voisines.<\/p>\n<div style=\"position: relative; padding-bottom: 56.25%; padding-top: 30px; height: 0; width: 100%; overflow: hidden; margin-bottom: 1.677em;\"><iframe loading=\"lazy\" style=\"position: absolute; top: 0; left: 0;\" src=\"\/\/www.speareducation.com\/patient-education\/embed\/id\/568\/dr\/717\/key\/5fda221a7696c2de84018fea76c439c24330da656bd9ab19c8fc886728e9b618\" width=\"100%\" height=\"100%\" frameborder=\"no\" scrolling=\"no\"><\/iframe><\/div>\n<p>&nbsp;<\/p>\n<h2>Quel est le moment id\u00e9al pour extraire une dent de sagesse?<\/h2>\n<p>Les dents de sagesse sont plus faciles \u00e0 extraire lorsque le patient est jeune, soit lorsque les racines ne sont pas encore tout \u00e0 fait form\u00e9es et que l&#8217;os de soutien est plus mou. Le risque de causer des dommages aux nerfs ou autres structures est par cons\u00e9quent moins grand. Extraire une dent de sagesse chez un patient plus \u00e2g\u00e9 est un plus complexe puisque les racines ont termin\u00e9 leur croissance (risque accru d&#8217;atteindre le nerf) et que l&#8217;os de la m\u00e2choire est plus dense. De plus, extraire les dents de fa\u00e7on pr\u00e9coce assure de meilleurs r\u00e9sultats, tout en \u00e9tant moins douloureux comme intervention. Chez certains patients les dents de sagesse peuvent \u00e9merger normalement et seront bien positionn\u00e9es dans l&#8217;arcade dentaire. Le cas \u00e9ch\u00e9ant, les dents sagesse peuvent \u00eatre conserv\u00e9es, en autant que le patient applique les soins requis \u00e0 la maison.<\/p>\n<p>&nbsp;<\/p>\n","protected":false},"excerpt":{"rendered":"<p>Les dents de sagesse, \u00e9galement appel\u00e9es troisi\u00e8mes molaires, \u00e9mergent habituellement entre 17 et 25 ans. Des \u00e9tudes anthropologiques d\u00e9montrent qu&#8217;anciennement [&hellip;]<\/p>\n","protected":false},"author":1,"featured_media":144,"parent":0,"menu_order":0,"comment_status":"closed","ping_status":"closed","template":"","meta":{"footnotes":""},"class_list":["post-319","page","type-page","status-publish","has-post-thumbnail","hentry"],"yoast_head":"<!-- This site is optimized with the Yoast SEO plugin v26.6 - https:\/\/yoast.com\/wordpress\/plugins\/seo\/ -->\n<title>Extraction des dents de sagesse - Retter Dental Care<\/title>\n<meta name=\"robots\" content=\"index, follow, max-snippet:-1, max-image-preview:large, max-video-preview:-1\" \/>\n<link rel=\"canonical\" href=\"https:\/\/retterdentalcare.com\/wisdom-teeth-extraction\/\" \/>\n<meta property=\"og:locale\" content=\"fr_FR\" \/>\n<meta property=\"og:type\" content=\"article\" \/>\n<meta property=\"og:title\" content=\"Extraction des dents de sagesse - Retter Dental Care\" \/>\n<meta property=\"og:description\" content=\"Les dents de sagesse, \u00e9galement appel\u00e9es troisi\u00e8mes molaires, \u00e9mergent habituellement entre 17 et 25 ans. Des \u00e9tudes anthropologiques d\u00e9montrent qu&#8217;anciennement [&hellip;]\" \/>\n<meta property=\"og:url\" content=\"https:\/\/retterdentalcare.com\/wisdom-teeth-extraction\/\" \/>\n<meta property=\"og:site_name\" content=\"Retter Dental Care\" \/>\n<meta property=\"article:modified_time\" content=\"2018-06-19T07:53:12+00:00\" \/>\n<meta property=\"og:image\" content=\"https:\/\/retterdentalcare.com\/wp-content\/uploads\/2018\/06\/image-dentistry-10.jpg\" \/>\n\t<meta property=\"og:image:width\" content=\"1000\" \/>\n\t<meta property=\"og:image:height\" content=\"900\" \/>\n\t<meta property=\"og:image:type\" content=\"image\/jpeg\" \/>\n<meta name=\"twitter:card\" content=\"summary_large_image\" \/>\n<meta name=\"twitter:label1\" content=\"Dur\u00e9e de lecture estim\u00e9e\" \/>\n\t<meta name=\"twitter:data1\" content=\"2 minutes\" \/>\n<script type=\"application\/ld+json\" class=\"yoast-schema-graph\">{\"@context\":\"https:\/\/schema.org\",\"@graph\":[{\"@type\":\"WebPage\",\"@id\":\"https:\/\/retterdentalcare.com\/wisdom-teeth-extraction\/\",\"url\":\"https:\/\/retterdentalcare.com\/wisdom-teeth-extraction\/\",\"name\":\"Extraction des dents de sagesse - Retter Dental Care\",\"isPartOf\":{\"@id\":\"https:\/\/retterdentalcare.com\/#website\"},\"primaryImageOfPage\":{\"@id\":\"https:\/\/retterdentalcare.com\/wisdom-teeth-extraction\/#primaryimage\"},\"image\":{\"@id\":\"https:\/\/retterdentalcare.com\/wisdom-teeth-extraction\/#primaryimage\"},\"thumbnailUrl\":\"https:\/\/retterdentalcare.com\/wp-content\/uploads\/2018\/06\/image-dentistry-10.jpg\",\"datePublished\":\"2018-06-18T15:13:02+00:00\",\"dateModified\":\"2018-06-19T07:53:12+00:00\",\"breadcrumb\":{\"@id\":\"https:\/\/retterdentalcare.com\/wisdom-teeth-extraction\/#breadcrumb\"},\"inLanguage\":\"fr-FR\",\"potentialAction\":[{\"@type\":\"ReadAction\",\"target\":[\"https:\/\/retterdentalcare.com\/wisdom-teeth-extraction\/\"]}]},{\"@type\":\"ImageObject\",\"inLanguage\":\"fr-FR\",\"@id\":\"https:\/\/retterdentalcare.com\/wisdom-teeth-extraction\/#primaryimage\",\"url\":\"https:\/\/retterdentalcare.com\/wp-content\/uploads\/2018\/06\/image-dentistry-10.jpg\",\"contentUrl\":\"https:\/\/retterdentalcare.com\/wp-content\/uploads\/2018\/06\/image-dentistry-10.jpg\",\"width\":\"1000\",\"height\":\"900\"},{\"@type\":\"BreadcrumbList\",\"@id\":\"https:\/\/retterdentalcare.com\/wisdom-teeth-extraction\/#breadcrumb\",\"itemListElement\":[{\"@type\":\"ListItem\",\"position\":1,\"name\":\"Home\",\"item\":\"https:\/\/retterdentalcare.com\/fr\/\"},{\"@type\":\"ListItem\",\"position\":2,\"name\":\"Extraction des dents de sagesse\"}]},{\"@type\":\"WebSite\",\"@id\":\"https:\/\/retterdentalcare.com\/#website\",\"url\":\"https:\/\/retterdentalcare.com\/\",\"name\":\"Retter Dental Care\",\"description\":\"The Best Care In The Most Comfortable Environment\",\"potentialAction\":[{\"@type\":\"SearchAction\",\"target\":{\"@type\":\"EntryPoint\",\"urlTemplate\":\"https:\/\/retterdentalcare.com\/?s={search_term_string}\"},\"query-input\":{\"@type\":\"PropertyValueSpecification\",\"valueRequired\":true,\"valueName\":\"search_term_string\"}}],\"inLanguage\":\"fr-FR\"}]}<\/script>\n<!-- \/ Yoast SEO plugin. -->","yoast_head_json":{"title":"Extraction des dents de sagesse - Retter Dental Care","robots":{"index":"index","follow":"follow","max-snippet":"max-snippet:-1","max-image-preview":"max-image-preview:large","max-video-preview":"max-video-preview:-1"},"canonical":"https:\/\/retterdentalcare.com\/wisdom-teeth-extraction\/","og_locale":"fr_FR","og_type":"article","og_title":"Extraction des dents de sagesse - Retter Dental Care","og_description":"Les dents de sagesse, \u00e9galement appel\u00e9es troisi\u00e8mes molaires, \u00e9mergent habituellement entre 17 et 25 ans. Des \u00e9tudes anthropologiques d\u00e9montrent qu&#8217;anciennement [&hellip;]","og_url":"https:\/\/retterdentalcare.com\/wisdom-teeth-extraction\/","og_site_name":"Retter Dental Care","article_modified_time":"2018-06-19T07:53:12+00:00","og_image":[{"width":1000,"height":900,"url":"https:\/\/retterdentalcare.com\/wp-content\/uploads\/2018\/06\/image-dentistry-10.jpg","type":"image\/jpeg"}],"twitter_card":"summary_large_image","twitter_misc":{"Dur\u00e9e de lecture estim\u00e9e":"2 minutes"},"schema":{"@context":"https:\/\/schema.org","@graph":[{"@type":"WebPage","@id":"https:\/\/retterdentalcare.com\/wisdom-teeth-extraction\/","url":"https:\/\/retterdentalcare.com\/wisdom-teeth-extraction\/","name":"Extraction des dents de sagesse - Retter Dental Care","isPartOf":{"@id":"https:\/\/retterdentalcare.com\/#website"},"primaryImageOfPage":{"@id":"https:\/\/retterdentalcare.com\/wisdom-teeth-extraction\/#primaryimage"},"image":{"@id":"https:\/\/retterdentalcare.com\/wisdom-teeth-extraction\/#primaryimage"},"thumbnailUrl":"https:\/\/retterdentalcare.com\/wp-content\/uploads\/2018\/06\/image-dentistry-10.jpg","datePublished":"2018-06-18T15:13:02+00:00","dateModified":"2018-06-19T07:53:12+00:00","breadcrumb":{"@id":"https:\/\/retterdentalcare.com\/wisdom-teeth-extraction\/#breadcrumb"},"inLanguage":"fr-FR","potentialAction":[{"@type":"ReadAction","target":["https:\/\/retterdentalcare.com\/wisdom-teeth-extraction\/"]}]},{"@type":"ImageObject","inLanguage":"fr-FR","@id":"https:\/\/retterdentalcare.com\/wisdom-teeth-extraction\/#primaryimage","url":"https:\/\/retterdentalcare.com\/wp-content\/uploads\/2018\/06\/image-dentistry-10.jpg","contentUrl":"https:\/\/retterdentalcare.com\/wp-content\/uploads\/2018\/06\/image-dentistry-10.jpg","width":"1000","height":"900"},{"@type":"BreadcrumbList","@id":"https:\/\/retterdentalcare.com\/wisdom-teeth-extraction\/#breadcrumb","itemListElement":[{"@type":"ListItem","position":1,"name":"Home","item":"https:\/\/retterdentalcare.com\/fr\/"},{"@type":"ListItem","position":2,"name":"Extraction des dents de sagesse"}]},{"@type":"WebSite","@id":"https:\/\/retterdentalcare.com\/#website","url":"https:\/\/retterdentalcare.com\/","name":"Retter Dental Care","description":"The Best Care In The Most Comfortable Environment","potentialAction":[{"@type":"SearchAction","target":{"@type":"EntryPoint","urlTemplate":"https:\/\/retterdentalcare.com\/?s={search_term_string}"},"query-input":{"@type":"PropertyValueSpecification","valueRequired":true,"valueName":"search_term_string"}}],"inLanguage":"fr-FR"}]}},"_links":{"self":[{"href":"https:\/\/retterdentalcare.com\/fr\/wp-json\/wp\/v2\/pages\/319","targetHints":{"allow":["GET"]}}],"collection":[{"href":"https:\/\/retterdentalcare.com\/fr\/wp-json\/wp\/v2\/pages"}],"about":[{"href":"https:\/\/retterdentalcare.com\/fr\/wp-json\/wp\/v2\/types\/page"}],"author":[{"embeddable":true,"href":"https:\/\/retterdentalcare.com\/fr\/wp-json\/wp\/v2\/users\/1"}],"replies":[{"embeddable":true,"href":"https:\/\/retterdentalcare.com\/fr\/wp-json\/wp\/v2\/comments?post=319"}],"version-history":[{"count":0,"href":"https:\/\/retterdentalcare.com\/fr\/wp-json\/wp\/v2\/pages\/319\/revisions"}],"wp:featuredmedia":[{"embeddable":true,"href":"https:\/\/retterdentalcare.com\/fr\/wp-json\/wp\/v2\/media\/144"}],"wp:attachment":[{"href":"https:\/\/retterdentalcare.com\/fr\/wp-json\/wp\/v2\/media?parent=319"}],"curies":[{"name":"wp","href":"https:\/\/api.w.org\/{rel}","templated":true}]}}