{"id":322,"date":"2018-06-18T16:16:04","date_gmt":"2018-06-18T15:16:04","guid":{"rendered":"http:\/\/localhost\/retter-dental-care\/dental-implants\/"},"modified":"2018-06-19T09:00:36","modified_gmt":"2018-06-19T08:00:36","slug":"implants-dentaires","status":"publish","type":"page","link":"https:\/\/retterdentalcare.com\/fr\/implants-dentaires\/","title":{"rendered":"Implants dentaires"},"content":{"rendered":"<p>L&#8217;implantologie est la solution de choix pour remplacer une dent de fa\u00e7on permanente. Que vous souhaitiez en remplacer une ou plusieurs, l&#8217;implant dentaire s&#8217;av\u00e8re la meilleure option pour am\u00e9liorer \u00e0 la fois la mastication, l&#8217;esth\u00e9tique de votre sourire ainsi que votre qualit\u00e9 de vie.<\/p>\n<div style=\"position: relative; padding-bottom: 56.25%; padding-top: 30px; height: 0; width: 100%; overflow: hidden; margin-bottom: 1.677em;\"><iframe loading=\"lazy\" style=\"position: absolute; top: 0; left: 0;\" src=\"\/\/www.speareducation.com\/patient-education\/embed\/id\/502\/dr\/717\/key\/24b88ebff55c7099aea1b9db8aaca5f54802e3cde6450731f0316ef809b32317\" width=\"100%\" height=\"100%\" frameborder=\"no\" scrolling=\"no\"><\/iframe><\/div>\n<p>&nbsp;<\/p>\n<p>Pour en savoir davantage sur la fa\u00e7on dont Soins dentaires Retter utilise le nec plus ultra en mati\u00e8re de technologie dentaire pour concevoir vos implants, veuillez cliquer sur le lien ci-dessous.<\/p>\n<p><a href=\"https:\/\/retterdentalcare.com\/imagerie-3d-ct-scan\">TVFC : Chirurgie implantaire assist\u00e9e<\/a><\/p>\n<h2>Qu&#8217;arrive-t-il lorsque vous perdez une dent?<\/h2>\n<p>&nbsp;<\/p>\n<div style=\"position: relative; padding-bottom: 56.25%; padding-top: 30px; height: 0; width: 100%; overflow: hidden; margin-bottom: 1.677em;\"><iframe loading=\"lazy\" style=\"position: absolute; top: 0; left: 0;\" src=\"\/\/www.speareducation.com\/patient-education\/embed\/id\/531\/dr\/717\/key\/19436290feecc1b17810db1dab25a198de3618261e5155591830e0cbea452160\" width=\"100%\" height=\"100%\" frameborder=\"no\" scrolling=\"no\"><\/iframe><\/div>\n<p>En cas de perte dentaire, l&#8217;os de votre m\u00e2choire commence \u00e0 s&#8217;atrophier compte tenu du manque de stimulation. Cette r\u00e9sorption osseuse occasionne une r\u00e9duction de l&#8217;\u00e9paisseur et de la longueur de l&#8217;os dans la zone \u00e9dent\u00e9e. Par ailleurs, les dents adjacentes ne tardent pas \u00e0 migrer vers l&#8217;espace vacant. Le fait d&#8217;avoir une ou plusieurs dents manquantes favorise \u00e9galement la formation de caries, le foulage alimentaire ainsi que l&#8217;apparition de maladies gingivales, sans compter la pression anormale exerc\u00e9e sur les dents restantes. Cela peut \u00e9galement engendrer la fracture des cuspides, condition pouvant \u00e9ventuellement mener \u00e0 un traitement de canal ou \u00e0 l&#8217;extraction dentaire. Bien entendu, une ou plusieurs dents en moins contribue \u00e0 affaisser les traits de votre visage (joues, l\u00e8vres, etc.), ce qui tend \u00e0 vieillir pr\u00e9matur\u00e9ment votre physionomie.<\/p>\n<p><img loading=\"lazy\" decoding=\"async\" class=\"alignnone wp-image-325\" src=\"https:\/\/retterdentalcare.com\/wp-content\/uploads\/2018\/06\/implant-visage-fr-1.jpg\" alt=\"\" width=\"1352\" height=\"786\" srcset=\"https:\/\/retterdentalcare.com\/wp-content\/uploads\/2018\/06\/implant-visage-fr-1.jpg 700w, https:\/\/retterdentalcare.com\/wp-content\/uploads\/2018\/06\/implant-visage-fr-1-300x174.jpg 300w\" sizes=\"auto, (max-width: 1352px) 100vw, 1352px\" \/><\/p>\n<h2>Mais comment \u00e9viter tous ces d\u00e9sagr\u00e9ments?<\/h2>\n<p>Les cons\u00e9quences de la perte dentaire peuvent \u00eatre \u00e9vit\u00e9es en rempla\u00e7ant au moment opportun la\/les dent(s) manquante(s). Bien qu&#8217;il existe plusieurs options de remplacement dentaire, l&#8217;implant repr\u00e9sente la meilleure solution. L&#8217;implant dentaire est une vis en titane ou un tenon minuscule ins\u00e9r\u00e9 dans l&#8217;os de la m\u00e2choire. Une fois bien int\u00e9gr\u00e9 dans l&#8217;os, il fait office de racine faisant saillie \u00e0 travers la gencive. Le tenon offre un solide ancrage \u00e0 la dent de remplacement. L&#8217;implant assure la pr\u00e9servation de la masse osseuse de par la stimulation qu&#8217;il g\u00e9n\u00e8re et, contrairement au pont dentaire conventionnel, il n&#8217;endommage aucunement les dents voisines. Comme l&#8217;implant est compos\u00e9 de titane (mat\u00e9riau biocompatible), il n&#8217;y a aucun risque de d\u00e9sint\u00e9gration. Si vous maintenez une hygi\u00e8ne bucco-dentaire ad\u00e9quate \u00e0 la maison et si vous ne n\u00e9gligez pas les nettoyages professionnels, vous pourrez garder votre implant pendant presque toute votre vie!<\/p>\n<div style=\"position: relative; padding-bottom: 56.25%; padding-top: 30px; height: 0; width: 100%; overflow: hidden; margin-bottom: 1.677em;\"><iframe loading=\"lazy\" style=\"position: absolute; top: 0; left: 0;\" src=\"\/\/www.speareducation.com\/patient-education\/embed\/id\/489\/dr\/717\/key\/e6c1d9932e01b1afe2dbfadfb1ac2f99e6c3e994fc7331edb8a71549f29cdb8e\" width=\"100%\" height=\"100%\" frameborder=\"no\" scrolling=\"no\"><\/iframe><\/div>\n<p>De nombreux patients optent pour le pont dentaire fixe pour remplacer une dent manquante. Cependant, il comporte le d\u00e9savantage d&#8217;ab\u00eemer les dents adjacentes, lesquelles devront \u00e9ventuellement \u00eatre restaur\u00e9es \u00e0 leur tour. En outre, le pont dentaire constitue une option plus co\u00fbteuse au final puisque vous serez dans l&#8217;obligation de le changer \u00e0 quelques reprises au cours de votre vie \u00e0 cause des caries ou infections gingivales qui apparaissent assez fr\u00e9quemment sur les dents qui servent d&#8217;ancrage.<\/p>\n<p><img loading=\"lazy\" decoding=\"async\" class=\"alignnone size-full wp-image-153\" src=\"https:\/\/retterdentalcare.com\/wp-content\/uploads\/2018\/06\/implant-option.jpg\" alt=\"\" width=\"700\" height=\"349\" srcset=\"https:\/\/retterdentalcare.com\/wp-content\/uploads\/2018\/06\/implant-option.jpg 700w, https:\/\/retterdentalcare.com\/wp-content\/uploads\/2018\/06\/implant-option-300x150.jpg 300w\" sizes=\"auto, (max-width: 700px) 100vw, 700px\" \/><\/p>\n<p>Une autre option de remplacement dentaire est la proth\u00e8se amovible, laquelle peut \u00eatre compl\u00e8te ou partielle selon le nombre de dents manquantes. Cependant, saviez-vous que la qualit\u00e9 de la mastication est r\u00e9duite de moiti\u00e9 avec une proth\u00e8se dentaire en comparaison de si vous aviez des dents naturelles? En effet, les dents qui soutiennent la proth\u00e8se partielle sont affaiblies en raison de la pression excessive exerc\u00e9e sur celles-ci, ce qui peut \u00e9ventuellement occasionner la perte de ces derni\u00e8res. Par ailleurs, comme la proth\u00e8se repose sur les gencives, une abrasion des tissus et une perte osseuse s&#8217;ensuivent syst\u00e9matiquement. Les proth\u00e8ses amovibles risquent \u00e9galement de glisser ou d&#8217;\u00e9mettre des claquements g\u00eanants lorsque vous mangez ou parlez.<\/p>\n<p>Des \u00e9tudes ont d\u00e9montr\u00e9 que dans les cinq \u00e0 sept ann\u00e9es suivant l&#8217;installation de la proth\u00e8se partielle amovible ou du pont fixe, on remarque une d\u00e9gradation de 30% des dents adjacentes. Ces d\u00e9sagr\u00e9ments ne sont que quelques-uns des motifs qui expliquent en quoi l&#8217;implantologie offre une qualit\u00e9 nettement sup\u00e9rieure aux autres traitements disponibles de remplacement dentaire.<\/p>\n<h2>\u00c0 qui s&#8217;adresse l&#8217;implantologie?<\/h2>\n<p><b>Toute personne ayant une ou plusieurs dents manquantes est un bon candidat pour l&#8217;installation d&#8217;implants, \u00e0 l&#8217;exception des enfants. Les implants dentaires repr\u00e9sentent donc la solution de choix pour les personnes de tous \u00e2ges, m\u00eame celles qui souffrent des ennuis de sant\u00e9 que voici\u00a0:<\/b><\/p>\n<p><b>Conditions m\u00e9dicales existantes<\/b>\u00a0: Si vous pouvez avoir un traitement dentaire r\u00e9gulier, vous pouvez g\u00e9n\u00e9ralement avoir un implant. Bien que des pr\u00e9cautions soient de mise dans certains cas, les patients atteints de maladies chroniques telles que l&#8217;hypertension art\u00e9rielle ou le diab\u00e8te peuvent g\u00e9n\u00e9ralement b\u00e9n\u00e9ficier d&#8217;un tel traitement.<\/p>\n<p><b>Maladies gingivales et probl\u00e8mes dentaires\u00a0: <\/b>Le traitement implantaire chez les patients qui souffrent de telles affections a \u00e9t\u00e9 couronn\u00e9 de succ\u00e8s dans la majorit\u00e9 des cas.<b><\/b><\/p>\n<p><b>Personnes qui portent des proth\u00e8ses compl\u00e8tes ou partielles\u00a0:<\/b> Les implants peuvent remplacer les ponts ou proth\u00e8ses dentaires amovibles, tout comme ils peuvent \u00eatre utilis\u00e9s pour stabiliser la proth\u00e8se afin de maximiser le confort.<b><\/b><\/p>\n<p><b>Fumeurs\u00a0: <\/b>Bien que le tabagisme r\u00e9duise la possibilit\u00e9 d&#8217;\u00eatre un bon candidat pour l&#8217;implantologie, il n&#8217;\u00e9limine pas compl\u00e8tement l&#8217;\u00e9ventualit\u00e9 d&#8217;y avoir recours.<\/p>\n<p>&nbsp;<\/p>\n","protected":false},"excerpt":{"rendered":"<p>L&#8217;implantologie est la solution de choix pour remplacer une dent de fa\u00e7on permanente. Que vous souhaitiez en remplacer une ou [&hellip;]<\/p>\n","protected":false},"author":1,"featured_media":148,"parent":0,"menu_order":0,"comment_status":"closed","ping_status":"closed","template":"","meta":{"footnotes":""},"class_list":["post-322","page","type-page","status-publish","has-post-thumbnail","hentry"],"yoast_head":"<!-- This site is optimized with the Yoast SEO plugin v26.6 - https:\/\/yoast.com\/wordpress\/plugins\/seo\/ -->\n<title>Implants dentaires - Retter Dental Care<\/title>\n<meta name=\"robots\" content=\"index, follow, max-snippet:-1, max-image-preview:large, max-video-preview:-1\" \/>\n<link rel=\"canonical\" href=\"https:\/\/retterdentalcare.com\/dental-implants\/\" \/>\n<meta property=\"og:locale\" content=\"fr_FR\" \/>\n<meta property=\"og:type\" content=\"article\" \/>\n<meta property=\"og:title\" content=\"Implants dentaires - Retter Dental Care\" \/>\n<meta property=\"og:description\" content=\"L&#8217;implantologie est la solution de choix pour remplacer une dent de fa\u00e7on permanente. Que vous souhaitiez en remplacer une ou [&hellip;]\" \/>\n<meta property=\"og:url\" content=\"https:\/\/retterdentalcare.com\/dental-implants\/\" \/>\n<meta property=\"og:site_name\" content=\"Retter Dental Care\" \/>\n<meta property=\"article:modified_time\" content=\"2018-06-19T08:00:36+00:00\" \/>\n<meta property=\"og:image\" content=\"https:\/\/retterdentalcare.com\/wp-content\/uploads\/2018\/06\/image-dentistry-59.jpg\" \/>\n\t<meta property=\"og:image:width\" content=\"1000\" \/>\n\t<meta property=\"og:image:height\" content=\"900\" \/>\n\t<meta property=\"og:image:type\" content=\"image\/jpeg\" \/>\n<meta name=\"twitter:card\" content=\"summary_large_image\" \/>\n<meta name=\"twitter:label1\" content=\"Dur\u00e9e de lecture estim\u00e9e\" \/>\n\t<meta name=\"twitter:data1\" content=\"4 minutes\" \/>\n<script type=\"application\/ld+json\" class=\"yoast-schema-graph\">{\"@context\":\"https:\/\/schema.org\",\"@graph\":[{\"@type\":\"WebPage\",\"@id\":\"https:\/\/retterdentalcare.com\/dental-implants\/\",\"url\":\"https:\/\/retterdentalcare.com\/dental-implants\/\",\"name\":\"Implants dentaires - Retter Dental Care\",\"isPartOf\":{\"@id\":\"https:\/\/retterdentalcare.com\/#website\"},\"primaryImageOfPage\":{\"@id\":\"https:\/\/retterdentalcare.com\/dental-implants\/#primaryimage\"},\"image\":{\"@id\":\"https:\/\/retterdentalcare.com\/dental-implants\/#primaryimage\"},\"thumbnailUrl\":\"https:\/\/retterdentalcare.com\/wp-content\/uploads\/2018\/06\/image-dentistry-59.jpg\",\"datePublished\":\"2018-06-18T15:16:04+00:00\",\"dateModified\":\"2018-06-19T08:00:36+00:00\",\"breadcrumb\":{\"@id\":\"https:\/\/retterdentalcare.com\/dental-implants\/#breadcrumb\"},\"inLanguage\":\"fr-FR\",\"potentialAction\":[{\"@type\":\"ReadAction\",\"target\":[\"https:\/\/retterdentalcare.com\/dental-implants\/\"]}]},{\"@type\":\"ImageObject\",\"inLanguage\":\"fr-FR\",\"@id\":\"https:\/\/retterdentalcare.com\/dental-implants\/#primaryimage\",\"url\":\"https:\/\/retterdentalcare.com\/wp-content\/uploads\/2018\/06\/image-dentistry-59.jpg\",\"contentUrl\":\"https:\/\/retterdentalcare.com\/wp-content\/uploads\/2018\/06\/image-dentistry-59.jpg\",\"width\":\"1000\",\"height\":\"900\"},{\"@type\":\"BreadcrumbList\",\"@id\":\"https:\/\/retterdentalcare.com\/dental-implants\/#breadcrumb\",\"itemListElement\":[{\"@type\":\"ListItem\",\"position\":1,\"name\":\"Home\",\"item\":\"https:\/\/retterdentalcare.com\/fr\/\"},{\"@type\":\"ListItem\",\"position\":2,\"name\":\"Implants dentaires\"}]},{\"@type\":\"WebSite\",\"@id\":\"https:\/\/retterdentalcare.com\/#website\",\"url\":\"https:\/\/retterdentalcare.com\/\",\"name\":\"Retter Dental Care\",\"description\":\"The Best Care In The Most Comfortable Environment\",\"potentialAction\":[{\"@type\":\"SearchAction\",\"target\":{\"@type\":\"EntryPoint\",\"urlTemplate\":\"https:\/\/retterdentalcare.com\/?s={search_term_string}\"},\"query-input\":{\"@type\":\"PropertyValueSpecification\",\"valueRequired\":true,\"valueName\":\"search_term_string\"}}],\"inLanguage\":\"fr-FR\"}]}<\/script>\n<!-- \/ Yoast SEO plugin. -->","yoast_head_json":{"title":"Implants dentaires - Retter Dental Care","robots":{"index":"index","follow":"follow","max-snippet":"max-snippet:-1","max-image-preview":"max-image-preview:large","max-video-preview":"max-video-preview:-1"},"canonical":"https:\/\/retterdentalcare.com\/dental-implants\/","og_locale":"fr_FR","og_type":"article","og_title":"Implants dentaires - Retter Dental Care","og_description":"L&#8217;implantologie est la solution de choix pour remplacer une dent de fa\u00e7on permanente. Que vous souhaitiez en remplacer une ou [&hellip;]","og_url":"https:\/\/retterdentalcare.com\/dental-implants\/","og_site_name":"Retter Dental Care","article_modified_time":"2018-06-19T08:00:36+00:00","og_image":[{"width":1000,"height":900,"url":"https:\/\/retterdentalcare.com\/wp-content\/uploads\/2018\/06\/image-dentistry-59.jpg","type":"image\/jpeg"}],"twitter_card":"summary_large_image","twitter_misc":{"Dur\u00e9e de lecture estim\u00e9e":"4 minutes"},"schema":{"@context":"https:\/\/schema.org","@graph":[{"@type":"WebPage","@id":"https:\/\/retterdentalcare.com\/dental-implants\/","url":"https:\/\/retterdentalcare.com\/dental-implants\/","name":"Implants dentaires - Retter Dental Care","isPartOf":{"@id":"https:\/\/retterdentalcare.com\/#website"},"primaryImageOfPage":{"@id":"https:\/\/retterdentalcare.com\/dental-implants\/#primaryimage"},"image":{"@id":"https:\/\/retterdentalcare.com\/dental-implants\/#primaryimage"},"thumbnailUrl":"https:\/\/retterdentalcare.com\/wp-content\/uploads\/2018\/06\/image-dentistry-59.jpg","datePublished":"2018-06-18T15:16:04+00:00","dateModified":"2018-06-19T08:00:36+00:00","breadcrumb":{"@id":"https:\/\/retterdentalcare.com\/dental-implants\/#breadcrumb"},"inLanguage":"fr-FR","potentialAction":[{"@type":"ReadAction","target":["https:\/\/retterdentalcare.com\/dental-implants\/"]}]},{"@type":"ImageObject","inLanguage":"fr-FR","@id":"https:\/\/retterdentalcare.com\/dental-implants\/#primaryimage","url":"https:\/\/retterdentalcare.com\/wp-content\/uploads\/2018\/06\/image-dentistry-59.jpg","contentUrl":"https:\/\/retterdentalcare.com\/wp-content\/uploads\/2018\/06\/image-dentistry-59.jpg","width":"1000","height":"900"},{"@type":"BreadcrumbList","@id":"https:\/\/retterdentalcare.com\/dental-implants\/#breadcrumb","itemListElement":[{"@type":"ListItem","position":1,"name":"Home","item":"https:\/\/retterdentalcare.com\/fr\/"},{"@type":"ListItem","position":2,"name":"Implants dentaires"}]},{"@type":"WebSite","@id":"https:\/\/retterdentalcare.com\/#website","url":"https:\/\/retterdentalcare.com\/","name":"Retter Dental Care","description":"The Best Care In The Most Comfortable Environment","potentialAction":[{"@type":"SearchAction","target":{"@type":"EntryPoint","urlTemplate":"https:\/\/retterdentalcare.com\/?s={search_term_string}"},"query-input":{"@type":"PropertyValueSpecification","valueRequired":true,"valueName":"search_term_string"}}],"inLanguage":"fr-FR"}]}},"_links":{"self":[{"href":"https:\/\/retterdentalcare.com\/fr\/wp-json\/wp\/v2\/pages\/322","targetHints":{"allow":["GET"]}}],"collection":[{"href":"https:\/\/retterdentalcare.com\/fr\/wp-json\/wp\/v2\/pages"}],"about":[{"href":"https:\/\/retterdentalcare.com\/fr\/wp-json\/wp\/v2\/types\/page"}],"author":[{"embeddable":true,"href":"https:\/\/retterdentalcare.com\/fr\/wp-json\/wp\/v2\/users\/1"}],"replies":[{"embeddable":true,"href":"https:\/\/retterdentalcare.com\/fr\/wp-json\/wp\/v2\/comments?post=322"}],"version-history":[{"count":0,"href":"https:\/\/retterdentalcare.com\/fr\/wp-json\/wp\/v2\/pages\/322\/revisions"}],"wp:featuredmedia":[{"embeddable":true,"href":"https:\/\/retterdentalcare.com\/fr\/wp-json\/wp\/v2\/media\/148"}],"wp:attachment":[{"href":"https:\/\/retterdentalcare.com\/fr\/wp-json\/wp\/v2\/media?parent=322"}],"curies":[{"name":"wp","href":"https:\/\/api.w.org\/{rel}","templated":true}]}}