{"id":329,"date":"2018-06-18T16:28:21","date_gmt":"2018-06-18T15:28:21","guid":{"rendered":"http:\/\/localhost\/retter-dental-care\/obstructive-sleep-apnea-snoring\/"},"modified":"2018-06-19T09:06:11","modified_gmt":"2018-06-19T08:06:11","slug":"apnee-du-sommeil-obstructive","status":"publish","type":"page","link":"https:\/\/retterdentalcare.com\/fr\/apnee-du-sommeil-obstructive\/","title":{"rendered":"Apn\u00e9e du sommeil obstructive"},"content":{"rendered":"<div class=\"quote\">&#8220;Si vous riez, tout le monde rit avec vous, mais si vous ronflez, vous dormirez seul.&#8221;<\/div>\n<h2>Dormez-vous bien? Le sauriez-vous si ce n&#8217;\u00e9tait pas le cas?<\/h2>\n<p>Pendant la journ\u00e9e, nous nous effor\u00e7ons \u00e0 prendre des d\u00e9cisions judicieuses. Nous surveillons notre alimentation et faisons de l&#8217;exercice quand nous le pouvons. Lorsque prescrit par notre m\u00e9decin, nous prenons de la m\u00e9dication pour contr\u00f4ler notre pression sanguine, notre rythme cardiaque ou notre glyc\u00e9mie puisque nous connaissons tous l&#8217;impact qu&#8217;ont ces \u00e9l\u00e9ments sur notre long\u00e9vit\u00e9 ainsi que sur notre qualit\u00e9 de vie. Nous allons m\u00eame chez le dentiste deux fois par ann\u00e9e pour pr\u00e9server notre sant\u00e9 bucco-dentaire. Bref, nous tentons de faire les bons choix, dans la mesure o\u00f9 il nous est possible d&#8217;avoir le contr\u00f4le de la situation!<\/p>\n<p>Mais, qu&#8217;arrive-t-il lorsque nous ne sommes pas assis dans le si\u00e8ge du conducteur? Nous passons environ le tiers de notre vie \u00e0 dormir. La majorit\u00e9 d&#8217;entre nous sont conscients que le sommeil permet \u00e0 notre organisme de r\u00e9cup\u00e9rer et de nous \u00e9loigner des maladies. Pour bon nombre de personnes, le sommeil a de telles vertus alors que pour certains,\u00a0 c&#8217;est compl\u00e8tement le contraire qui se produit. M\u00eame pire, 85% de ces individus ignorent qu&#8217;ils n&#8217;ont pas un sommeil r\u00e9parateur.<\/p>\n<p>L&#8217;American Academy of Sleep Medecine est l&#8217;organisme officiel qui classifie les pathologies li\u00e9es au sommeil allant du syndr\u00f4me des jambes sans repos, au ronflement et \u00e0 l&#8217;apn\u00e9e du sommeil. Nous insisterons davantage sur les deux derni\u00e8res \u00e9nonc\u00e9es puisque qu&#8217;elles sont intimement li\u00e9es \u00e0 la m\u00e9decine dentaire.<\/p>\n<h2>Ronflement<\/h2>\n<p>Le ronflement est compl\u00e8tement inoffensif lorsqu&#8217;il r\u00e9sulte simplement de la relaxation des muscles de la gorge pendant le sommeil profond. Le ronflement primaire ou \u00ab\u00a0b\u00e9nin\u00a0\u00bb ressemble \u00e0 un ronronnement r\u00e9gulier et continu lorsque vous respirez. Bien que ce type de ronflement puisse perturber le sommeil des autres, il n&#8217;a aucun effet n\u00e9gatif sur la sant\u00e9 du ronfleur.<\/p>\n<p>Cependant, chez certains ronfleurs, lorsque le muscle de la gorge se rel\u00e2che, celui-ci\u00a0 tend \u00e0 se fermer ce qui r\u00e9duit le flux d&#8217;air. Au fur et \u00e0 mesure, le r\u00e2lement est aigu et intense compte tenu du manque d&#8217;air. La respiration devient alors saccad\u00e9e. Ce type de ronflement est pathologique. L&#8217;appellation clinique de cette affection est le syndrome de r\u00e9sistance des voies a\u00e9riennes sup\u00e9rieures. En raison du manque d&#8217;oxyg\u00e8ne dans le sang occasionn\u00e9 par l&#8217;obstruction, le corps devient en alerte et se r\u00e9veille l\u00e9g\u00e8rement (appel\u00e9 micro-r\u00e9veil) afin de permettre aux muscles de la gorge d&#8217;infl\u00e9chir pour rouvrir les voies respiratoires affaiss\u00e9es. Ceci peut survenir plusieurs fois en une seule nuit et chaque fois que cela se produit, la qualit\u00e9 du sommeil est compromise. Imaginez un tel cycle qui se poursuit jour apr\u00e8s jour et le d\u00e9ficit de sommeil que cela implique!<\/p>\n<p>&nbsp;<\/p>\n<div style=\"position: relative; padding-bottom: 56.25%; padding-top: 30px; height: 0; width: 100%; overflow: hidden; margin-bottom: 1.677em;\"><iframe loading=\"lazy\" style=\"position: absolute; top: 0; left: 0;\" src=\"\/\/www.speareducation.com\/patient-education\/embed\/id\/571\/dr\/717\/key\/077fe80b68e16109aa35a69305b34abf50885b4bff82289ebb3a0fb787348014\" width=\"100%\" height=\"100%\" frameborder=\"no\" scrolling=\"no\"><\/iframe><\/div>\n<p>Voici ce qui arrive chez une personne souffrant d&#8217;apn\u00e9e du sommeil<\/p>\n<h2>Apn\u00e9e du sommeil (apn\u00e9e obstructive du sommeil)<\/h2>\n<p>On estime qu&#8217;environ 30 % \u00e0 50 % des ronfleurs souffrent d&#8217;apn\u00e9e du sommeil. La diff\u00e9rence entre le simple ronfleur et celui qui souffre d&#8217;apn\u00e9e est le manque d&#8217;air, lequel ne circule plus normalement dans votre organisme. Lorsqu&#8217;une telle situation arrive, la quantit\u00e9 d&#8217;oxyg\u00e8ne dans l&#8217;organisme diminue et vous suffoquez. Lorsque le taux d&#8217;oxyg\u00e8ne est trop bas, votre cerveau vous oblige \u00e0 vous r\u00e9veiller suffisamment pour que\u00a0 les muscles de votre gorge se r\u00e9ajustent de mani\u00e8re \u00e0 respirer normalement. Ceci vous permet alors d&#8217;ouvrir vos voies respiratoires pour faire entrer l&#8217;air de vos poumons, de mani\u00e8re \u00e0 ce que vous sortiez de cet \u00e9tat de suffocation (il est tr\u00e8s peu fr\u00e9quent que les gens en aient conscience lorsque cela se produit). Cette affection chronique a une forte incidence sur votre sant\u00e9 g\u00e9n\u00e9rale, touchant autant votre corps que votre esprit. C&#8217;est comme si chaque jour vous reteniez votre respiration jusqu&#8217;\u00e0 ce que vous soyez incapable de r\u00e9sister, et ce, \u00e0 maintes reprises pendant la journ\u00e9e. Imaginez les dommages caus\u00e9s!! C&#8217;est exactement ce qui arrive lorsque quelqu&#8217;un souffre d&#8217;apn\u00e9e du sommeil.<\/p>\n<p>\u00c0 quel point est-ce dangereux? Voici quelques faits qui portent \u00e0 r\u00e9flexion.<\/p>\n<ul>\n<li>Les vaisseaux sanguins du c\u0153ur deviennent plus sujets aux d\u00e9p\u00f4ts lipidiques, ce qui se traduit par une plus grande vuln\u00e9rabilit\u00e9 \u00e0 avoir une crise cardiaque (sp\u00e9cialement pendant votre sommeil)<\/li>\n<li>Vous augmentez le risque d&#8217;avoir un AVC de 26 fois<\/li>\n<li>La pression sanguine est plus difficile \u00e0 contr\u00f4ler, devenant de plus en plus \u00e9lev\u00e9e au fil du temps<\/li>\n<li>Le risque de complications pour les diab\u00e9tiques est accru car l&#8217;organisme a du mal \u00e0 r\u00e9guler la glyc\u00e9mie en situation d&#8217;apn\u00e9e<\/li>\n<li>La perte de poids devient plus laborieuse (ce qui est inqui\u00e9tant puisque la perte de poids est un aspect crucial pour le traitement de l&#8217;apn\u00e9e du sommeil)<\/li>\n<\/ul>\n<p>Ceci en vient \u00e0 cr\u00e9er un cycle de probl\u00e8mes, soit une\u00a0 pression art\u00e9rielle et un taux de glyc\u00e9mie \u00e9lev\u00e9s, donc un risque accru de maladies coronariennes. L&#8217;ensemble de ces probl\u00e9matiques fait en sorte que c&#8217;est de plus en plus long et difficile \u00e0 traiter. Ce ph\u00e9nom\u00e8ne est appel\u00e9 syndrome m\u00e9tabolique. C&#8217;est une maladie courante dans les pays industrialis\u00e9s o\u00f9 l&#8217;ob\u00e9sit\u00e9 est un v\u00e9ritable fl\u00e9au.<\/p>\n<p>L&#8217;apn\u00e9e obstructive du sommeil affecte environ 9% des hommes et 4% des femmes de l&#8217;Am\u00e9rique du Nord. Les chiffres ne cessent d&#8217;augmenter et l&#8217;aspect le plus terrifiant est que 85% des personnes qui en souffrent ignorent \u00eatre aux prises avec un tel probl\u00e8me. Les cons\u00e9quences pour les personnes qui font de l&#8217;apn\u00e9e ainsi que pour tous les membres de leur entourage et l&#8217;ensemble de la soci\u00e9t\u00e9 sont stup\u00e9fiantes. Voici quelques exemples d\u00e9crivant les effets nuisibles li\u00e9s \u00e0 l&#8217;apn\u00e9e du sommeil\u00a0:<\/p>\n<ul>\n<li>Risque accru de faire un accident de voiture ou de se blesser au travail<\/li>\n<li>Niveau de performance au travail r\u00e9duit<\/li>\n<li>Conflits conjugaux et familiaux plus fr\u00e9quents<\/li>\n<li>D\u00e9pression<\/li>\n<li>Diminution de la qualit\u00e9 de vie<\/li>\n<\/ul>\n<p>Voici les signes et sympt\u00f4mes les plus courants inh\u00e9rents \u00e0 l&#8217;apn\u00e9e obstructive du sommeil (AOS)\u00a0:<\/p>\n<ul>\n<li>Ronflement intermittent ponctu\u00e9 de pauses<\/li>\n<li>Somnolence diurne excessive<\/li>\n<li>\u00c9tourdissements ou sensation d&#8217;\u00e9touffement au r\u00e9veil<\/li>\n<li>Sommeil fragment\u00e9 et non r\u00e9parateur<\/li>\n<li>Perte de m\u00e9moire et facult\u00e9s intellectuelles obscurcies<\/li>\n<li>Irritabilit\u00e9 et changements de personnalit\u00e9<\/li>\n<li>Diminution de la libido et impuissance<\/li>\n<li>Maux de t\u00eate au r\u00e9veil<\/li>\n<li>Reflux gastro-\u0153sophagiens (RGO)<\/li>\n<\/ul>\n<p>L&#8217;apn\u00e9e obstructive du sommeil peut seulement \u00eatre \u00e9valu\u00e9e et diagnostiqu\u00e9e par un m\u00e9decin du sommeil. Chez Soins dentaires Retter, nous travaillons de concert avec un r\u00e9seau de professionnels de la sant\u00e9, lesquels sont sp\u00e9cialis\u00e9s dans le d\u00e9pistage de l&#8217;apn\u00e9e du sommeil et peuvent vous proposer un traitement efficace.<\/p>\n<p>Le traitement de base pour contr\u00f4ler l&#8217;AOS est l&#8217;appareil \u00e0 pression positive continue. Cet appareil utilise un masque qui expulse de l&#8217;air avec suffisamment de pression pour assurer le passage de l&#8217;air pendant le sommeil.<\/p>\n<p>Dans les cas l\u00e9gers ou mod\u00e9r\u00e9s d&#8217;apn\u00e9e du sommeil (conform\u00e9ment au diagnostic \u00e9mis par le m\u00e9decin sp\u00e9cialiste), il existe une alternative pour les patients ne pouvant supporter cet appareil\u00a0: l&#8217;orth\u00e8se d&#8217;avanc\u00e9e mandibulaire. Il s&#8217;agit d&#8217;un appareil dentaire que le patient porte pendant le sommeil. Il permet de fermer la mandibule, de mani\u00e8re \u00e0 ce qu&#8217;elle soit devanc\u00e9e. Cette position favorise naturellement l&#8217;ouverture de la voie a\u00e9rienne en vue de faciliter le passage de l&#8217;air. Ce type d&#8217;appareil peut \u00e9galement \u00eatre utilis\u00e9 pour att\u00e9nuer le ronflement. Dans certains cas, l&#8217;utilisation conjointe de l&#8217;appareil \u00e0 pression positive continue et de l&#8217;orth\u00e8se d&#8217;avanc\u00e9e mandibulaire est prescrite.<\/p>\n<p>La pr\u00e9occupation premi\u00e8re chez Soins dentaires Retter est de nous assurer que notre client\u00e8le a tous les outils entre les mains pour jouir d&#8217;une bonne sant\u00e9. Si vous, un de vos proches ou coll\u00e8gues ronflez ou souffrez de voir quelqu&#8217;un aux prises avec un tel probl\u00e8me, il nous fait toujours grandement plaisir d&#8217;approfondir le sujet et de vous diriger vers la bonne ressource.<\/p>\n<div class=\"videoWrapperISM\">\n<div class=\"video\">\n\t\t\t<script type=\"text\/javascript\">\n\t\t\t\tdocument.write(insertClipVzaar(\"30-apnee_sommeil\", rootFr, \"612\", \"344\", \"false\", \"s\", \"\"));\n\t\t\t<\/script>\n\t\t<\/div>\n<\/p><\/div>\n<p>&nbsp;<\/p>\n","protected":false},"excerpt":{"rendered":"<p>Dormez-vous bien? Le sauriez-vous si ce n&#8217;\u00e9tait pas le cas? Pendant la journ\u00e9e, nous nous effor\u00e7ons \u00e0 prendre des d\u00e9cisions [&hellip;]<\/p>\n","protected":false},"author":1,"featured_media":157,"parent":0,"menu_order":0,"comment_status":"closed","ping_status":"closed","template":"","meta":{"footnotes":""},"class_list":["post-329","page","type-page","status-publish","has-post-thumbnail","hentry"],"yoast_head":"<!-- This site is optimized with the Yoast SEO plugin v26.6 - https:\/\/yoast.com\/wordpress\/plugins\/seo\/ -->\n<title>Apn\u00e9e du sommeil obstructive - Retter Dental Care<\/title>\n<meta name=\"robots\" content=\"index, follow, max-snippet:-1, max-image-preview:large, max-video-preview:-1\" \/>\n<link rel=\"canonical\" href=\"https:\/\/retterdentalcare.com\/obstructive-sleep-apnea-snoring\/\" \/>\n<meta property=\"og:locale\" content=\"fr_FR\" \/>\n<meta property=\"og:type\" content=\"article\" \/>\n<meta property=\"og:title\" content=\"Apn\u00e9e du sommeil obstructive - Retter Dental Care\" \/>\n<meta property=\"og:description\" content=\"Dormez-vous bien? Le sauriez-vous si ce n&#8217;\u00e9tait pas le cas? Pendant la journ\u00e9e, nous nous effor\u00e7ons \u00e0 prendre des d\u00e9cisions [&hellip;]\" \/>\n<meta property=\"og:url\" content=\"https:\/\/retterdentalcare.com\/obstructive-sleep-apnea-snoring\/\" \/>\n<meta property=\"og:site_name\" content=\"Retter Dental Care\" \/>\n<meta property=\"article:modified_time\" content=\"2018-06-19T08:06:11+00:00\" \/>\n<meta property=\"og:image\" content=\"https:\/\/retterdentalcare.com\/wp-content\/uploads\/2018\/06\/image-dentistry-12.jpg\" \/>\n\t<meta property=\"og:image:width\" content=\"1000\" \/>\n\t<meta property=\"og:image:height\" content=\"900\" \/>\n\t<meta property=\"og:image:type\" content=\"image\/jpeg\" \/>\n<meta name=\"twitter:card\" content=\"summary_large_image\" \/>\n<meta name=\"twitter:label1\" content=\"Dur\u00e9e de lecture estim\u00e9e\" \/>\n\t<meta name=\"twitter:data1\" content=\"7 minutes\" \/>\n<script type=\"application\/ld+json\" class=\"yoast-schema-graph\">{\"@context\":\"https:\/\/schema.org\",\"@graph\":[{\"@type\":\"WebPage\",\"@id\":\"https:\/\/retterdentalcare.com\/obstructive-sleep-apnea-snoring\/\",\"url\":\"https:\/\/retterdentalcare.com\/obstructive-sleep-apnea-snoring\/\",\"name\":\"Apn\u00e9e du sommeil obstructive - Retter Dental Care\",\"isPartOf\":{\"@id\":\"https:\/\/retterdentalcare.com\/#website\"},\"primaryImageOfPage\":{\"@id\":\"https:\/\/retterdentalcare.com\/obstructive-sleep-apnea-snoring\/#primaryimage\"},\"image\":{\"@id\":\"https:\/\/retterdentalcare.com\/obstructive-sleep-apnea-snoring\/#primaryimage\"},\"thumbnailUrl\":\"https:\/\/retterdentalcare.com\/wp-content\/uploads\/2018\/06\/image-dentistry-12.jpg\",\"datePublished\":\"2018-06-18T15:28:21+00:00\",\"dateModified\":\"2018-06-19T08:06:11+00:00\",\"breadcrumb\":{\"@id\":\"https:\/\/retterdentalcare.com\/obstructive-sleep-apnea-snoring\/#breadcrumb\"},\"inLanguage\":\"fr-FR\",\"potentialAction\":[{\"@type\":\"ReadAction\",\"target\":[\"https:\/\/retterdentalcare.com\/obstructive-sleep-apnea-snoring\/\"]}]},{\"@type\":\"ImageObject\",\"inLanguage\":\"fr-FR\",\"@id\":\"https:\/\/retterdentalcare.com\/obstructive-sleep-apnea-snoring\/#primaryimage\",\"url\":\"https:\/\/retterdentalcare.com\/wp-content\/uploads\/2018\/06\/image-dentistry-12.jpg\",\"contentUrl\":\"https:\/\/retterdentalcare.com\/wp-content\/uploads\/2018\/06\/image-dentistry-12.jpg\",\"width\":\"1000\",\"height\":\"900\"},{\"@type\":\"BreadcrumbList\",\"@id\":\"https:\/\/retterdentalcare.com\/obstructive-sleep-apnea-snoring\/#breadcrumb\",\"itemListElement\":[{\"@type\":\"ListItem\",\"position\":1,\"name\":\"Home\",\"item\":\"https:\/\/retterdentalcare.com\/fr\/\"},{\"@type\":\"ListItem\",\"position\":2,\"name\":\"Apn\u00e9e du sommeil obstructive\"}]},{\"@type\":\"WebSite\",\"@id\":\"https:\/\/retterdentalcare.com\/#website\",\"url\":\"https:\/\/retterdentalcare.com\/\",\"name\":\"Retter Dental Care\",\"description\":\"The Best Care In The Most Comfortable Environment\",\"potentialAction\":[{\"@type\":\"SearchAction\",\"target\":{\"@type\":\"EntryPoint\",\"urlTemplate\":\"https:\/\/retterdentalcare.com\/?s={search_term_string}\"},\"query-input\":{\"@type\":\"PropertyValueSpecification\",\"valueRequired\":true,\"valueName\":\"search_term_string\"}}],\"inLanguage\":\"fr-FR\"}]}<\/script>\n<!-- \/ Yoast SEO plugin. -->","yoast_head_json":{"title":"Apn\u00e9e du sommeil obstructive - Retter Dental Care","robots":{"index":"index","follow":"follow","max-snippet":"max-snippet:-1","max-image-preview":"max-image-preview:large","max-video-preview":"max-video-preview:-1"},"canonical":"https:\/\/retterdentalcare.com\/obstructive-sleep-apnea-snoring\/","og_locale":"fr_FR","og_type":"article","og_title":"Apn\u00e9e du sommeil obstructive - Retter Dental Care","og_description":"Dormez-vous bien? Le sauriez-vous si ce n&#8217;\u00e9tait pas le cas? Pendant la journ\u00e9e, nous nous effor\u00e7ons \u00e0 prendre des d\u00e9cisions [&hellip;]","og_url":"https:\/\/retterdentalcare.com\/obstructive-sleep-apnea-snoring\/","og_site_name":"Retter Dental Care","article_modified_time":"2018-06-19T08:06:11+00:00","og_image":[{"width":1000,"height":900,"url":"https:\/\/retterdentalcare.com\/wp-content\/uploads\/2018\/06\/image-dentistry-12.jpg","type":"image\/jpeg"}],"twitter_card":"summary_large_image","twitter_misc":{"Dur\u00e9e de lecture estim\u00e9e":"7 minutes"},"schema":{"@context":"https:\/\/schema.org","@graph":[{"@type":"WebPage","@id":"https:\/\/retterdentalcare.com\/obstructive-sleep-apnea-snoring\/","url":"https:\/\/retterdentalcare.com\/obstructive-sleep-apnea-snoring\/","name":"Apn\u00e9e du sommeil obstructive - Retter Dental Care","isPartOf":{"@id":"https:\/\/retterdentalcare.com\/#website"},"primaryImageOfPage":{"@id":"https:\/\/retterdentalcare.com\/obstructive-sleep-apnea-snoring\/#primaryimage"},"image":{"@id":"https:\/\/retterdentalcare.com\/obstructive-sleep-apnea-snoring\/#primaryimage"},"thumbnailUrl":"https:\/\/retterdentalcare.com\/wp-content\/uploads\/2018\/06\/image-dentistry-12.jpg","datePublished":"2018-06-18T15:28:21+00:00","dateModified":"2018-06-19T08:06:11+00:00","breadcrumb":{"@id":"https:\/\/retterdentalcare.com\/obstructive-sleep-apnea-snoring\/#breadcrumb"},"inLanguage":"fr-FR","potentialAction":[{"@type":"ReadAction","target":["https:\/\/retterdentalcare.com\/obstructive-sleep-apnea-snoring\/"]}]},{"@type":"ImageObject","inLanguage":"fr-FR","@id":"https:\/\/retterdentalcare.com\/obstructive-sleep-apnea-snoring\/#primaryimage","url":"https:\/\/retterdentalcare.com\/wp-content\/uploads\/2018\/06\/image-dentistry-12.jpg","contentUrl":"https:\/\/retterdentalcare.com\/wp-content\/uploads\/2018\/06\/image-dentistry-12.jpg","width":"1000","height":"900"},{"@type":"BreadcrumbList","@id":"https:\/\/retterdentalcare.com\/obstructive-sleep-apnea-snoring\/#breadcrumb","itemListElement":[{"@type":"ListItem","position":1,"name":"Home","item":"https:\/\/retterdentalcare.com\/fr\/"},{"@type":"ListItem","position":2,"name":"Apn\u00e9e du sommeil obstructive"}]},{"@type":"WebSite","@id":"https:\/\/retterdentalcare.com\/#website","url":"https:\/\/retterdentalcare.com\/","name":"Retter Dental Care","description":"The Best Care In The Most Comfortable Environment","potentialAction":[{"@type":"SearchAction","target":{"@type":"EntryPoint","urlTemplate":"https:\/\/retterdentalcare.com\/?s={search_term_string}"},"query-input":{"@type":"PropertyValueSpecification","valueRequired":true,"valueName":"search_term_string"}}],"inLanguage":"fr-FR"}]}},"_links":{"self":[{"href":"https:\/\/retterdentalcare.com\/fr\/wp-json\/wp\/v2\/pages\/329","targetHints":{"allow":["GET"]}}],"collection":[{"href":"https:\/\/retterdentalcare.com\/fr\/wp-json\/wp\/v2\/pages"}],"about":[{"href":"https:\/\/retterdentalcare.com\/fr\/wp-json\/wp\/v2\/types\/page"}],"author":[{"embeddable":true,"href":"https:\/\/retterdentalcare.com\/fr\/wp-json\/wp\/v2\/users\/1"}],"replies":[{"embeddable":true,"href":"https:\/\/retterdentalcare.com\/fr\/wp-json\/wp\/v2\/comments?post=329"}],"version-history":[{"count":0,"href":"https:\/\/retterdentalcare.com\/fr\/wp-json\/wp\/v2\/pages\/329\/revisions"}],"wp:featuredmedia":[{"embeddable":true,"href":"https:\/\/retterdentalcare.com\/fr\/wp-json\/wp\/v2\/media\/157"}],"wp:attachment":[{"href":"https:\/\/retterdentalcare.com\/fr\/wp-json\/wp\/v2\/media?parent=329"}],"curies":[{"name":"wp","href":"https:\/\/api.w.org\/{rel}","templated":true}]}}