{"id":335,"date":"2018-06-18T16:30:21","date_gmt":"2018-06-18T15:30:21","guid":{"rendered":"http:\/\/localhost\/retter-dental-care\/root-canal-treatment\/"},"modified":"2018-06-19T09:13:51","modified_gmt":"2018-06-19T08:13:51","slug":"traitement-de-canal","status":"publish","type":"page","link":"https:\/\/retterdentalcare.com\/fr\/traitement-de-canal\/","title":{"rendered":"Traitement de canal"},"content":{"rendered":"<p>Un traitement de canal est indiqu\u00e9 lorsque la pulpe (couche interne de la dent, laquelle abrite les nerfs et vaisseaux sanguins) est inflamm\u00e9e ou infect\u00e9e. Les causes de cette infection sont vari\u00e9es, incluant une carie importante, une blessure \u00e0 la dent, une obturation situ\u00e9e \u00e0 proximit\u00e9 de la pulpe ou une fissure structurelle. En absence de traitement, la douleur s&#8217;installe, le tout pouvant se transformer en abc\u00e8s.<\/p>\n<p>&nbsp;<\/p>\n<div style=\"position: relative; padding-bottom: 56.25%; padding-top: 30px; height: 0; width: 100%; overflow: hidden; margin-bottom: 1.677em;\"><iframe loading=\"lazy\" style=\"position: absolute; top: 0; left: 0;\" src=\"\/\/www.speareducation.com\/patient-education\/embed\/id\/533\/dr\/717\/key\/fc41c9a10988be170278586091200b526764fcaaf7584e5947fa9102ae534200\" width=\"100%\" height=\"100%\" frameborder=\"no\" scrolling=\"no\"><\/iframe><\/div>\n<p>Les signes indiquant une d\u00e9t\u00e9rioration de la pulpe dentaire sont une douleur lancinante, une sensibilit\u00e9 au chaud ou au froid, une d\u00e9coloration de la dent, de l&#8217;enflure et de la sensibilit\u00e9 au niveau des gencives et de la difficult\u00e9 \u00e0 mastiquer avec la dent affect\u00e9e. Il arrive \u00e0 l&#8217;occasion qu&#8217;une dent n\u00e9cessite un traitement de canal en absence de sympt\u00f4mes.<\/p>\n<h2>Proc\u00e9dure du traitement de canal<\/h2>\n<p>&nbsp;<\/p>\n<div style=\"position: relative; padding-bottom: 56.25%; padding-top: 30px; height: 0; width: 100%; overflow: hidden; margin-bottom: 1.677em;\"><iframe loading=\"lazy\" style=\"position: absolute; top: 0; left: 0;\" src=\"\/\/www.speareducation.com\/patient-education\/embed\/id\/524\/dr\/717\/key\/dc29877ab3f4fdd0575a436cd9060af1f1c61cd1080245c88644eee3a21a25da\" width=\"100%\" height=\"100%\" frameborder=\"no\" scrolling=\"no\"><\/iframe><\/div>\n<p>Un traitement de canal peut \u00eatre compl\u00e9t\u00e9 en une ou deux visites chez le dentiste, selon la complexit\u00e9 de l&#8217;intervention et du degr\u00e9 d&#8217;infection. La proc\u00e9dure inclut les \u00e9tapes suivantes :<\/p>\n<p>1) Les professionnels dentaires \u00e9valuent d&#8217;abord la sant\u00e9 de votre pulpe dentaire \u00e0 l&#8217;int\u00e9rieur de votre dent. Pour ce faire, un rayon x sera pris. Ensuite, nous proc\u00e9dons \u00e0 une anesth\u00e9sie locale profonde. Lorsque la dent est engourdie, nous pla\u00e7ons une petite feuille de protection appel\u00e9e \u00ab digue dentaire \u00bb sur la zone environnant la dent pour la prot\u00e9ger pendant l&#8217;intervention (la garder propre et exempte de salive).<\/p>\n<p>2) Le dentiste sectionne la dent pour acc\u00e9der \u00e0 la chambre pulpaire et pour localiser le syst\u00e8me canalaire. Les dents ant\u00e9rieures et les pr\u00e9molaires inf\u00e9rieures ont habituellement un canal tandis que les pr\u00e9molaires sup\u00e9rieures ont g\u00e9n\u00e9ralement deux canaux et que les molaires en ont trois ou cinq. \u00c0 l&#8217;aide d&#8217;instruments de pr\u00e9cision, nous nettoyons et remodelons le syst\u00e8me canalaire en vue de pr\u00e9parer l&#8217;obturation canalaire.<\/p>\n<p>3) Lorsque la r\u00e9gion est bien nettoy\u00e9e et remodel\u00e9e, le dentiste remplit le canal radiculaire \u00e0 l&#8217;aide d&#8217;un mat\u00e9riau biocompatible (g\u00e9n\u00e9ralement un genre de caoutchouc appel\u00e9 \u00ab gutta-percha \u00bb). La gutta-percha est alors fix\u00e9e avec un ciment adh\u00e9sif pour assurer une \u00e9tanch\u00e9it\u00e9 compl\u00e8te des canaux radiculaires.<\/p>\n<p>4) Une fois le traitement de canal termin\u00e9, nous devrons possiblement installer une couronne ou autre restauration pour prot\u00e9ger la dent et pour lui redonner sa fonction compl\u00e8te. Gr\u00e2ce \u00e0 notre technologie CEREC, il est possible de proc\u00e9der au traitement de canal et d&#8217;installer la restauration en un seul rendez-vous, selon le cas. Il ne faut pas perdre de vue que n\u00e9gliger de prot\u00e9ger une dent ayant eu un traitement de canal accro\u00eet le risque de fracture ou la perte de cette derni\u00e8re.<\/p>\n<p>5) Si la structure de la dent a \u00e9t\u00e9 affaiblie au point de manquer de r\u00e9sistance, nous pouvons installer une languette pour la maintenir en place. N&#8217;h\u00e9sitez pas \u00e0 nous demander plus de renseignements quant \u00e0 la m\u00e9thode pr\u00e9conis\u00e9e pour restaurer votre dent.<\/p>\n","protected":false},"excerpt":{"rendered":"<p>Un traitement de canal est indiqu\u00e9 lorsque la pulpe (couche interne de la dent, laquelle abrite les nerfs et vaisseaux [&hellip;]<\/p>\n","protected":false},"author":1,"featured_media":161,"parent":0,"menu_order":0,"comment_status":"closed","ping_status":"closed","template":"","meta":{"footnotes":""},"class_list":["post-335","page","type-page","status-publish","has-post-thumbnail","hentry"],"yoast_head":"<!-- This site is optimized with the Yoast SEO plugin v26.6 - https:\/\/yoast.com\/wordpress\/plugins\/seo\/ -->\n<title>Traitement de canal - Retter Dental Care<\/title>\n<meta name=\"robots\" content=\"index, follow, max-snippet:-1, max-image-preview:large, max-video-preview:-1\" \/>\n<link rel=\"canonical\" href=\"https:\/\/retterdentalcare.com\/root-canal-treatment\/\" \/>\n<meta property=\"og:locale\" content=\"fr_FR\" \/>\n<meta property=\"og:type\" content=\"article\" \/>\n<meta property=\"og:title\" content=\"Traitement de canal - Retter Dental Care\" \/>\n<meta property=\"og:description\" content=\"Un traitement de canal est indiqu\u00e9 lorsque la pulpe (couche interne de la dent, laquelle abrite les nerfs et vaisseaux [&hellip;]\" \/>\n<meta property=\"og:url\" content=\"https:\/\/retterdentalcare.com\/root-canal-treatment\/\" \/>\n<meta property=\"og:site_name\" content=\"Retter Dental Care\" \/>\n<meta property=\"article:modified_time\" content=\"2018-06-19T08:13:51+00:00\" \/>\n<meta property=\"og:image\" content=\"https:\/\/retterdentalcare.com\/wp-content\/uploads\/2018\/06\/image-dentistry-35.jpg\" \/>\n\t<meta property=\"og:image:width\" content=\"1000\" \/>\n\t<meta property=\"og:image:height\" content=\"900\" \/>\n\t<meta property=\"og:image:type\" content=\"image\/jpeg\" \/>\n<meta name=\"twitter:card\" content=\"summary_large_image\" \/>\n<meta name=\"twitter:label1\" content=\"Dur\u00e9e de lecture estim\u00e9e\" \/>\n\t<meta name=\"twitter:data1\" content=\"3 minutes\" \/>\n<script type=\"application\/ld+json\" class=\"yoast-schema-graph\">{\"@context\":\"https:\/\/schema.org\",\"@graph\":[{\"@type\":\"WebPage\",\"@id\":\"https:\/\/retterdentalcare.com\/root-canal-treatment\/\",\"url\":\"https:\/\/retterdentalcare.com\/root-canal-treatment\/\",\"name\":\"Traitement de canal - Retter Dental Care\",\"isPartOf\":{\"@id\":\"https:\/\/retterdentalcare.com\/#website\"},\"primaryImageOfPage\":{\"@id\":\"https:\/\/retterdentalcare.com\/root-canal-treatment\/#primaryimage\"},\"image\":{\"@id\":\"https:\/\/retterdentalcare.com\/root-canal-treatment\/#primaryimage\"},\"thumbnailUrl\":\"https:\/\/retterdentalcare.com\/wp-content\/uploads\/2018\/06\/image-dentistry-35.jpg\",\"datePublished\":\"2018-06-18T15:30:21+00:00\",\"dateModified\":\"2018-06-19T08:13:51+00:00\",\"breadcrumb\":{\"@id\":\"https:\/\/retterdentalcare.com\/root-canal-treatment\/#breadcrumb\"},\"inLanguage\":\"fr-FR\",\"potentialAction\":[{\"@type\":\"ReadAction\",\"target\":[\"https:\/\/retterdentalcare.com\/root-canal-treatment\/\"]}]},{\"@type\":\"ImageObject\",\"inLanguage\":\"fr-FR\",\"@id\":\"https:\/\/retterdentalcare.com\/root-canal-treatment\/#primaryimage\",\"url\":\"https:\/\/retterdentalcare.com\/wp-content\/uploads\/2018\/06\/image-dentistry-35.jpg\",\"contentUrl\":\"https:\/\/retterdentalcare.com\/wp-content\/uploads\/2018\/06\/image-dentistry-35.jpg\",\"width\":\"1000\",\"height\":\"900\"},{\"@type\":\"BreadcrumbList\",\"@id\":\"https:\/\/retterdentalcare.com\/root-canal-treatment\/#breadcrumb\",\"itemListElement\":[{\"@type\":\"ListItem\",\"position\":1,\"name\":\"Home\",\"item\":\"https:\/\/retterdentalcare.com\/fr\/\"},{\"@type\":\"ListItem\",\"position\":2,\"name\":\"Traitement de canal\"}]},{\"@type\":\"WebSite\",\"@id\":\"https:\/\/retterdentalcare.com\/#website\",\"url\":\"https:\/\/retterdentalcare.com\/\",\"name\":\"Retter Dental Care\",\"description\":\"The Best Care In The Most Comfortable Environment\",\"potentialAction\":[{\"@type\":\"SearchAction\",\"target\":{\"@type\":\"EntryPoint\",\"urlTemplate\":\"https:\/\/retterdentalcare.com\/?s={search_term_string}\"},\"query-input\":{\"@type\":\"PropertyValueSpecification\",\"valueRequired\":true,\"valueName\":\"search_term_string\"}}],\"inLanguage\":\"fr-FR\"}]}<\/script>\n<!-- \/ Yoast SEO plugin. -->","yoast_head_json":{"title":"Traitement de canal - Retter Dental Care","robots":{"index":"index","follow":"follow","max-snippet":"max-snippet:-1","max-image-preview":"max-image-preview:large","max-video-preview":"max-video-preview:-1"},"canonical":"https:\/\/retterdentalcare.com\/root-canal-treatment\/","og_locale":"fr_FR","og_type":"article","og_title":"Traitement de canal - Retter Dental Care","og_description":"Un traitement de canal est indiqu\u00e9 lorsque la pulpe (couche interne de la dent, laquelle abrite les nerfs et vaisseaux [&hellip;]","og_url":"https:\/\/retterdentalcare.com\/root-canal-treatment\/","og_site_name":"Retter Dental Care","article_modified_time":"2018-06-19T08:13:51+00:00","og_image":[{"width":1000,"height":900,"url":"https:\/\/retterdentalcare.com\/wp-content\/uploads\/2018\/06\/image-dentistry-35.jpg","type":"image\/jpeg"}],"twitter_card":"summary_large_image","twitter_misc":{"Dur\u00e9e de lecture estim\u00e9e":"3 minutes"},"schema":{"@context":"https:\/\/schema.org","@graph":[{"@type":"WebPage","@id":"https:\/\/retterdentalcare.com\/root-canal-treatment\/","url":"https:\/\/retterdentalcare.com\/root-canal-treatment\/","name":"Traitement de canal - Retter Dental Care","isPartOf":{"@id":"https:\/\/retterdentalcare.com\/#website"},"primaryImageOfPage":{"@id":"https:\/\/retterdentalcare.com\/root-canal-treatment\/#primaryimage"},"image":{"@id":"https:\/\/retterdentalcare.com\/root-canal-treatment\/#primaryimage"},"thumbnailUrl":"https:\/\/retterdentalcare.com\/wp-content\/uploads\/2018\/06\/image-dentistry-35.jpg","datePublished":"2018-06-18T15:30:21+00:00","dateModified":"2018-06-19T08:13:51+00:00","breadcrumb":{"@id":"https:\/\/retterdentalcare.com\/root-canal-treatment\/#breadcrumb"},"inLanguage":"fr-FR","potentialAction":[{"@type":"ReadAction","target":["https:\/\/retterdentalcare.com\/root-canal-treatment\/"]}]},{"@type":"ImageObject","inLanguage":"fr-FR","@id":"https:\/\/retterdentalcare.com\/root-canal-treatment\/#primaryimage","url":"https:\/\/retterdentalcare.com\/wp-content\/uploads\/2018\/06\/image-dentistry-35.jpg","contentUrl":"https:\/\/retterdentalcare.com\/wp-content\/uploads\/2018\/06\/image-dentistry-35.jpg","width":"1000","height":"900"},{"@type":"BreadcrumbList","@id":"https:\/\/retterdentalcare.com\/root-canal-treatment\/#breadcrumb","itemListElement":[{"@type":"ListItem","position":1,"name":"Home","item":"https:\/\/retterdentalcare.com\/fr\/"},{"@type":"ListItem","position":2,"name":"Traitement de canal"}]},{"@type":"WebSite","@id":"https:\/\/retterdentalcare.com\/#website","url":"https:\/\/retterdentalcare.com\/","name":"Retter Dental Care","description":"The Best Care In The Most Comfortable Environment","potentialAction":[{"@type":"SearchAction","target":{"@type":"EntryPoint","urlTemplate":"https:\/\/retterdentalcare.com\/?s={search_term_string}"},"query-input":{"@type":"PropertyValueSpecification","valueRequired":true,"valueName":"search_term_string"}}],"inLanguage":"fr-FR"}]}},"_links":{"self":[{"href":"https:\/\/retterdentalcare.com\/fr\/wp-json\/wp\/v2\/pages\/335","targetHints":{"allow":["GET"]}}],"collection":[{"href":"https:\/\/retterdentalcare.com\/fr\/wp-json\/wp\/v2\/pages"}],"about":[{"href":"https:\/\/retterdentalcare.com\/fr\/wp-json\/wp\/v2\/types\/page"}],"author":[{"embeddable":true,"href":"https:\/\/retterdentalcare.com\/fr\/wp-json\/wp\/v2\/users\/1"}],"replies":[{"embeddable":true,"href":"https:\/\/retterdentalcare.com\/fr\/wp-json\/wp\/v2\/comments?post=335"}],"version-history":[{"count":0,"href":"https:\/\/retterdentalcare.com\/fr\/wp-json\/wp\/v2\/pages\/335\/revisions"}],"wp:featuredmedia":[{"embeddable":true,"href":"https:\/\/retterdentalcare.com\/fr\/wp-json\/wp\/v2\/media\/161"}],"wp:attachment":[{"href":"https:\/\/retterdentalcare.com\/fr\/wp-json\/wp\/v2\/media?parent=335"}],"curies":[{"name":"wp","href":"https:\/\/api.w.org\/{rel}","templated":true}]}}