{"id":419,"date":"2018-06-19T06:12:14","date_gmt":"2018-06-19T05:12:14","guid":{"rendered":"http:\/\/localhost\/retter-dental-care\/digital-x-rays\/"},"modified":"2018-06-19T10:49:52","modified_gmt":"2018-06-19T09:49:52","slug":"radiographie-numerique","status":"publish","type":"page","link":"https:\/\/retterdentalcare.com\/fr\/radiographie-numerique\/","title":{"rendered":"Radiographie num\u00e9rique"},"content":{"rendered":"<p>D\u00e9velopper des radiographies avec rayons x \u00e9tait un processus relativement long et, qui plus est, n\u00e9cessitait une chambre noire ainsi que de nombreux produits chimiques pour enfin visualiser l&#8217;image. Par ailleurs, la radiographie \u00e9tait tellement minuscule qu&#8217;il \u00e9tait difficile de pouvoir la pr\u00e9senter au patient.<\/p>\n<p>Aujourd&#8217;hui, la radiographie num\u00e9rique \u00e9limine compl\u00e8tement ce processus laborieux, sans compter qu&#8217;il s&#8217;agit d&#8217;une technologie beaucoup plus respectueuse de l&#8217;environnement. Pour visualiser la bouche du patient, nous utilisons d\u00e9sormais un capteur miniature avec une puce sensible aux rayons, de sorte que le taux de radiation est r\u00e9duit entre 50% et 90% comparativement \u00e0 la radiographie avec pellicules. L&#8217;image permettant de visualiser l&#8217;int\u00e9rieur de votre bouche est presque instantan\u00e9ment disponible sur \u00e9cran, comportant \u00e9galement tous les autres avantage des photos num\u00e9ris\u00e9es. En plus de l&#8217;extr\u00eame pr\u00e9cision de l&#8217;image, nous sommes en mesure de la faire pivoter, de la grossir et d&#8217;ajuster les contrastes. Un code de couleurs est \u00e9galement inclus \u00e0 des fins \u00e9ducatives. En d\u00e9finitive, la radiologie num\u00e9rique nous permet de r\u00e9pondre aux questions relatives \u00e0 la sant\u00e9 dentaire de nos patients et de travailler de concert avec eux pour d\u00e9terminer les meilleures options de traitement, en fonction de leur situation.<\/p>\n<p>Pour en savoir davantage sur notre technologie de pointe 3D ( TVFC) et ses nombreux avantages, veuillez <a href=\"https:\/\/retterdentalcare.com\/fr\/la-tomographie-volumique-a-faisceau-conique-tvfc\/\">cliquer ici<\/a>.<\/p>\n<div class=\"videoWrapperISM\">\n<div class=\"video\"><script type=\"text\/javascript\">\n\t\t\t\tdocument.write(insertClipVzaar(\"15-radiographie\", rootFr, \"612\", \"344\", \"false\", \"s\", \"\"));\n\t\t\t<\/script><\/div>\n<\/div>\n<p>&nbsp;<\/p>\n","protected":false},"excerpt":{"rendered":"<p>D\u00e9velopper des radiographies avec rayons x \u00e9tait un processus relativement long et, qui plus est, n\u00e9cessitait une chambre noire ainsi [&hellip;]<\/p>\n","protected":false},"author":1,"featured_media":616,"parent":0,"menu_order":0,"comment_status":"closed","ping_status":"closed","template":"","meta":{"footnotes":""},"class_list":["post-419","page","type-page","status-publish","has-post-thumbnail","hentry"],"yoast_head":"<!-- This site is optimized with the Yoast SEO plugin v26.6 - https:\/\/yoast.com\/wordpress\/plugins\/seo\/ -->\n<title>Radiographie num\u00e9rique - Retter Dental Care<\/title>\n<meta name=\"robots\" content=\"index, follow, max-snippet:-1, max-image-preview:large, max-video-preview:-1\" \/>\n<link rel=\"canonical\" href=\"https:\/\/retterdentalcare.com\/digital-x-rays\/\" \/>\n<meta property=\"og:locale\" content=\"fr_FR\" \/>\n<meta property=\"og:type\" content=\"article\" \/>\n<meta property=\"og:title\" content=\"Radiographie num\u00e9rique - Retter Dental Care\" \/>\n<meta property=\"og:description\" content=\"D\u00e9velopper des radiographies avec rayons x \u00e9tait un processus relativement long et, qui plus est, n\u00e9cessitait une chambre noire ainsi [&hellip;]\" \/>\n<meta property=\"og:url\" content=\"https:\/\/retterdentalcare.com\/digital-x-rays\/\" \/>\n<meta property=\"og:site_name\" content=\"Retter Dental Care\" \/>\n<meta property=\"article:modified_time\" content=\"2018-06-19T09:49:52+00:00\" \/>\n<meta property=\"og:image\" content=\"https:\/\/retterdentalcare.com\/wp-content\/uploads\/2018\/06\/image-dentistry-33-1.jpg\" \/>\n\t<meta property=\"og:image:width\" content=\"1000\" \/>\n\t<meta property=\"og:image:height\" content=\"900\" \/>\n\t<meta property=\"og:image:type\" content=\"image\/jpeg\" \/>\n<meta name=\"twitter:card\" content=\"summary_large_image\" \/>\n<meta name=\"twitter:label1\" content=\"Dur\u00e9e de lecture estim\u00e9e\" \/>\n\t<meta name=\"twitter:data1\" content=\"1 minute\" \/>\n<script type=\"application\/ld+json\" class=\"yoast-schema-graph\">{\"@context\":\"https:\/\/schema.org\",\"@graph\":[{\"@type\":\"WebPage\",\"@id\":\"https:\/\/retterdentalcare.com\/digital-x-rays\/\",\"url\":\"https:\/\/retterdentalcare.com\/digital-x-rays\/\",\"name\":\"Radiographie num\u00e9rique - Retter Dental Care\",\"isPartOf\":{\"@id\":\"https:\/\/retterdentalcare.com\/#website\"},\"primaryImageOfPage\":{\"@id\":\"https:\/\/retterdentalcare.com\/digital-x-rays\/#primaryimage\"},\"image\":{\"@id\":\"https:\/\/retterdentalcare.com\/digital-x-rays\/#primaryimage\"},\"thumbnailUrl\":\"https:\/\/retterdentalcare.com\/wp-content\/uploads\/2018\/06\/image-dentistry-33-1.jpg\",\"datePublished\":\"2018-06-19T05:12:14+00:00\",\"dateModified\":\"2018-06-19T09:49:52+00:00\",\"breadcrumb\":{\"@id\":\"https:\/\/retterdentalcare.com\/digital-x-rays\/#breadcrumb\"},\"inLanguage\":\"fr-FR\",\"potentialAction\":[{\"@type\":\"ReadAction\",\"target\":[\"https:\/\/retterdentalcare.com\/digital-x-rays\/\"]}]},{\"@type\":\"ImageObject\",\"inLanguage\":\"fr-FR\",\"@id\":\"https:\/\/retterdentalcare.com\/digital-x-rays\/#primaryimage\",\"url\":\"https:\/\/retterdentalcare.com\/wp-content\/uploads\/2018\/06\/image-dentistry-33-1.jpg\",\"contentUrl\":\"https:\/\/retterdentalcare.com\/wp-content\/uploads\/2018\/06\/image-dentistry-33-1.jpg\",\"width\":\"1000\",\"height\":\"900\"},{\"@type\":\"BreadcrumbList\",\"@id\":\"https:\/\/retterdentalcare.com\/digital-x-rays\/#breadcrumb\",\"itemListElement\":[{\"@type\":\"ListItem\",\"position\":1,\"name\":\"Home\",\"item\":\"https:\/\/retterdentalcare.com\/fr\/\"},{\"@type\":\"ListItem\",\"position\":2,\"name\":\"Radiographie num\u00e9rique\"}]},{\"@type\":\"WebSite\",\"@id\":\"https:\/\/retterdentalcare.com\/#website\",\"url\":\"https:\/\/retterdentalcare.com\/\",\"name\":\"Retter Dental Care\",\"description\":\"The Best Care In The Most Comfortable Environment\",\"potentialAction\":[{\"@type\":\"SearchAction\",\"target\":{\"@type\":\"EntryPoint\",\"urlTemplate\":\"https:\/\/retterdentalcare.com\/?s={search_term_string}\"},\"query-input\":{\"@type\":\"PropertyValueSpecification\",\"valueRequired\":true,\"valueName\":\"search_term_string\"}}],\"inLanguage\":\"fr-FR\"}]}<\/script>\n<!-- \/ Yoast SEO plugin. -->","yoast_head_json":{"title":"Radiographie num\u00e9rique - Retter Dental Care","robots":{"index":"index","follow":"follow","max-snippet":"max-snippet:-1","max-image-preview":"max-image-preview:large","max-video-preview":"max-video-preview:-1"},"canonical":"https:\/\/retterdentalcare.com\/digital-x-rays\/","og_locale":"fr_FR","og_type":"article","og_title":"Radiographie num\u00e9rique - Retter Dental Care","og_description":"D\u00e9velopper des radiographies avec rayons x \u00e9tait un processus relativement long et, qui plus est, n\u00e9cessitait une chambre noire ainsi [&hellip;]","og_url":"https:\/\/retterdentalcare.com\/digital-x-rays\/","og_site_name":"Retter Dental Care","article_modified_time":"2018-06-19T09:49:52+00:00","og_image":[{"width":1000,"height":900,"url":"https:\/\/retterdentalcare.com\/wp-content\/uploads\/2018\/06\/image-dentistry-33-1.jpg","type":"image\/jpeg"}],"twitter_card":"summary_large_image","twitter_misc":{"Dur\u00e9e de lecture estim\u00e9e":"1 minute"},"schema":{"@context":"https:\/\/schema.org","@graph":[{"@type":"WebPage","@id":"https:\/\/retterdentalcare.com\/digital-x-rays\/","url":"https:\/\/retterdentalcare.com\/digital-x-rays\/","name":"Radiographie num\u00e9rique - Retter Dental Care","isPartOf":{"@id":"https:\/\/retterdentalcare.com\/#website"},"primaryImageOfPage":{"@id":"https:\/\/retterdentalcare.com\/digital-x-rays\/#primaryimage"},"image":{"@id":"https:\/\/retterdentalcare.com\/digital-x-rays\/#primaryimage"},"thumbnailUrl":"https:\/\/retterdentalcare.com\/wp-content\/uploads\/2018\/06\/image-dentistry-33-1.jpg","datePublished":"2018-06-19T05:12:14+00:00","dateModified":"2018-06-19T09:49:52+00:00","breadcrumb":{"@id":"https:\/\/retterdentalcare.com\/digital-x-rays\/#breadcrumb"},"inLanguage":"fr-FR","potentialAction":[{"@type":"ReadAction","target":["https:\/\/retterdentalcare.com\/digital-x-rays\/"]}]},{"@type":"ImageObject","inLanguage":"fr-FR","@id":"https:\/\/retterdentalcare.com\/digital-x-rays\/#primaryimage","url":"https:\/\/retterdentalcare.com\/wp-content\/uploads\/2018\/06\/image-dentistry-33-1.jpg","contentUrl":"https:\/\/retterdentalcare.com\/wp-content\/uploads\/2018\/06\/image-dentistry-33-1.jpg","width":"1000","height":"900"},{"@type":"BreadcrumbList","@id":"https:\/\/retterdentalcare.com\/digital-x-rays\/#breadcrumb","itemListElement":[{"@type":"ListItem","position":1,"name":"Home","item":"https:\/\/retterdentalcare.com\/fr\/"},{"@type":"ListItem","position":2,"name":"Radiographie num\u00e9rique"}]},{"@type":"WebSite","@id":"https:\/\/retterdentalcare.com\/#website","url":"https:\/\/retterdentalcare.com\/","name":"Retter Dental Care","description":"The Best Care In The Most Comfortable Environment","potentialAction":[{"@type":"SearchAction","target":{"@type":"EntryPoint","urlTemplate":"https:\/\/retterdentalcare.com\/?s={search_term_string}"},"query-input":{"@type":"PropertyValueSpecification","valueRequired":true,"valueName":"search_term_string"}}],"inLanguage":"fr-FR"}]}},"_links":{"self":[{"href":"https:\/\/retterdentalcare.com\/fr\/wp-json\/wp\/v2\/pages\/419","targetHints":{"allow":["GET"]}}],"collection":[{"href":"https:\/\/retterdentalcare.com\/fr\/wp-json\/wp\/v2\/pages"}],"about":[{"href":"https:\/\/retterdentalcare.com\/fr\/wp-json\/wp\/v2\/types\/page"}],"author":[{"embeddable":true,"href":"https:\/\/retterdentalcare.com\/fr\/wp-json\/wp\/v2\/users\/1"}],"replies":[{"embeddable":true,"href":"https:\/\/retterdentalcare.com\/fr\/wp-json\/wp\/v2\/comments?post=419"}],"version-history":[{"count":0,"href":"https:\/\/retterdentalcare.com\/fr\/wp-json\/wp\/v2\/pages\/419\/revisions"}],"wp:featuredmedia":[{"embeddable":true,"href":"https:\/\/retterdentalcare.com\/fr\/wp-json\/wp\/v2\/media\/616"}],"wp:attachment":[{"href":"https:\/\/retterdentalcare.com\/fr\/wp-json\/wp\/v2\/media?parent=419"}],"curies":[{"name":"wp","href":"https:\/\/api.w.org\/{rel}","templated":true}]}}