{"id":426,"date":"2018-06-19T06:21:34","date_gmt":"2018-06-19T05:21:34","guid":{"rendered":"http:\/\/localhost\/retter-dental-care\/platelet-rich-fibrin\/"},"modified":"2018-06-19T10:56:32","modified_gmt":"2018-06-19T09:56:32","slug":"plaquettes-riches-en-fibrine","status":"publish","type":"page","link":"https:\/\/retterdentalcare.com\/fr\/plaquettes-riches-en-fibrine\/","title":{"rendered":"Plaquettes riches en fibrine"},"content":{"rendered":"<div class=\"quote\">Maximisez le potentiel de gu\u00e9rison de votre corps!<\/div>\n<p>Soins dentaires Retter est fier d&#8217;avoir ajout\u00e9 cette technologie r\u00e9volutionnaire \u00e0 ses traitements chirurgicaux.<\/p>\n<p>Bien entendu, notre corps est programm\u00e9 pour gu\u00e9rir en cas de blessure. C&#8217;est un processus naturel et fondamental. Lorsque nous avons une inflammation, une blessure ou une chirurgie, notre organisme se met alors en branle pour activer tout notre syst\u00e8me immunitaire afin de combattre l&#8217;infection, de g\u00e9n\u00e9rer de nouveaux tissus et pour que notre corps retrouve son \u00e9tat initial.<\/p>\n<p>Cependant, ce processus requiert un certain temps. \u00c0 titre d&#8217;exemple, suite \u00e0 une extraction dentaire usuelle, la gencive prend environ un mois pour se r\u00e9g\u00e9n\u00e9rer et pour recouvrir la cavit\u00e9 qui a \u00e9t\u00e9 cr\u00e9\u00e9e. Imaginez que nous puissions dire \u00e0 notre corps, \u00ab d\u00e9p\u00eache-toi de gu\u00e9rir! \u00bb ou encore \u00ab sois plus efficace!\u00bb.<\/p>\n<p>C&#8217;est exactement ce que font les plaquettes riches en fibrine. En fait, la r\u00e9ponse se trouve dans notre organisme. En recueillant une petite portion de notre propre sang (\u00e0 la mani\u00e8re d&#8217;une prise de sang r\u00e9guli\u00e8re), nous sommes en mesure de r\u00e9colter toutes les cellules, prot\u00e9ines et hormones ainsi que les facteurs de croissance dont le corps a besoin pour retrouver sa pleine capacit\u00e9. Il s&#8217;agit ensuite de traiter la plaie chirurgicale. Bref, vous gu\u00e9rissez plusrapidement et de fa\u00e7on tout \u00e0 fait naturelle!<\/p>\n<p>Bien que ceci puisse ressembler \u00e0 de la pure fiction, cette technique a fait ses preuves et est utilis\u00e9e par tous les professionnels de la sant\u00e9. L&#8217;ing\u00e9nierie tissulaire a \u00e9norm\u00e9ment \u00e9volu\u00e9 au cours de la derni\u00e8re d\u00e9cennie et c&#8217;est la voie de l&#8217;avenir. Les m\u00e9decins sportifs a recours \u00e0 ce proc\u00e9d\u00e9 pour que les athl\u00e8tes puissent retourner au jeu plus rapidement. Il est \u00e9galement utilis\u00e9 chez les victimes de br\u00fblures ainsi que chez les patients diab\u00e9tiques qui mettent plus de temps \u00e0 gu\u00e9rir. Il peut m\u00eame \u00eatre inject\u00e9 pour combler les rides chez les personnes qui d\u00e9sirent rajeunir leur apparence de mani\u00e8re naturelle.<\/p>\n<p>Dans le domaine de la dentisterie, il a \u00e9t\u00e9 prouv\u00e9 que cette technique assure une gu\u00e9rison plus rapide chez les patients ayant subi des proc\u00e9dures telles que l&#8217;extraction dentaire, la greffe et l&#8217;installation d&#8217;implant(s). Lorsque nous voyons les patients \u00e0 titre de suivi, nous remarquons que le processus de gu\u00e9rison est litt\u00e9ralement r\u00e9duit de moiti\u00e9. On peut donc consid\u00e9rer cette technique comme une \u00ab assurance gu\u00e9rison rapide\u00bb.<\/p>\n<p><img loading=\"lazy\" decoding=\"async\" class=\"image alignnone\" src=\"https:\/\/retterdentalcare.com\/wp-content\/themes\/retter-dental-care\/images\/prf-3.jpg\" alt=\"PRF\" width=\"612\" height=\"408\" \/><br \/>\n<img loading=\"lazy\" decoding=\"async\" class=\"image alignnone\" src=\"https:\/\/retterdentalcare.com\/wp-content\/themes\/retter-dental-care\/images\/prf-1.jpg\" alt=\"PRF\" width=\"612\" height=\"408\" \/><\/p>\n","protected":false},"excerpt":{"rendered":"<p>Soins dentaires Retter est fier d&#8217;avoir ajout\u00e9 cette technologie r\u00e9volutionnaire \u00e0 ses traitements chirurgicaux. Bien entendu, notre corps est programm\u00e9 [&hellip;]<\/p>\n","protected":false},"author":1,"featured_media":620,"parent":0,"menu_order":0,"comment_status":"closed","ping_status":"closed","template":"","meta":{"footnotes":""},"class_list":["post-426","page","type-page","status-publish","has-post-thumbnail","hentry"],"yoast_head":"<!-- This site is optimized with the Yoast SEO plugin v26.6 - https:\/\/yoast.com\/wordpress\/plugins\/seo\/ -->\n<title>Plaquettes riches en fibrine - Retter Dental Care<\/title>\n<meta name=\"robots\" content=\"index, follow, max-snippet:-1, max-image-preview:large, max-video-preview:-1\" \/>\n<link rel=\"canonical\" href=\"https:\/\/retterdentalcare.com\/platelet-rich-fibrin\/\" \/>\n<meta property=\"og:locale\" content=\"fr_FR\" \/>\n<meta property=\"og:type\" content=\"article\" \/>\n<meta property=\"og:title\" content=\"Plaquettes riches en fibrine - Retter Dental Care\" \/>\n<meta property=\"og:description\" content=\"Soins dentaires Retter est fier d&#8217;avoir ajout\u00e9 cette technologie r\u00e9volutionnaire \u00e0 ses traitements chirurgicaux. Bien entendu, notre corps est programm\u00e9 [&hellip;]\" \/>\n<meta property=\"og:url\" content=\"https:\/\/retterdentalcare.com\/platelet-rich-fibrin\/\" \/>\n<meta property=\"og:site_name\" content=\"Retter Dental Care\" \/>\n<meta property=\"article:modified_time\" content=\"2018-06-19T09:56:32+00:00\" \/>\n<meta property=\"og:image\" content=\"https:\/\/retterdentalcare.com\/wp-content\/uploads\/2018\/06\/image-dentistry-55.jpg\" \/>\n\t<meta property=\"og:image:width\" content=\"1000\" \/>\n\t<meta property=\"og:image:height\" content=\"900\" \/>\n\t<meta property=\"og:image:type\" content=\"image\/jpeg\" \/>\n<meta name=\"twitter:card\" content=\"summary_large_image\" \/>\n<meta name=\"twitter:label1\" content=\"Dur\u00e9e de lecture estim\u00e9e\" \/>\n\t<meta name=\"twitter:data1\" content=\"2 minutes\" \/>\n<script type=\"application\/ld+json\" class=\"yoast-schema-graph\">{\"@context\":\"https:\/\/schema.org\",\"@graph\":[{\"@type\":\"WebPage\",\"@id\":\"https:\/\/retterdentalcare.com\/platelet-rich-fibrin\/\",\"url\":\"https:\/\/retterdentalcare.com\/platelet-rich-fibrin\/\",\"name\":\"Plaquettes riches en fibrine - Retter Dental Care\",\"isPartOf\":{\"@id\":\"https:\/\/retterdentalcare.com\/#website\"},\"primaryImageOfPage\":{\"@id\":\"https:\/\/retterdentalcare.com\/platelet-rich-fibrin\/#primaryimage\"},\"image\":{\"@id\":\"https:\/\/retterdentalcare.com\/platelet-rich-fibrin\/#primaryimage\"},\"thumbnailUrl\":\"https:\/\/retterdentalcare.com\/wp-content\/uploads\/2018\/06\/image-dentistry-55.jpg\",\"datePublished\":\"2018-06-19T05:21:34+00:00\",\"dateModified\":\"2018-06-19T09:56:32+00:00\",\"breadcrumb\":{\"@id\":\"https:\/\/retterdentalcare.com\/platelet-rich-fibrin\/#breadcrumb\"},\"inLanguage\":\"fr-FR\",\"potentialAction\":[{\"@type\":\"ReadAction\",\"target\":[\"https:\/\/retterdentalcare.com\/platelet-rich-fibrin\/\"]}]},{\"@type\":\"ImageObject\",\"inLanguage\":\"fr-FR\",\"@id\":\"https:\/\/retterdentalcare.com\/platelet-rich-fibrin\/#primaryimage\",\"url\":\"https:\/\/retterdentalcare.com\/wp-content\/uploads\/2018\/06\/image-dentistry-55.jpg\",\"contentUrl\":\"https:\/\/retterdentalcare.com\/wp-content\/uploads\/2018\/06\/image-dentistry-55.jpg\",\"width\":\"1000\",\"height\":\"900\"},{\"@type\":\"BreadcrumbList\",\"@id\":\"https:\/\/retterdentalcare.com\/platelet-rich-fibrin\/#breadcrumb\",\"itemListElement\":[{\"@type\":\"ListItem\",\"position\":1,\"name\":\"Home\",\"item\":\"https:\/\/retterdentalcare.com\/fr\/\"},{\"@type\":\"ListItem\",\"position\":2,\"name\":\"Plaquettes riches en fibrine\"}]},{\"@type\":\"WebSite\",\"@id\":\"https:\/\/retterdentalcare.com\/#website\",\"url\":\"https:\/\/retterdentalcare.com\/\",\"name\":\"Retter Dental Care\",\"description\":\"The Best Care In The Most Comfortable Environment\",\"potentialAction\":[{\"@type\":\"SearchAction\",\"target\":{\"@type\":\"EntryPoint\",\"urlTemplate\":\"https:\/\/retterdentalcare.com\/?s={search_term_string}\"},\"query-input\":{\"@type\":\"PropertyValueSpecification\",\"valueRequired\":true,\"valueName\":\"search_term_string\"}}],\"inLanguage\":\"fr-FR\"}]}<\/script>\n<!-- \/ Yoast SEO plugin. -->","yoast_head_json":{"title":"Plaquettes riches en fibrine - Retter Dental Care","robots":{"index":"index","follow":"follow","max-snippet":"max-snippet:-1","max-image-preview":"max-image-preview:large","max-video-preview":"max-video-preview:-1"},"canonical":"https:\/\/retterdentalcare.com\/platelet-rich-fibrin\/","og_locale":"fr_FR","og_type":"article","og_title":"Plaquettes riches en fibrine - Retter Dental Care","og_description":"Soins dentaires Retter est fier d&#8217;avoir ajout\u00e9 cette technologie r\u00e9volutionnaire \u00e0 ses traitements chirurgicaux. Bien entendu, notre corps est programm\u00e9 [&hellip;]","og_url":"https:\/\/retterdentalcare.com\/platelet-rich-fibrin\/","og_site_name":"Retter Dental Care","article_modified_time":"2018-06-19T09:56:32+00:00","og_image":[{"width":1000,"height":900,"url":"https:\/\/retterdentalcare.com\/wp-content\/uploads\/2018\/06\/image-dentistry-55.jpg","type":"image\/jpeg"}],"twitter_card":"summary_large_image","twitter_misc":{"Dur\u00e9e de lecture estim\u00e9e":"2 minutes"},"schema":{"@context":"https:\/\/schema.org","@graph":[{"@type":"WebPage","@id":"https:\/\/retterdentalcare.com\/platelet-rich-fibrin\/","url":"https:\/\/retterdentalcare.com\/platelet-rich-fibrin\/","name":"Plaquettes riches en fibrine - Retter Dental Care","isPartOf":{"@id":"https:\/\/retterdentalcare.com\/#website"},"primaryImageOfPage":{"@id":"https:\/\/retterdentalcare.com\/platelet-rich-fibrin\/#primaryimage"},"image":{"@id":"https:\/\/retterdentalcare.com\/platelet-rich-fibrin\/#primaryimage"},"thumbnailUrl":"https:\/\/retterdentalcare.com\/wp-content\/uploads\/2018\/06\/image-dentistry-55.jpg","datePublished":"2018-06-19T05:21:34+00:00","dateModified":"2018-06-19T09:56:32+00:00","breadcrumb":{"@id":"https:\/\/retterdentalcare.com\/platelet-rich-fibrin\/#breadcrumb"},"inLanguage":"fr-FR","potentialAction":[{"@type":"ReadAction","target":["https:\/\/retterdentalcare.com\/platelet-rich-fibrin\/"]}]},{"@type":"ImageObject","inLanguage":"fr-FR","@id":"https:\/\/retterdentalcare.com\/platelet-rich-fibrin\/#primaryimage","url":"https:\/\/retterdentalcare.com\/wp-content\/uploads\/2018\/06\/image-dentistry-55.jpg","contentUrl":"https:\/\/retterdentalcare.com\/wp-content\/uploads\/2018\/06\/image-dentistry-55.jpg","width":"1000","height":"900"},{"@type":"BreadcrumbList","@id":"https:\/\/retterdentalcare.com\/platelet-rich-fibrin\/#breadcrumb","itemListElement":[{"@type":"ListItem","position":1,"name":"Home","item":"https:\/\/retterdentalcare.com\/fr\/"},{"@type":"ListItem","position":2,"name":"Plaquettes riches en fibrine"}]},{"@type":"WebSite","@id":"https:\/\/retterdentalcare.com\/#website","url":"https:\/\/retterdentalcare.com\/","name":"Retter Dental Care","description":"The Best Care In The Most Comfortable Environment","potentialAction":[{"@type":"SearchAction","target":{"@type":"EntryPoint","urlTemplate":"https:\/\/retterdentalcare.com\/?s={search_term_string}"},"query-input":{"@type":"PropertyValueSpecification","valueRequired":true,"valueName":"search_term_string"}}],"inLanguage":"fr-FR"}]}},"_links":{"self":[{"href":"https:\/\/retterdentalcare.com\/fr\/wp-json\/wp\/v2\/pages\/426","targetHints":{"allow":["GET"]}}],"collection":[{"href":"https:\/\/retterdentalcare.com\/fr\/wp-json\/wp\/v2\/pages"}],"about":[{"href":"https:\/\/retterdentalcare.com\/fr\/wp-json\/wp\/v2\/types\/page"}],"author":[{"embeddable":true,"href":"https:\/\/retterdentalcare.com\/fr\/wp-json\/wp\/v2\/users\/1"}],"replies":[{"embeddable":true,"href":"https:\/\/retterdentalcare.com\/fr\/wp-json\/wp\/v2\/comments?post=426"}],"version-history":[{"count":0,"href":"https:\/\/retterdentalcare.com\/fr\/wp-json\/wp\/v2\/pages\/426\/revisions"}],"wp:featuredmedia":[{"embeddable":true,"href":"https:\/\/retterdentalcare.com\/fr\/wp-json\/wp\/v2\/media\/620"}],"wp:attachment":[{"href":"https:\/\/retterdentalcare.com\/fr\/wp-json\/wp\/v2\/media?parent=426"}],"curies":[{"name":"wp","href":"https:\/\/api.w.org\/{rel}","templated":true}]}}