{"id":428,"date":"2018-06-19T06:32:51","date_gmt":"2018-06-19T05:32:51","guid":{"rendered":"http:\/\/localhost\/retter-dental-care\/soft-tissue-laser\/"},"modified":"2018-06-19T11:00:11","modified_gmt":"2018-06-19T10:00:11","slug":"laser-a-tissus-mous","status":"publish","type":"page","link":"https:\/\/retterdentalcare.com\/fr\/laser-a-tissus-mous\/","title":{"rendered":"Laser \u00e0 tissus mous"},"content":{"rendered":"<h2>Le Syst\u00e8me Ivoclar Odyssey Navigator Diode Laser<\/h2>\n<p>Le Syst\u00e8me Ivoclar Odyssey Navigator Diode Laser est rapidement devenu un incontournable en dentisterie. Il permet de traiter tout en douceur les tissus mous et comporte plusieurs autres avantages tels que latt\u00e9nuation consid\u00e9rable de la douleur et des saignements post-op\u00e9ratoires suite \u00e0 une chirurgie. Cela se traduit donc par une r\u00e9cup\u00e9ration beaucoup plus rapide. Cette m\u00e9thode permet aussi d&#8217;\u00e9liminer les agents pathog\u00e8nes dans la bouche. Par ailleurs, nous utilisons r\u00e9guli\u00e8rement notre laser diode pour les proc\u00e9dures esth\u00e9tiques, mais aussi pour acc\u00e9l\u00e9rer la gu\u00e9rison des boutons de fi\u00e8vre et des plaies canc\u00e9reuses tout comme pour d\u00e9sinfecter les poches parodontales.<\/p>\n<p>&nbsp;<\/p>\n<p>&nbsp;<\/p>\n<p>&nbsp;<\/p>\n","protected":false},"excerpt":{"rendered":"<p>Le Syst\u00e8me Ivoclar Odyssey Navigator Diode Laser Le Syst\u00e8me Ivoclar Odyssey Navigator Diode Laser est rapidement devenu un incontournable en [&hellip;]<\/p>\n","protected":false},"author":1,"featured_media":220,"parent":0,"menu_order":0,"comment_status":"closed","ping_status":"closed","template":"","meta":{"footnotes":""},"class_list":["post-428","page","type-page","status-publish","has-post-thumbnail","hentry"],"yoast_head":"<!-- This site is optimized with the Yoast SEO plugin v26.6 - https:\/\/yoast.com\/wordpress\/plugins\/seo\/ -->\n<title>Laser \u00e0 tissus mous - Retter Dental Care<\/title>\n<meta name=\"robots\" content=\"index, follow, max-snippet:-1, max-image-preview:large, max-video-preview:-1\" \/>\n<link rel=\"canonical\" href=\"https:\/\/retterdentalcare.com\/fr\/laser-a-tissus-mous\/\" \/>\n<meta property=\"og:locale\" content=\"fr_FR\" \/>\n<meta property=\"og:type\" content=\"article\" \/>\n<meta property=\"og:title\" content=\"Laser \u00e0 tissus mous - Retter Dental Care\" \/>\n<meta property=\"og:description\" content=\"Le Syst\u00e8me Ivoclar Odyssey Navigator Diode Laser Le Syst\u00e8me Ivoclar Odyssey Navigator Diode Laser est rapidement devenu un incontournable en [&hellip;]\" \/>\n<meta property=\"og:url\" content=\"https:\/\/retterdentalcare.com\/fr\/laser-a-tissus-mous\/\" \/>\n<meta property=\"og:site_name\" content=\"Retter Dental Care\" \/>\n<meta property=\"article:modified_time\" content=\"2018-06-19T10:00:11+00:00\" \/>\n<meta property=\"og:image\" content=\"https:\/\/retterdentalcare.com\/wp-content\/uploads\/2018\/06\/image-dentistry-56.jpg\" \/>\n\t<meta property=\"og:image:width\" content=\"1000\" \/>\n\t<meta property=\"og:image:height\" content=\"900\" \/>\n\t<meta property=\"og:image:type\" content=\"image\/jpeg\" \/>\n<meta name=\"twitter:card\" content=\"summary_large_image\" \/>\n<meta name=\"twitter:label1\" content=\"Dur\u00e9e de lecture estim\u00e9e\" \/>\n\t<meta name=\"twitter:data1\" content=\"1 minute\" \/>\n<script type=\"application\/ld+json\" class=\"yoast-schema-graph\">{\"@context\":\"https:\/\/schema.org\",\"@graph\":[{\"@type\":\"WebPage\",\"@id\":\"https:\/\/retterdentalcare.com\/fr\/laser-a-tissus-mous\/\",\"url\":\"https:\/\/retterdentalcare.com\/fr\/laser-a-tissus-mous\/\",\"name\":\"Laser \u00e0 tissus mous - Retter Dental Care\",\"isPartOf\":{\"@id\":\"https:\/\/retterdentalcare.com\/#website\"},\"primaryImageOfPage\":{\"@id\":\"https:\/\/retterdentalcare.com\/fr\/laser-a-tissus-mous\/#primaryimage\"},\"image\":{\"@id\":\"https:\/\/retterdentalcare.com\/fr\/laser-a-tissus-mous\/#primaryimage\"},\"thumbnailUrl\":\"https:\/\/retterdentalcare.com\/wp-content\/uploads\/2018\/06\/image-dentistry-56.jpg\",\"datePublished\":\"2018-06-19T05:32:51+00:00\",\"dateModified\":\"2018-06-19T10:00:11+00:00\",\"breadcrumb\":{\"@id\":\"https:\/\/retterdentalcare.com\/fr\/laser-a-tissus-mous\/#breadcrumb\"},\"inLanguage\":\"fr-FR\",\"potentialAction\":[{\"@type\":\"ReadAction\",\"target\":[\"https:\/\/retterdentalcare.com\/fr\/laser-a-tissus-mous\/\"]}]},{\"@type\":\"ImageObject\",\"inLanguage\":\"fr-FR\",\"@id\":\"https:\/\/retterdentalcare.com\/fr\/laser-a-tissus-mous\/#primaryimage\",\"url\":\"https:\/\/retterdentalcare.com\/wp-content\/uploads\/2018\/06\/image-dentistry-56.jpg\",\"contentUrl\":\"https:\/\/retterdentalcare.com\/wp-content\/uploads\/2018\/06\/image-dentistry-56.jpg\",\"width\":\"1000\",\"height\":\"900\"},{\"@type\":\"BreadcrumbList\",\"@id\":\"https:\/\/retterdentalcare.com\/fr\/laser-a-tissus-mous\/#breadcrumb\",\"itemListElement\":[{\"@type\":\"ListItem\",\"position\":1,\"name\":\"Home\",\"item\":\"https:\/\/retterdentalcare.com\/fr\/\"},{\"@type\":\"ListItem\",\"position\":2,\"name\":\"Laser \u00e0 tissus mous\"}]},{\"@type\":\"WebSite\",\"@id\":\"https:\/\/retterdentalcare.com\/#website\",\"url\":\"https:\/\/retterdentalcare.com\/\",\"name\":\"Retter Dental Care\",\"description\":\"The Best Care In The Most Comfortable Environment\",\"potentialAction\":[{\"@type\":\"SearchAction\",\"target\":{\"@type\":\"EntryPoint\",\"urlTemplate\":\"https:\/\/retterdentalcare.com\/?s={search_term_string}\"},\"query-input\":{\"@type\":\"PropertyValueSpecification\",\"valueRequired\":true,\"valueName\":\"search_term_string\"}}],\"inLanguage\":\"fr-FR\"}]}<\/script>\n<!-- \/ Yoast SEO plugin. -->","yoast_head_json":{"title":"Laser \u00e0 tissus mous - Retter Dental Care","robots":{"index":"index","follow":"follow","max-snippet":"max-snippet:-1","max-image-preview":"max-image-preview:large","max-video-preview":"max-video-preview:-1"},"canonical":"https:\/\/retterdentalcare.com\/fr\/laser-a-tissus-mous\/","og_locale":"fr_FR","og_type":"article","og_title":"Laser \u00e0 tissus mous - Retter Dental Care","og_description":"Le Syst\u00e8me Ivoclar Odyssey Navigator Diode Laser Le Syst\u00e8me Ivoclar Odyssey Navigator Diode Laser est rapidement devenu un incontournable en [&hellip;]","og_url":"https:\/\/retterdentalcare.com\/fr\/laser-a-tissus-mous\/","og_site_name":"Retter Dental Care","article_modified_time":"2018-06-19T10:00:11+00:00","og_image":[{"width":1000,"height":900,"url":"https:\/\/retterdentalcare.com\/wp-content\/uploads\/2018\/06\/image-dentistry-56.jpg","type":"image\/jpeg"}],"twitter_card":"summary_large_image","twitter_misc":{"Dur\u00e9e de lecture estim\u00e9e":"1 minute"},"schema":{"@context":"https:\/\/schema.org","@graph":[{"@type":"WebPage","@id":"https:\/\/retterdentalcare.com\/fr\/laser-a-tissus-mous\/","url":"https:\/\/retterdentalcare.com\/fr\/laser-a-tissus-mous\/","name":"Laser \u00e0 tissus mous - Retter Dental Care","isPartOf":{"@id":"https:\/\/retterdentalcare.com\/#website"},"primaryImageOfPage":{"@id":"https:\/\/retterdentalcare.com\/fr\/laser-a-tissus-mous\/#primaryimage"},"image":{"@id":"https:\/\/retterdentalcare.com\/fr\/laser-a-tissus-mous\/#primaryimage"},"thumbnailUrl":"https:\/\/retterdentalcare.com\/wp-content\/uploads\/2018\/06\/image-dentistry-56.jpg","datePublished":"2018-06-19T05:32:51+00:00","dateModified":"2018-06-19T10:00:11+00:00","breadcrumb":{"@id":"https:\/\/retterdentalcare.com\/fr\/laser-a-tissus-mous\/#breadcrumb"},"inLanguage":"fr-FR","potentialAction":[{"@type":"ReadAction","target":["https:\/\/retterdentalcare.com\/fr\/laser-a-tissus-mous\/"]}]},{"@type":"ImageObject","inLanguage":"fr-FR","@id":"https:\/\/retterdentalcare.com\/fr\/laser-a-tissus-mous\/#primaryimage","url":"https:\/\/retterdentalcare.com\/wp-content\/uploads\/2018\/06\/image-dentistry-56.jpg","contentUrl":"https:\/\/retterdentalcare.com\/wp-content\/uploads\/2018\/06\/image-dentistry-56.jpg","width":"1000","height":"900"},{"@type":"BreadcrumbList","@id":"https:\/\/retterdentalcare.com\/fr\/laser-a-tissus-mous\/#breadcrumb","itemListElement":[{"@type":"ListItem","position":1,"name":"Home","item":"https:\/\/retterdentalcare.com\/fr\/"},{"@type":"ListItem","position":2,"name":"Laser \u00e0 tissus mous"}]},{"@type":"WebSite","@id":"https:\/\/retterdentalcare.com\/#website","url":"https:\/\/retterdentalcare.com\/","name":"Retter Dental Care","description":"The Best Care In The Most Comfortable Environment","potentialAction":[{"@type":"SearchAction","target":{"@type":"EntryPoint","urlTemplate":"https:\/\/retterdentalcare.com\/?s={search_term_string}"},"query-input":{"@type":"PropertyValueSpecification","valueRequired":true,"valueName":"search_term_string"}}],"inLanguage":"fr-FR"}]}},"_links":{"self":[{"href":"https:\/\/retterdentalcare.com\/fr\/wp-json\/wp\/v2\/pages\/428","targetHints":{"allow":["GET"]}}],"collection":[{"href":"https:\/\/retterdentalcare.com\/fr\/wp-json\/wp\/v2\/pages"}],"about":[{"href":"https:\/\/retterdentalcare.com\/fr\/wp-json\/wp\/v2\/types\/page"}],"author":[{"embeddable":true,"href":"https:\/\/retterdentalcare.com\/fr\/wp-json\/wp\/v2\/users\/1"}],"replies":[{"embeddable":true,"href":"https:\/\/retterdentalcare.com\/fr\/wp-json\/wp\/v2\/comments?post=428"}],"version-history":[{"count":0,"href":"https:\/\/retterdentalcare.com\/fr\/wp-json\/wp\/v2\/pages\/428\/revisions"}],"wp:featuredmedia":[{"embeddable":true,"href":"https:\/\/retterdentalcare.com\/fr\/wp-json\/wp\/v2\/media\/220"}],"wp:attachment":[{"href":"https:\/\/retterdentalcare.com\/fr\/wp-json\/wp\/v2\/media?parent=428"}],"curies":[{"name":"wp","href":"https:\/\/api.w.org\/{rel}","templated":true}]}}