{"id":432,"date":"2018-06-19T06:44:51","date_gmt":"2018-06-19T05:44:51","guid":{"rendered":"http:\/\/localhost\/retter-dental-care\/sterilization-and-patient-safety\/"},"modified":"2018-06-19T11:06:49","modified_gmt":"2018-06-19T10:06:49","slug":"sterilisation-et-securite-des-patients","status":"publish","type":"page","link":"https:\/\/retterdentalcare.com\/fr\/sterilisation-et-securite-des-patients\/","title":{"rendered":"St\u00e9rilisation et s\u00e9curit\u00e9 des patients"},"content":{"rendered":"<div class=\"quote\">&#8220;On n&#8217;est jamais trop prudent!&#8221;<\/div>\n<p><b>En vue de nous assurer de la s\u00e9curit\u00e9 de nos patients, la st\u00e9rilisation de nos instruments et outils de travail est vraiment prise au s\u00e9rieux chez Soins dentaires Retter. C&#8217;est pourquoi nous faisons preuve d&#8217;une extr\u00eame rigueur dans notre processus de st\u00e9rilisation. Nous avons r\u00e9guli\u00e8rement recours \u00e0 des indicateurs biologiques, chimiques et m\u00e9caniques pour nous assurer que tout est en ordre.<\/b><\/p>\n<p>En outre, nous utilisons les meilleures techiques de st\u00e9rilisation qui soient. D\u00e9sinfecter et st\u00e9riliser sont les deux \u00e9tapes de base pour aseptiser les surfaces et les instruments. La st\u00e9rilisation est un proc\u00e9d\u00e9 \u00e0 la fois chimique et physique pour d\u00e9truire toutes formes de micro-organismes, incluant les spores les plus r\u00e9sistantes.<\/p>\n<p>Nous utilisons un autoclave \u00e0 vapeur rapide \u00e0 275 F (35psi), pendant 15 \u00e0 20 minutes ainsi que des indicateurs biologiques, m\u00e9caniques est chimiques pour surveiller le processus de st\u00e9rilisation.<\/p>\n<p>L&#8217;utilisation de spores pour assurer l&#8217;efficacit\u00e9 du processus de st\u00e9rilisation assure l&#8217;innocuit\u00e9 au niveau biologique (spores-test) et les spores bact\u00e9riennes utilis\u00e9es pour le suivi du processus de st\u00e9rilisation sont appel\u00e9es indicateurs biologiques. La m\u00e9thode \u00e0 privil\u00e9gier pour nous assurer d&#8217;une st\u00e9rilisation optimale est le contr\u00f4le biologique puisqu&#8217;il op\u00e8re avec des spores bact\u00e9riennes vivantes hautement r\u00e9sistantes.<\/p>\n<p>Une fois par semaine, pour s&#8217;assurer d&#8217;une st\u00e9rilisation compl\u00e8te, nous analysons le tout \u00e0 l&#8217;aide de notre indicateur biologique par le biais de bandelettes de spores que nous prenons soin de conserver dans nos registres. Ces bandelettes sont entrepos\u00e9es dans une enveloppe en papier cristal et trait\u00e9es par le st\u00e9rilisateur. Elles sont ensuite achemin\u00e9es \u00e0 notre centre pr\u00e9vu pour les \u00ab\u00a0spores-tests\u00a0\u00bb pour \u00e9valuer la concentration de spores vivantes.<\/p>\n<p>\u00c9valuer la pr\u00e9sence de produits chimiques implique l&#8217;utilisation d&#8217;indicateurs chimiques qui changent de couleur ou de forme lorsqu&#8217;ils sont expos\u00e9s \u00e0 des temp\u00e9ratures \u00e9lev\u00e9es ou \u00e0 des conditions de st\u00e9rilisation pr\u00e9cises en fonction de notre st\u00e9rilisateur. C&#8217;est ce que l&#8217;on appelle l&#8217;\u00e9valuation des produits chimiques. Nous utilisons aussi des sachets de st\u00e9rilisation qui ont un marquage pr\u00e9cis et qui changent de couleur lorsqu&#8217;ils sont soumis \u00e0 des temp\u00e9ratures de st\u00e9rilisation.<\/p>\n<p>L&#8217;\u00e9valuation m\u00e9canique consiste \u00e0 observer et \u00e0 enregistrer les caract\u00e9ristiques physiques (ex.\u00a0: la temp\u00e9rature, la pression ou le temps) du cycle lorsque l&#8217;autoclave est en marche. Notre st\u00e9rilisateur est r\u00e9guli\u00e8rement examin\u00e9 pour s&#8217;assurer qu&#8217;il fonctionne \u00e0 son plein potentiel.<\/p>\n","protected":false},"excerpt":{"rendered":"<p>En vue de nous assurer de la s\u00e9curit\u00e9 de nos patients, la st\u00e9rilisation de nos instruments et outils de travail [&hellip;]<\/p>\n","protected":false},"author":1,"featured_media":229,"parent":0,"menu_order":0,"comment_status":"closed","ping_status":"closed","template":"","meta":{"footnotes":""},"class_list":["post-432","page","type-page","status-publish","has-post-thumbnail","hentry"],"yoast_head":"<!-- This site is optimized with the Yoast SEO plugin v26.6 - https:\/\/yoast.com\/wordpress\/plugins\/seo\/ -->\n<title>St\u00e9rilisation et s\u00e9curit\u00e9 des patients - Retter Dental Care<\/title>\n<meta name=\"robots\" content=\"index, follow, max-snippet:-1, max-image-preview:large, max-video-preview:-1\" \/>\n<link rel=\"canonical\" href=\"https:\/\/retterdentalcare.com\/sterilization-and-patient-safety\/\" \/>\n<meta property=\"og:locale\" content=\"fr_FR\" \/>\n<meta property=\"og:type\" content=\"article\" \/>\n<meta property=\"og:title\" content=\"St\u00e9rilisation et s\u00e9curit\u00e9 des patients - Retter Dental Care\" \/>\n<meta property=\"og:description\" content=\"En vue de nous assurer de la s\u00e9curit\u00e9 de nos patients, la st\u00e9rilisation de nos instruments et outils de travail [&hellip;]\" \/>\n<meta property=\"og:url\" content=\"https:\/\/retterdentalcare.com\/sterilization-and-patient-safety\/\" \/>\n<meta property=\"og:site_name\" content=\"Retter Dental Care\" \/>\n<meta property=\"article:modified_time\" content=\"2018-06-19T10:06:49+00:00\" \/>\n<meta property=\"og:image\" content=\"https:\/\/retterdentalcare.com\/wp-content\/uploads\/2018\/06\/image-dentistry-44.jpg\" \/>\n\t<meta property=\"og:image:width\" content=\"1000\" \/>\n\t<meta property=\"og:image:height\" content=\"900\" \/>\n\t<meta property=\"og:image:type\" content=\"image\/jpeg\" \/>\n<meta name=\"twitter:card\" content=\"summary_large_image\" \/>\n<meta name=\"twitter:label1\" content=\"Dur\u00e9e de lecture estim\u00e9e\" \/>\n\t<meta name=\"twitter:data1\" content=\"2 minutes\" \/>\n<script type=\"application\/ld+json\" class=\"yoast-schema-graph\">{\"@context\":\"https:\/\/schema.org\",\"@graph\":[{\"@type\":\"WebPage\",\"@id\":\"https:\/\/retterdentalcare.com\/sterilization-and-patient-safety\/\",\"url\":\"https:\/\/retterdentalcare.com\/sterilization-and-patient-safety\/\",\"name\":\"St\u00e9rilisation et s\u00e9curit\u00e9 des patients - Retter Dental Care\",\"isPartOf\":{\"@id\":\"https:\/\/retterdentalcare.com\/#website\"},\"primaryImageOfPage\":{\"@id\":\"https:\/\/retterdentalcare.com\/sterilization-and-patient-safety\/#primaryimage\"},\"image\":{\"@id\":\"https:\/\/retterdentalcare.com\/sterilization-and-patient-safety\/#primaryimage\"},\"thumbnailUrl\":\"https:\/\/retterdentalcare.com\/wp-content\/uploads\/2018\/06\/image-dentistry-44.jpg\",\"datePublished\":\"2018-06-19T05:44:51+00:00\",\"dateModified\":\"2018-06-19T10:06:49+00:00\",\"breadcrumb\":{\"@id\":\"https:\/\/retterdentalcare.com\/sterilization-and-patient-safety\/#breadcrumb\"},\"inLanguage\":\"fr-FR\",\"potentialAction\":[{\"@type\":\"ReadAction\",\"target\":[\"https:\/\/retterdentalcare.com\/sterilization-and-patient-safety\/\"]}]},{\"@type\":\"ImageObject\",\"inLanguage\":\"fr-FR\",\"@id\":\"https:\/\/retterdentalcare.com\/sterilization-and-patient-safety\/#primaryimage\",\"url\":\"https:\/\/retterdentalcare.com\/wp-content\/uploads\/2018\/06\/image-dentistry-44.jpg\",\"contentUrl\":\"https:\/\/retterdentalcare.com\/wp-content\/uploads\/2018\/06\/image-dentistry-44.jpg\",\"width\":\"1000\",\"height\":\"900\"},{\"@type\":\"BreadcrumbList\",\"@id\":\"https:\/\/retterdentalcare.com\/sterilization-and-patient-safety\/#breadcrumb\",\"itemListElement\":[{\"@type\":\"ListItem\",\"position\":1,\"name\":\"Home\",\"item\":\"https:\/\/retterdentalcare.com\/fr\/\"},{\"@type\":\"ListItem\",\"position\":2,\"name\":\"St\u00e9rilisation et s\u00e9curit\u00e9 des patients\"}]},{\"@type\":\"WebSite\",\"@id\":\"https:\/\/retterdentalcare.com\/#website\",\"url\":\"https:\/\/retterdentalcare.com\/\",\"name\":\"Retter Dental Care\",\"description\":\"The Best Care In The Most Comfortable Environment\",\"potentialAction\":[{\"@type\":\"SearchAction\",\"target\":{\"@type\":\"EntryPoint\",\"urlTemplate\":\"https:\/\/retterdentalcare.com\/?s={search_term_string}\"},\"query-input\":{\"@type\":\"PropertyValueSpecification\",\"valueRequired\":true,\"valueName\":\"search_term_string\"}}],\"inLanguage\":\"fr-FR\"}]}<\/script>\n<!-- \/ Yoast SEO plugin. -->","yoast_head_json":{"title":"St\u00e9rilisation et s\u00e9curit\u00e9 des patients - Retter Dental Care","robots":{"index":"index","follow":"follow","max-snippet":"max-snippet:-1","max-image-preview":"max-image-preview:large","max-video-preview":"max-video-preview:-1"},"canonical":"https:\/\/retterdentalcare.com\/sterilization-and-patient-safety\/","og_locale":"fr_FR","og_type":"article","og_title":"St\u00e9rilisation et s\u00e9curit\u00e9 des patients - Retter Dental Care","og_description":"En vue de nous assurer de la s\u00e9curit\u00e9 de nos patients, la st\u00e9rilisation de nos instruments et outils de travail [&hellip;]","og_url":"https:\/\/retterdentalcare.com\/sterilization-and-patient-safety\/","og_site_name":"Retter Dental Care","article_modified_time":"2018-06-19T10:06:49+00:00","og_image":[{"width":1000,"height":900,"url":"https:\/\/retterdentalcare.com\/wp-content\/uploads\/2018\/06\/image-dentistry-44.jpg","type":"image\/jpeg"}],"twitter_card":"summary_large_image","twitter_misc":{"Dur\u00e9e de lecture estim\u00e9e":"2 minutes"},"schema":{"@context":"https:\/\/schema.org","@graph":[{"@type":"WebPage","@id":"https:\/\/retterdentalcare.com\/sterilization-and-patient-safety\/","url":"https:\/\/retterdentalcare.com\/sterilization-and-patient-safety\/","name":"St\u00e9rilisation et s\u00e9curit\u00e9 des patients - Retter Dental Care","isPartOf":{"@id":"https:\/\/retterdentalcare.com\/#website"},"primaryImageOfPage":{"@id":"https:\/\/retterdentalcare.com\/sterilization-and-patient-safety\/#primaryimage"},"image":{"@id":"https:\/\/retterdentalcare.com\/sterilization-and-patient-safety\/#primaryimage"},"thumbnailUrl":"https:\/\/retterdentalcare.com\/wp-content\/uploads\/2018\/06\/image-dentistry-44.jpg","datePublished":"2018-06-19T05:44:51+00:00","dateModified":"2018-06-19T10:06:49+00:00","breadcrumb":{"@id":"https:\/\/retterdentalcare.com\/sterilization-and-patient-safety\/#breadcrumb"},"inLanguage":"fr-FR","potentialAction":[{"@type":"ReadAction","target":["https:\/\/retterdentalcare.com\/sterilization-and-patient-safety\/"]}]},{"@type":"ImageObject","inLanguage":"fr-FR","@id":"https:\/\/retterdentalcare.com\/sterilization-and-patient-safety\/#primaryimage","url":"https:\/\/retterdentalcare.com\/wp-content\/uploads\/2018\/06\/image-dentistry-44.jpg","contentUrl":"https:\/\/retterdentalcare.com\/wp-content\/uploads\/2018\/06\/image-dentistry-44.jpg","width":"1000","height":"900"},{"@type":"BreadcrumbList","@id":"https:\/\/retterdentalcare.com\/sterilization-and-patient-safety\/#breadcrumb","itemListElement":[{"@type":"ListItem","position":1,"name":"Home","item":"https:\/\/retterdentalcare.com\/fr\/"},{"@type":"ListItem","position":2,"name":"St\u00e9rilisation et s\u00e9curit\u00e9 des patients"}]},{"@type":"WebSite","@id":"https:\/\/retterdentalcare.com\/#website","url":"https:\/\/retterdentalcare.com\/","name":"Retter Dental Care","description":"The Best Care In The Most Comfortable Environment","potentialAction":[{"@type":"SearchAction","target":{"@type":"EntryPoint","urlTemplate":"https:\/\/retterdentalcare.com\/?s={search_term_string}"},"query-input":{"@type":"PropertyValueSpecification","valueRequired":true,"valueName":"search_term_string"}}],"inLanguage":"fr-FR"}]}},"_links":{"self":[{"href":"https:\/\/retterdentalcare.com\/fr\/wp-json\/wp\/v2\/pages\/432","targetHints":{"allow":["GET"]}}],"collection":[{"href":"https:\/\/retterdentalcare.com\/fr\/wp-json\/wp\/v2\/pages"}],"about":[{"href":"https:\/\/retterdentalcare.com\/fr\/wp-json\/wp\/v2\/types\/page"}],"author":[{"embeddable":true,"href":"https:\/\/retterdentalcare.com\/fr\/wp-json\/wp\/v2\/users\/1"}],"replies":[{"embeddable":true,"href":"https:\/\/retterdentalcare.com\/fr\/wp-json\/wp\/v2\/comments?post=432"}],"version-history":[{"count":0,"href":"https:\/\/retterdentalcare.com\/fr\/wp-json\/wp\/v2\/pages\/432\/revisions"}],"wp:featuredmedia":[{"embeddable":true,"href":"https:\/\/retterdentalcare.com\/fr\/wp-json\/wp\/v2\/media\/229"}],"wp:attachment":[{"href":"https:\/\/retterdentalcare.com\/fr\/wp-json\/wp\/v2\/media?parent=432"}],"curies":[{"name":"wp","href":"https:\/\/api.w.org\/{rel}","templated":true}]}}