{"id":472,"date":"2018-06-18T08:15:22","date_gmt":"2018-06-18T07:15:22","guid":{"rendered":"http:\/\/localhost\/retter-dental-care\/dentist-in-montreal"},"modified":"2020-10-27T00:57:21","modified_gmt":"2020-10-27T00:57:21","slug":"dentist-in-montreal","status":"publish","type":"page","link":"https:\/\/retterdentalcare.com\/fr\/","title":{"rendered":"Les Meilleurs soins dans un<br> Environnement des plus confortables"},"content":{"rendered":"<div class=\"slogan_right\">\n<h1 style=\"text-align: center;\">Bienvenue chez Soins dentaires Retter!<\/h1>\n<p style=\"text-align: center;\">Notre principal objectif est de vous prodiguer les meilleurs soins qui soient en fonction de vos besoins.<\/p>\n<p style=\"text-align: center;\">Pourquoi confier votre sant\u00e9 bucco-dentaire \u00e0 notre \u00e9quipe?<\/p>\n<p style=\"text-align: center;\">La r\u00e9ponse est simple : Nous sommes reconnus pour notre approche centr\u00e9e sur le patient et pour notre engagement envers l&#8217;excellence. De plus, nous concentrons nos efforts chaque jour pour que vous jouissiez d&#8217;un maximum de confort pendant l&#8217;intervention, sans compter que nous vous proposons les derni\u00e8res technologies qui ont su faire leurs preuves en dentisterie. Puisque nous savons pertinemment que la majorit\u00e9 d&#8217;entre vous n&#8217;aime pas particuli\u00e8rement aller chez le dentiste, nous faisons tout en notre pouvoir pour \u00e9courter autant que possible votre exp\u00e9rience et pour la rendre des plus agr\u00e9ables. Outre que ces nombreux avantages, nos patients peuvent compter sur une \u00e9quipe de professionnels d\u00e9vou\u00e9s et fiers de prodiguer des soins dentaires \u00e0 la fois conservateurs, pr\u00e9cis et modernes. Ainsi, vous passez moins de temps dans nos bureaux et pouvez retourner vaquer \u00e0 vos occupations en un rien de temps. Tentez l&#8217;exp\u00e9rience en venant rencontrer notre \u00e9quipe des plus attentionn\u00e9es, laquelle a recours \u00e0 la dentisterie moderne pour am\u00e9liorer votre quotidien.<\/p>\n<\/div>\n","protected":false},"excerpt":{"rendered":"<p>Bienvenue chez Soins dentaires Retter! Notre principal objectif est de vous prodiguer les meilleurs soins qui soient en fonction de [&hellip;]<\/p>\n","protected":false},"author":1,"featured_media":0,"parent":0,"menu_order":0,"comment_status":"closed","ping_status":"open","template":"templates\/homepage.php","meta":{"footnotes":""},"class_list":["post-472","page","type-page","status-publish","hentry"],"yoast_head":"<!-- This site is optimized with the Yoast SEO plugin v26.6 - https:\/\/yoast.com\/wordpress\/plugins\/seo\/ -->\n<title>Les Meilleurs soins dans un Environnement des plus confortables - Retter Dental Care<\/title>\n<meta name=\"robots\" content=\"index, follow, max-snippet:-1, max-image-preview:large, max-video-preview:-1\" \/>\n<link rel=\"canonical\" href=\"https:\/\/retterdentalcare.com\/fr\/\" \/>\n<meta property=\"og:locale\" content=\"fr_FR\" \/>\n<meta property=\"og:type\" content=\"article\" \/>\n<meta property=\"og:title\" content=\"Les Meilleurs soins dans un Environnement des plus confortables - Retter Dental Care\" \/>\n<meta property=\"og:description\" content=\"Bienvenue chez Soins dentaires Retter! Notre principal objectif est de vous prodiguer les meilleurs soins qui soient en fonction de [&hellip;]\" \/>\n<meta property=\"og:url\" content=\"https:\/\/retterdentalcare.com\/fr\/\" \/>\n<meta property=\"og:site_name\" content=\"Retter Dental Care\" \/>\n<meta property=\"article:modified_time\" content=\"2020-10-27T00:57:21+00:00\" \/>\n<meta name=\"twitter:card\" content=\"summary_large_image\" \/>\n<meta name=\"twitter:label1\" content=\"Dur\u00e9e de lecture estim\u00e9e\" \/>\n\t<meta name=\"twitter:data1\" content=\"1 minute\" \/>\n<script type=\"application\/ld+json\" class=\"yoast-schema-graph\">{\"@context\":\"https:\/\/schema.org\",\"@graph\":[{\"@type\":\"WebPage\",\"@id\":\"https:\/\/retterdentalcare.com\/fr\/\",\"url\":\"https:\/\/retterdentalcare.com\/fr\/\",\"name\":\"Les Meilleurs soins dans un Environnement des plus confortables - Retter Dental Care\",\"isPartOf\":{\"@id\":\"https:\/\/retterdentalcare.com\/#website\"},\"datePublished\":\"2018-06-18T07:15:22+00:00\",\"dateModified\":\"2020-10-27T00:57:21+00:00\",\"breadcrumb\":{\"@id\":\"https:\/\/retterdentalcare.com\/fr\/#breadcrumb\"},\"inLanguage\":\"fr-FR\",\"potentialAction\":[{\"@type\":\"ReadAction\",\"target\":[\"https:\/\/retterdentalcare.com\/fr\/\"]}]},{\"@type\":\"BreadcrumbList\",\"@id\":\"https:\/\/retterdentalcare.com\/fr\/#breadcrumb\",\"itemListElement\":[{\"@type\":\"ListItem\",\"position\":1,\"name\":\"Home\",\"item\":\"https:\/\/retterdentalcare.com\/fr\/\"},{\"@type\":\"ListItem\",\"position\":2,\"name\":\"Les Meilleurs soins dans un Environnement des plus confortables\"}]},{\"@type\":\"WebSite\",\"@id\":\"https:\/\/retterdentalcare.com\/#website\",\"url\":\"https:\/\/retterdentalcare.com\/\",\"name\":\"Retter Dental Care\",\"description\":\"The Best Care In The Most Comfortable Environment\",\"potentialAction\":[{\"@type\":\"SearchAction\",\"target\":{\"@type\":\"EntryPoint\",\"urlTemplate\":\"https:\/\/retterdentalcare.com\/?s={search_term_string}\"},\"query-input\":{\"@type\":\"PropertyValueSpecification\",\"valueRequired\":true,\"valueName\":\"search_term_string\"}}],\"inLanguage\":\"fr-FR\"}]}<\/script>\n<!-- \/ Yoast SEO plugin. -->","yoast_head_json":{"title":"Les Meilleurs soins dans un Environnement des plus confortables - Retter Dental Care","robots":{"index":"index","follow":"follow","max-snippet":"max-snippet:-1","max-image-preview":"max-image-preview:large","max-video-preview":"max-video-preview:-1"},"canonical":"https:\/\/retterdentalcare.com\/fr\/","og_locale":"fr_FR","og_type":"article","og_title":"Les Meilleurs soins dans un Environnement des plus confortables - Retter Dental Care","og_description":"Bienvenue chez Soins dentaires Retter! Notre principal objectif est de vous prodiguer les meilleurs soins qui soient en fonction de [&hellip;]","og_url":"https:\/\/retterdentalcare.com\/fr\/","og_site_name":"Retter Dental Care","article_modified_time":"2020-10-27T00:57:21+00:00","twitter_card":"summary_large_image","twitter_misc":{"Dur\u00e9e de lecture estim\u00e9e":"1 minute"},"schema":{"@context":"https:\/\/schema.org","@graph":[{"@type":"WebPage","@id":"https:\/\/retterdentalcare.com\/fr\/","url":"https:\/\/retterdentalcare.com\/fr\/","name":"Les Meilleurs soins dans un Environnement des plus confortables - Retter Dental Care","isPartOf":{"@id":"https:\/\/retterdentalcare.com\/#website"},"datePublished":"2018-06-18T07:15:22+00:00","dateModified":"2020-10-27T00:57:21+00:00","breadcrumb":{"@id":"https:\/\/retterdentalcare.com\/fr\/#breadcrumb"},"inLanguage":"fr-FR","potentialAction":[{"@type":"ReadAction","target":["https:\/\/retterdentalcare.com\/fr\/"]}]},{"@type":"BreadcrumbList","@id":"https:\/\/retterdentalcare.com\/fr\/#breadcrumb","itemListElement":[{"@type":"ListItem","position":1,"name":"Home","item":"https:\/\/retterdentalcare.com\/fr\/"},{"@type":"ListItem","position":2,"name":"Les Meilleurs soins dans un Environnement des plus confortables"}]},{"@type":"WebSite","@id":"https:\/\/retterdentalcare.com\/#website","url":"https:\/\/retterdentalcare.com\/","name":"Retter Dental Care","description":"The Best Care In The Most Comfortable Environment","potentialAction":[{"@type":"SearchAction","target":{"@type":"EntryPoint","urlTemplate":"https:\/\/retterdentalcare.com\/?s={search_term_string}"},"query-input":{"@type":"PropertyValueSpecification","valueRequired":true,"valueName":"search_term_string"}}],"inLanguage":"fr-FR"}]}},"_links":{"self":[{"href":"https:\/\/retterdentalcare.com\/fr\/wp-json\/wp\/v2\/pages\/472","targetHints":{"allow":["GET"]}}],"collection":[{"href":"https:\/\/retterdentalcare.com\/fr\/wp-json\/wp\/v2\/pages"}],"about":[{"href":"https:\/\/retterdentalcare.com\/fr\/wp-json\/wp\/v2\/types\/page"}],"author":[{"embeddable":true,"href":"https:\/\/retterdentalcare.com\/fr\/wp-json\/wp\/v2\/users\/1"}],"replies":[{"embeddable":true,"href":"https:\/\/retterdentalcare.com\/fr\/wp-json\/wp\/v2\/comments?post=472"}],"version-history":[{"count":0,"href":"https:\/\/retterdentalcare.com\/fr\/wp-json\/wp\/v2\/pages\/472\/revisions"}],"wp:attachment":[{"href":"https:\/\/retterdentalcare.com\/fr\/wp-json\/wp\/v2\/media?parent=472"}],"curies":[{"name":"wp","href":"https:\/\/api.w.org\/{rel}","templated":true}]}}