{"id":509,"date":"2018-06-19T07:21:31","date_gmt":"2018-06-19T06:21:31","guid":{"rendered":"http:\/\/localhost\/retter-dental-care\/about-us"},"modified":"2018-06-19T13:35:17","modified_gmt":"2018-06-19T12:35:17","slug":"about-us","status":"publish","type":"page","link":"https:\/\/retterdentalcare.com\/fr\/about-us\/","title":{"rendered":"\u00c0 propos de nous"},"content":{"rendered":"<h2>Ici, votre sourire est entre bonnes mains!<\/h2>\n<p>&nbsp;<\/p>\n<div class=\"videoWrapper\">\n\t\t<iframe loading=\"lazy\" width=\"560\" height=\"315\" src=\"https:\/\/www.youtube.com\/embed\/Ta5rbMD6Ryk\" frameborder=\"0\" allowfullscreen><\/iframe>\n\t<\/div>\n<h2>Qu&#8217;est-ce qui nous distingue de la concurrence?<\/h2>\n<p>La technologie a compl\u00e8tement r\u00e9volutionn\u00e9 le domaine de la dentisterie et notre clinique dentaire n&#8217;est pas peu fi\u00e8re d&#8217;\u00eatre \u00e0 l&#8217;aff\u00fbt des nouvelles tendances. Finies les couronnes temporaires et les empreintes dont la texture \u00e9tait si d\u00e9sagr\u00e9able! De plus, nous avons recours \u00e0 la radiologie num\u00e9rique dont le taux de radiation est 90% plus faible que les m\u00e9thodes traditionnelles.<\/p>\n<p>Bien entendu, nous accordons \u00e9norm\u00e9ment d&#8217;importance \u00e0 l&#8217;\u00e9ducation ainsi qu&#8217;\u00e0 la formation continue. Pour assouvir notre soif d&#8217;apprentissage et notre d\u00e9sir d&#8217;am\u00e9liorer nos comp\u00e9tences, tous les dentistes et membres de notre \u00e9quipe assistent r\u00e9guli\u00e8rement \u00e0 des congr\u00e8s et s\u00e9minaires de renomm\u00e9e internationale. En somme, nous d\u00e9ployons maints efforts et investissons des ressources consid\u00e9rables pour am\u00e9liorer nos \u00e9quipements et pour aiguiser nos connaissances techniques. Sachant que la qualit\u00e9 de nos soins est sans pareille, nos patients peuvent donc dormir tranquille. Apr\u00e8s tout, votre sant\u00e9 n&#8217;est-il pas le joyau le plus pr\u00e9cieux? Voil\u00e0 pourquoi nous vous aiderons \u00e0 en prendre soin!<\/p>\n","protected":false},"excerpt":{"rendered":"<p>Ici, votre sourire est entre bonnes mains! &nbsp; Qu&#8217;est-ce qui nous distingue de la concurrence? La technologie a compl\u00e8tement r\u00e9volutionn\u00e9 [&hellip;]<\/p>\n","protected":false},"author":1,"featured_media":244,"parent":0,"menu_order":0,"comment_status":"closed","ping_status":"closed","template":"","meta":{"footnotes":""},"class_list":["post-509","page","type-page","status-publish","has-post-thumbnail","hentry"],"yoast_head":"<!-- This site is optimized with the Yoast SEO plugin v26.6 - https:\/\/yoast.com\/wordpress\/plugins\/seo\/ -->\n<title>\u00c0 propos de nous - Retter Dental Care<\/title>\n<meta name=\"robots\" content=\"index, follow, max-snippet:-1, max-image-preview:large, max-video-preview:-1\" \/>\n<link rel=\"canonical\" href=\"https:\/\/retterdentalcare.com\/about-us\/\" \/>\n<meta property=\"og:locale\" content=\"fr_FR\" \/>\n<meta property=\"og:type\" content=\"article\" \/>\n<meta property=\"og:title\" content=\"\u00c0 propos de nous - Retter Dental Care\" \/>\n<meta property=\"og:description\" content=\"Ici, votre sourire est entre bonnes mains! &nbsp; Qu&#8217;est-ce qui nous distingue de la concurrence? La technologie a compl\u00e8tement r\u00e9volutionn\u00e9 [&hellip;]\" \/>\n<meta property=\"og:url\" content=\"https:\/\/retterdentalcare.com\/about-us\/\" \/>\n<meta property=\"og:site_name\" content=\"Retter Dental Care\" \/>\n<meta property=\"article:modified_time\" content=\"2018-06-19T12:35:17+00:00\" \/>\n<meta property=\"og:image\" content=\"https:\/\/retterdentalcare.com\/wp-content\/uploads\/2018\/06\/image-dentistry-19.jpg\" \/>\n\t<meta property=\"og:image:width\" content=\"1000\" \/>\n\t<meta property=\"og:image:height\" content=\"900\" \/>\n\t<meta property=\"og:image:type\" content=\"image\/jpeg\" \/>\n<meta name=\"twitter:card\" content=\"summary_large_image\" \/>\n<meta name=\"twitter:label1\" content=\"Dur\u00e9e de lecture estim\u00e9e\" \/>\n\t<meta name=\"twitter:data1\" content=\"1 minute\" \/>\n<script type=\"application\/ld+json\" class=\"yoast-schema-graph\">{\"@context\":\"https:\/\/schema.org\",\"@graph\":[{\"@type\":\"WebPage\",\"@id\":\"https:\/\/retterdentalcare.com\/about-us\/\",\"url\":\"https:\/\/retterdentalcare.com\/about-us\/\",\"name\":\"\u00c0 propos de nous - Retter Dental Care\",\"isPartOf\":{\"@id\":\"https:\/\/retterdentalcare.com\/#website\"},\"primaryImageOfPage\":{\"@id\":\"https:\/\/retterdentalcare.com\/about-us\/#primaryimage\"},\"image\":{\"@id\":\"https:\/\/retterdentalcare.com\/about-us\/#primaryimage\"},\"thumbnailUrl\":\"https:\/\/retterdentalcare.com\/wp-content\/uploads\/2018\/06\/image-dentistry-19.jpg\",\"datePublished\":\"2018-06-19T06:21:31+00:00\",\"dateModified\":\"2018-06-19T12:35:17+00:00\",\"breadcrumb\":{\"@id\":\"https:\/\/retterdentalcare.com\/about-us\/#breadcrumb\"},\"inLanguage\":\"fr-FR\",\"potentialAction\":[{\"@type\":\"ReadAction\",\"target\":[\"https:\/\/retterdentalcare.com\/about-us\/\"]}]},{\"@type\":\"ImageObject\",\"inLanguage\":\"fr-FR\",\"@id\":\"https:\/\/retterdentalcare.com\/about-us\/#primaryimage\",\"url\":\"https:\/\/retterdentalcare.com\/wp-content\/uploads\/2018\/06\/image-dentistry-19.jpg\",\"contentUrl\":\"https:\/\/retterdentalcare.com\/wp-content\/uploads\/2018\/06\/image-dentistry-19.jpg\",\"width\":\"1000\",\"height\":\"900\"},{\"@type\":\"BreadcrumbList\",\"@id\":\"https:\/\/retterdentalcare.com\/about-us\/#breadcrumb\",\"itemListElement\":[{\"@type\":\"ListItem\",\"position\":1,\"name\":\"Home\",\"item\":\"https:\/\/retterdentalcare.com\/fr\/\"},{\"@type\":\"ListItem\",\"position\":2,\"name\":\"\u00c0 propos de nous\"}]},{\"@type\":\"WebSite\",\"@id\":\"https:\/\/retterdentalcare.com\/#website\",\"url\":\"https:\/\/retterdentalcare.com\/\",\"name\":\"Retter Dental Care\",\"description\":\"The Best Care In The Most Comfortable Environment\",\"potentialAction\":[{\"@type\":\"SearchAction\",\"target\":{\"@type\":\"EntryPoint\",\"urlTemplate\":\"https:\/\/retterdentalcare.com\/?s={search_term_string}\"},\"query-input\":{\"@type\":\"PropertyValueSpecification\",\"valueRequired\":true,\"valueName\":\"search_term_string\"}}],\"inLanguage\":\"fr-FR\"}]}<\/script>\n<!-- \/ Yoast SEO plugin. -->","yoast_head_json":{"title":"\u00c0 propos de nous - Retter Dental Care","robots":{"index":"index","follow":"follow","max-snippet":"max-snippet:-1","max-image-preview":"max-image-preview:large","max-video-preview":"max-video-preview:-1"},"canonical":"https:\/\/retterdentalcare.com\/about-us\/","og_locale":"fr_FR","og_type":"article","og_title":"\u00c0 propos de nous - Retter Dental Care","og_description":"Ici, votre sourire est entre bonnes mains! &nbsp; Qu&#8217;est-ce qui nous distingue de la concurrence? La technologie a compl\u00e8tement r\u00e9volutionn\u00e9 [&hellip;]","og_url":"https:\/\/retterdentalcare.com\/about-us\/","og_site_name":"Retter Dental Care","article_modified_time":"2018-06-19T12:35:17+00:00","og_image":[{"width":1000,"height":900,"url":"https:\/\/retterdentalcare.com\/wp-content\/uploads\/2018\/06\/image-dentistry-19.jpg","type":"image\/jpeg"}],"twitter_card":"summary_large_image","twitter_misc":{"Dur\u00e9e de lecture estim\u00e9e":"1 minute"},"schema":{"@context":"https:\/\/schema.org","@graph":[{"@type":"WebPage","@id":"https:\/\/retterdentalcare.com\/about-us\/","url":"https:\/\/retterdentalcare.com\/about-us\/","name":"\u00c0 propos de nous - Retter Dental Care","isPartOf":{"@id":"https:\/\/retterdentalcare.com\/#website"},"primaryImageOfPage":{"@id":"https:\/\/retterdentalcare.com\/about-us\/#primaryimage"},"image":{"@id":"https:\/\/retterdentalcare.com\/about-us\/#primaryimage"},"thumbnailUrl":"https:\/\/retterdentalcare.com\/wp-content\/uploads\/2018\/06\/image-dentistry-19.jpg","datePublished":"2018-06-19T06:21:31+00:00","dateModified":"2018-06-19T12:35:17+00:00","breadcrumb":{"@id":"https:\/\/retterdentalcare.com\/about-us\/#breadcrumb"},"inLanguage":"fr-FR","potentialAction":[{"@type":"ReadAction","target":["https:\/\/retterdentalcare.com\/about-us\/"]}]},{"@type":"ImageObject","inLanguage":"fr-FR","@id":"https:\/\/retterdentalcare.com\/about-us\/#primaryimage","url":"https:\/\/retterdentalcare.com\/wp-content\/uploads\/2018\/06\/image-dentistry-19.jpg","contentUrl":"https:\/\/retterdentalcare.com\/wp-content\/uploads\/2018\/06\/image-dentistry-19.jpg","width":"1000","height":"900"},{"@type":"BreadcrumbList","@id":"https:\/\/retterdentalcare.com\/about-us\/#breadcrumb","itemListElement":[{"@type":"ListItem","position":1,"name":"Home","item":"https:\/\/retterdentalcare.com\/fr\/"},{"@type":"ListItem","position":2,"name":"\u00c0 propos de nous"}]},{"@type":"WebSite","@id":"https:\/\/retterdentalcare.com\/#website","url":"https:\/\/retterdentalcare.com\/","name":"Retter Dental Care","description":"The Best Care In The Most Comfortable Environment","potentialAction":[{"@type":"SearchAction","target":{"@type":"EntryPoint","urlTemplate":"https:\/\/retterdentalcare.com\/?s={search_term_string}"},"query-input":{"@type":"PropertyValueSpecification","valueRequired":true,"valueName":"search_term_string"}}],"inLanguage":"fr-FR"}]}},"_links":{"self":[{"href":"https:\/\/retterdentalcare.com\/fr\/wp-json\/wp\/v2\/pages\/509","targetHints":{"allow":["GET"]}}],"collection":[{"href":"https:\/\/retterdentalcare.com\/fr\/wp-json\/wp\/v2\/pages"}],"about":[{"href":"https:\/\/retterdentalcare.com\/fr\/wp-json\/wp\/v2\/types\/page"}],"author":[{"embeddable":true,"href":"https:\/\/retterdentalcare.com\/fr\/wp-json\/wp\/v2\/users\/1"}],"replies":[{"embeddable":true,"href":"https:\/\/retterdentalcare.com\/fr\/wp-json\/wp\/v2\/comments?post=509"}],"version-history":[{"count":0,"href":"https:\/\/retterdentalcare.com\/fr\/wp-json\/wp\/v2\/pages\/509\/revisions"}],"wp:featuredmedia":[{"embeddable":true,"href":"https:\/\/retterdentalcare.com\/fr\/wp-json\/wp\/v2\/media\/244"}],"wp:attachment":[{"href":"https:\/\/retterdentalcare.com\/fr\/wp-json\/wp\/v2\/media?parent=509"}],"curies":[{"name":"wp","href":"https:\/\/api.w.org\/{rel}","templated":true}]}}