{"id":572,"date":"2018-06-19T07:28:14","date_gmt":"2018-06-19T06:28:14","guid":{"rendered":"http:\/\/localhost\/retter-dental-care\/faq"},"modified":"2018-06-19T13:55:57","modified_gmt":"2018-06-19T12:55:57","slug":"faq","status":"publish","type":"page","link":"https:\/\/retterdentalcare.com\/fr\/faq\/","title":{"rendered":"FAQ"},"content":{"rendered":"<h3>Si j&#8217;ai besoin d&#8217;avoir une obturation, quelle option devrais-je choisir?<\/h3>\n<p>Autrefois, les obturations en argent ou en amalgame \u00e9taient couramment utilis\u00e9es. En plus de ne pas \u00eatre de la m\u00eame couleur que la dentition, ce type d&#8217;obturation tachait la dent au fil du temps. Ces mat\u00e9riaux n\u00e9cessitent \u00e9galement la suppression d&#8217;une partie de la structure saine de la dent puisque le plombage n&#8217;est pas li\u00e9 \u00e0 celle-ci. En outre, comme l&#8217;obturation est compos\u00e9e d&#8217;un l&#8217;alliage de mercure, il y a un risque d&#8217;intoxication. De nos jours, selon l&#8217;\u00e9tendue de la carie et de l&#8217; ampleur de la perte de structure dentaire, votre dentiste vous conseillera probablement une obturation en composite (obturation blanche) ou une incrustation en porcelaine. Comme l&#8217;obturation en composite est li\u00e9e \u00e0 la dent, toute la structure saine de la dent sera conserv\u00e9e.<\/p>\n<h3>J&#8217;ai un espace entre mes deux incisives sup\u00e9rieures. Que faire pour combler cet espace?<\/h3>\n<p>Il existe diff\u00e9rentes m\u00e9thodes pour corriger ce type d&#8217;imperfection. Votre dentiste vous proposera soit l&#8217;amalgame dentaire, des facettes ou des soins d&#8217;orthodontie. Ce dernier saura bien vous conseiller en fonction de votre situation.<\/p>\n<h3>Quelle est la diff\u00e9rence entre l&#8217;amalgame dentaire et une facette en porcelaine?<\/h3>\n<p>L&#8217;amalgame dentaire est un genre de plastique (mat\u00e9riau composite) de la m\u00eame couleur que la dent qui est moul\u00e9 sur la dent et ensuite durci \u00e0 l&#8217;aide d&#8217;une lumi\u00e8re bleue. Cette proc\u00e9dure se d\u00e9roule g\u00e9n\u00e9ralement au cours d&#8217;une seule visite. Une anesth\u00e9sie est rarement n\u00e9cessaire et uniquement une petite partie de la dent doit \u00eatre taill\u00e9e.<\/p>\n<p>Les inconv\u00e9nients de l&#8217;amalgame dentaire sont\u00a0:<\/p>\n<ul>\n<li>*apparition de taches au fil du temps<\/li>\n<li>*remplacement et bris fr\u00e9quents<\/li>\n<\/ul>\n<p>Les facettes de porcelaine sont constitu\u00e9es de fines couches de porcelaine superpos\u00e9es fabriqu\u00e9es en laboratoire, que le professionnel dentaire colle sur les dents. L&#8217;intervention se d\u00e9roule g\u00e9n\u00e9ralement en deux visites. On doit d&#8217;abord enlever une petite portion de la dent et proc\u00e9der \u00e0 une anesth\u00e9sie. Une facette en porcelaine est beaucoup plus r\u00e9sistante que l&#8217;amalgame dentaire, tout en \u00e9tant moins sujette aux taches.<\/p>\n<h3>Mes dents seront-elles sensibles apr\u00e8s le blanchiment?<\/h3>\n<p>Vos dents peuvent \u00eatre plus sensibles suite au blanchiment \u00e0 la chaise. L&#8217;inconfort peut \u00eatre consid\u00e9rablement att\u00e9nu\u00e9 par l&#8217;utilisation du dentifrice Sensodyne la semaine pr\u00e9c\u00e9dant le blanchiment et au cours des semaines suivantes. De plus, votre dentiste pourrait vous recommander un traitement au fluorure suite \u00e0 votre blanchiment.<\/p>\n<h3>J&#8217;ai une dent beaucoup plus fonc\u00e9e que les autres et, qui plus est, se trouve \u00e0 l&#8217;avant de l&#8217;arcade dentaire. Est-ce qu&#8217;un blanchiment maison parviendrait \u00e0 la p\u00e2lir?<\/h3>\n<p>Tout d&#8217;abord, la raison de cette d\u00e9coloration doit \u00eatre \u00e9lucid\u00e9e. Cela peut \u00eatre caus\u00e9 par un accident ou traitement de canal que vous avez eu dans le pass\u00e9. Dans ces cas de figure, un blanchiment externe ne sera pas du tout efficace. Votre dentiste pourra tenter de faire une s\u00e9rie de traitements de blanchiment interne. Sinon, l&#8217;amalgame dentaire, une facette en porcelaine ou une couronne pourrait corriger la situation.<\/p>\n<h3>Quelques obturations situ\u00e9es \u00e0 l&#8217;avant de l&#8217;arcade dentaire ont fonc\u00e9 avec les ann\u00e9es, un blanchiment parviendra-t- il \u00e0 les p\u00e2lir?<\/h3>\n<p>On ne peut malheureusement pas blanchir l&#8217;amalgame dentaire, la r\u00e9sine de composite ou de vieilles couronnes. La d\u00e9coloration d&#8217;une obturation indique la pr\u00e9sence de carie(s) secondaire(s) ou encore que l&#8217;obturation est mal scell\u00e9e, auxquels cas nous devons la remplacer. La solution de remplacement \u00e0 privil\u00e9gier pour un r\u00e9sultat plus durable serait l&#8217;installation de facette(s) en porcelaine. Gardez en m\u00e9moire qu&#8217;il importe de changer vos obturations apr\u00e8s le blanchiment afin que la couleur de la nouvelle restauration s&#8217;harmonise bien avec la nouvelle teinte de vos dents. \u00ab\u00a0Combien de temps le blanchiment reste-t-il?\u00a0\u00bb\u00a0: Cela d\u00e9pend d&#8217;une multitude de facteurs tels que la couleur originale de vos dents et votre mode devie (r\u00e9gime alimentaire, tabagisme, consommation de caf\u00e9 ou de vin rouge, etc.). Bien entendu, une dent plus fonc\u00e9e n\u00e9cessitera plus d&#8217;un blanchiment pour atteindre le r\u00e9sultat souhait\u00e9. Par ailleurs, pour prolonger l&#8217;effet blanchissant sur vos dents, vous devez appliquer certaines mesures. Les rendez-vous p\u00e9riodiques chez le dentiste ne suffisent pas. Vous devez inclure certains \u00e9l\u00e9ments \u00e0 votre routine quotidienne, soit l&#8217;utilisation d&#8217;un dentifrice blanchissant non abrasif pour \u00e9liminer toute trace r\u00e9siduelle de caf\u00e9, th\u00e9, vin rouge ou cigarette et pour enlever efficacement les bact\u00e9ries et la plaque. En outre, effectuer des retouches \u00e0 l&#8217;aide du kit de blanchiment maison fourni par votre dentiste vous aidera \u00e0 pr\u00e9server la blancheur vos dents.<\/p>\n<h2>Restauration dentaire<\/h2>\n<p>&nbsp;<\/p>\n<h3>Qu&#8217;est-ce qu&#8217;un implant dentaire?<\/h3>\n<p>Un implant dentaire est une tige en titane que l&#8217;on ins\u00e8re dans la m\u00e2choire. Une fois int\u00e9gr\u00e9 \u00e0 l&#8217;os, une couronne, un pont ou une proth\u00e8se sera fix\u00e9 sur celui-ci.<\/p>\n<h3>Pourquoi d\u00e9penser pour un traitement de canal? Ne serait-ce pas plus profitable d&#8217;extraire la dent?<\/h3>\n<p>Perdre une dent peut \u00eatre le d\u00e9but de la perte de plusieurs autres. En conservant la dent, l&#8217;espace est pr\u00e9serv\u00e9, ce qui emp\u00eache la migration des dents voisines vers l&#8217;espace vacant. Bien que le traitement de canal puisse repr\u00e9senter une somme importante, cette proc\u00e9dure est rentable \u00e0 long terme.<\/p>\n<h3>Qui est susceptible d&#8217;avoir une carie dentaire?<\/h3>\n<p>La carie dentaire est une infection qui se d\u00e9veloppe \u00e0 l&#8217;int\u00e9rieur de la dent. Elle peut \u00eatre pr\u00e9venue de diff\u00e9rentes fa\u00e7ons (ex.\u00a0: hygi\u00e8ne dentaire \u00e0 la maison, nettoyages professionnels, etc).<\/p>\n<h2>Traitements parodontaux (soins des gencives)<\/h2>\n<p>&nbsp;<\/p>\n<h3>Pr\u00e9vention<\/h3>\n<p>Une hygi\u00e8ne dentaire ad\u00e9quate \u00e9limine presque toutes les probabilit\u00e9s d&#8217;avoir mauvaise haleine. Un brossage r\u00e9gulier et l&#8217;utilisation quotidienne de la soie dentaire enl\u00e8ve la plauqe et les bact\u00e9ries responsables de la mauvaise haleine. Pendant le brossage, n&#8217;oubliez pas d&#8217;apporter une attention particuli\u00e8re aux dents situ\u00e9es \u00e0 l&#8217;arri\u00e8re de l&#8217;arcade dentaire et de brosser votre langue, soit deux endroits o\u00f9 aiment se loger les bact\u00e9ries. Les menthes ou rince-bouche peuvent camoufler la mauvaise haleine mais n&#8217;\u00e9liminent pas les bact\u00e9ries. \u00c9viter les aliments qui exhalent une odeur forte et boire de l&#8217;eau de fa\u00e7on r\u00e9guli\u00e8re pendant la journ\u00e9e contribue \u00e0 nettoyer et \u00e0 oxyg\u00e9ner votre bouche (les bact\u00e9ries ne peuvent pas survivre dans un milieu oxyg\u00e9n\u00e9). Pour plus de renseignements sur les traitements disponibles pour combattre l&#8217;halitose, communiquez avec un dentiste de votre r\u00e9gion! Celui-ci pourra vous conseiller diff\u00e9rents produits pour contrer la mauvaise haleine.<\/p>\n<h3>Des causes sous-jacentes plus s\u00e9rieuses<\/h3>\n<p>La mauvaise haleine persistante peut \u00e9galement indiquer la pr\u00e9sence de maladies telles que le diab\u00e8te ou encore des probl\u00e8mes respiratoires, pulmonaires ou au foie. Des poches parodontales (espace qui se forme entre les gencives et les dents) peuvent \u00e9galement \u00eatre la cause de l&#8217;halitose. Les poches parodontales apparaissent \u00e0 un stade avanc\u00e9 de la maladie gingivale, cr\u00e9ant un terrain propice pour la multiplication des bact\u00e9ries, ce qui se traduit par une mauvaise haleine chronique. L&#8217;intervention d&#8217;un professionnel dentaire peut \u00eatre requise pour traiter les poches parodontales. Si vous \u00e9prouvez de la douleur lorsque vous mangez ou si vos gencives saignent ou que vos dents semblent se d\u00e9chausser, il se peut que vous soyez aux prises avec ce genre d&#8217;affection. Consultez dans les plus brefs d\u00e9lais!<\/p>\n<h3>Quelles sont les autres causes de la mauvaise haleine?<\/h3>\n<p>Plusieurs facteurs contribuent \u00e0 la mauvaise haleine. Normalement, la salive aide \u00e0 nettoyer de fa\u00e7on naturelle les bact\u00e9ries qui s&#8217;accumulent dans la bouche ou sur la langue. Lorsque la salive repose derri\u00e8re la langue, les bact\u00e9ries apparaissent sous forme de pellicule blanch\u00e2tre sur le dessus de la langue. Ceci est l&#8217;une des principales causes de la mauvaise haleine. La mauvaise haleine peut \u00e9galement \u00eatre tributaire d&#8217;un \u00e9coulement r\u00e9tro-nasal, condition particuli\u00e8re qui se caract\u00e9rise par l&#8217;accumulation de prot\u00e9ines derri\u00e8re la langue et qui favorise la pr\u00e9sence de bact\u00e9ries. Des aliments acides et\/ou tr\u00e8s prot\u00e9in\u00e9s tels que le poisson, le lait, le fromage ou le caf\u00e9 pr\u00e9disposent \u00e9galement \u00e0 la mauvaise haleine. Le fait de manger rapidement ou de suivre un r\u00e9gime alimentaire faible en calories peut \u00e9galement avoir une incidence sur l&#8217;haleine puisque le d\u00e9bit salivaire est r\u00e9duit dans de tels contextes. Contrairement \u00e0 la croyance populaire, les probl\u00e8mes d&#8217;estomac ne causent pas l&#8217;halitose.<\/p>\n<h3>Comment la mauvaise haleine se forme-t- elle?<\/h3>\n<p>La mauvaise haleine se produit lorsque des compos\u00e9s sulfur\u00e9s volatils sont lib\u00e9r\u00e9s. Le soufre est g\u00e9n\u00e9ralement pr\u00e9sent \u00e0 cause des bact\u00e9ries qui s&#8217;accumulent derri\u00e8re la langue, d\u00fb au manque d&#8217;oxyg\u00e8ne \u00e0 l&#8217;int\u00e9rieur de la bouche (bact\u00e9ries ana\u00e9robies). Ces bact\u00e9ries produisent du soufre, lequel d\u00e9gage une odeur f\u00e9tide. Une bouche s\u00e8che offre un terreau fertile pour les bact\u00e9ries ana\u00e9robies d\u00fb \u00e0 l&#8217;absence d&#8217;oxyg\u00e8ne. Les compos\u00e9s de soufre sont g\u00e9n\u00e9r\u00e9s suite \u00e0 l&#8217;ingestion de certains aliments. Ces compos\u00e9s circulent dans le sang et se dirigent vers les poumons, pour ensuite \u00eatre expuls\u00e9s via l&#8217;air expir\u00e9.<\/p>\n<h3>\u00c0 quelle fr\u00e9quence devrais-je utiliser la soie dentaire?<\/h3>\n<p>Au moins une fois par jour. D&#8217;ailleurs, il existe un adage chez les dentistes\u00a0: \u00abSi vous voulez conserver vos dents longtemps, utilisez la soie dentaire quotidiennement!\u00a0\u00bb. Autrement, vous augmentez de 75% le risque d&#8217;\u00eatre aux prises avec une affection parodontale, favorisant l&#8217;\u00e9mergence d&#8217;ennuis de sant\u00e9 tels que le diab\u00e8te, infections, pneumonie et probl\u00e8mes cardiovasculaires. Environ 45% des Am\u00e9ricains adultes pr\u00e9sentent diff\u00e9rents types de gingivite et la majorit\u00e9 des personnes \u00e2g\u00e9es de plus de 60 ans ont perdu une ou plusieurs dents. Ne faites pas partie du lot! Ayez recours \u00e0 la soie dentaire tous les jours!<\/p>\n<h3>\u00c0 quelle fr\u00e9quence devrais-je avoir recours \u00e0 un nettoyage professionnel?<\/h3>\n<p>Le niveau d&#8217;accumulation de plaque varie d&#8217;un individu \u00e0 l&#8217;autre. Toutefois, le meilleur moyen de pr\u00e9venir la plaque est de vous rendre \u00e0 raison de deux fois par ann\u00e9e chez le dentiste pour un nettoyage professionnel. Soyez \u00e9galement attentif aux conseils qui vous seront prodigu\u00e9s et respectez la fr\u00e9quence propos\u00e9e, m\u00eame si on vous recommande un nettoyage professionnel tous les trois mois.<\/p>\n<h3>Est-ce normal que mes gencives saignent pendant le brossage ou l&#8217;utilisation de la soie dentaire?<\/h3>\n<p>Les tissus sains ne saignent pas. C&#8217;est probablement un signe de gingivite. Si vous remarquez des saignements, consultez un professionnel dentaire afin qu&#8217;il vous explique les techniques de brossage et d&#8217;utilisation de la soie dentaire. En outre, planifiez un examen de vos tissus mous, incluant la radiologie num\u00e9rique et un nettoyage pr\u00e9ventif. Le saignement des gencives doit \u00eatre pris au s\u00e9rieux car en absence de soins appropri\u00e9s, vous risquez de d\u00e9velopper une maladie parodontale.<\/p>\n<h3>Qu&#8217;est-ce que la plaque et en quoi affecte-t- elle mes dents?<\/h3>\n<p>La plaque est une pellicule gluante et transparente compos\u00e9e de bact\u00e9ries qui s&#8217;accumule sur les dents. Si vous n\u00e9gligez de la d\u00e9loger, elle durcit pour se transformer en tartre. Les bact\u00e9ries contenues dans la plaque produisent des d\u00e9riv\u00e9s qui non seulement favorisent l&#8217;irritation et le saignement des gencives, mais sont susceptibles de mener au d\u00e9veloppement d&#8217;une maladie parodontale. Maintenir une bonne hygi\u00e8ne bucco-dentaire, incluant le brossage des dents deux fois par jour, l&#8217;utilisation quotidienne de la soie dentaire et le rin\u00e7age (plus les rendez-vous p\u00e9riodiques chez le dentiste), contribuera \u00e0 pr\u00e9server la sant\u00e9 de vos dents.<\/p>\n","protected":false},"excerpt":{"rendered":"<p>Si j&#8217;ai besoin d&#8217;avoir une obturation, quelle option devrais-je choisir? Autrefois, les obturations en argent ou en amalgame \u00e9taient couramment [&hellip;]<\/p>\n","protected":false},"author":1,"featured_media":253,"parent":0,"menu_order":0,"comment_status":"closed","ping_status":"closed","template":"","meta":{"footnotes":""},"class_list":["post-572","page","type-page","status-publish","has-post-thumbnail","hentry"],"yoast_head":"<!-- This site is optimized with the Yoast SEO plugin v26.6 - https:\/\/yoast.com\/wordpress\/plugins\/seo\/ -->\n<title>FAQ - Retter Dental Care<\/title>\n<meta name=\"robots\" content=\"index, follow, max-snippet:-1, max-image-preview:large, max-video-preview:-1\" \/>\n<link rel=\"canonical\" href=\"https:\/\/retterdentalcare.com\/faq\/\" \/>\n<meta property=\"og:locale\" content=\"fr_FR\" \/>\n<meta property=\"og:type\" content=\"article\" \/>\n<meta property=\"og:title\" content=\"FAQ - Retter Dental Care\" \/>\n<meta property=\"og:description\" content=\"Si j&#8217;ai besoin d&#8217;avoir une obturation, quelle option devrais-je choisir? Autrefois, les obturations en argent ou en amalgame \u00e9taient couramment [&hellip;]\" \/>\n<meta property=\"og:url\" content=\"https:\/\/retterdentalcare.com\/faq\/\" \/>\n<meta property=\"og:site_name\" content=\"Retter Dental Care\" \/>\n<meta property=\"article:modified_time\" content=\"2018-06-19T12:55:57+00:00\" \/>\n<meta property=\"og:image\" content=\"https:\/\/retterdentalcare.com\/wp-content\/uploads\/2018\/06\/image-dentistry-45.jpg\" \/>\n\t<meta property=\"og:image:width\" content=\"1000\" \/>\n\t<meta property=\"og:image:height\" content=\"900\" \/>\n\t<meta property=\"og:image:type\" content=\"image\/jpeg\" \/>\n<meta name=\"twitter:card\" content=\"summary_large_image\" \/>\n<meta name=\"twitter:label1\" content=\"Dur\u00e9e de lecture estim\u00e9e\" \/>\n\t<meta name=\"twitter:data1\" content=\"10 minutes\" \/>\n<script type=\"application\/ld+json\" class=\"yoast-schema-graph\">{\"@context\":\"https:\/\/schema.org\",\"@graph\":[{\"@type\":\"WebPage\",\"@id\":\"https:\/\/retterdentalcare.com\/faq\/\",\"url\":\"https:\/\/retterdentalcare.com\/faq\/\",\"name\":\"FAQ - Retter Dental Care\",\"isPartOf\":{\"@id\":\"https:\/\/retterdentalcare.com\/#website\"},\"primaryImageOfPage\":{\"@id\":\"https:\/\/retterdentalcare.com\/faq\/#primaryimage\"},\"image\":{\"@id\":\"https:\/\/retterdentalcare.com\/faq\/#primaryimage\"},\"thumbnailUrl\":\"https:\/\/retterdentalcare.com\/wp-content\/uploads\/2018\/06\/image-dentistry-45.jpg\",\"datePublished\":\"2018-06-19T06:28:14+00:00\",\"dateModified\":\"2018-06-19T12:55:57+00:00\",\"breadcrumb\":{\"@id\":\"https:\/\/retterdentalcare.com\/faq\/#breadcrumb\"},\"inLanguage\":\"fr-FR\",\"potentialAction\":[{\"@type\":\"ReadAction\",\"target\":[\"https:\/\/retterdentalcare.com\/faq\/\"]}]},{\"@type\":\"ImageObject\",\"inLanguage\":\"fr-FR\",\"@id\":\"https:\/\/retterdentalcare.com\/faq\/#primaryimage\",\"url\":\"https:\/\/retterdentalcare.com\/wp-content\/uploads\/2018\/06\/image-dentistry-45.jpg\",\"contentUrl\":\"https:\/\/retterdentalcare.com\/wp-content\/uploads\/2018\/06\/image-dentistry-45.jpg\",\"width\":\"1000\",\"height\":\"900\"},{\"@type\":\"BreadcrumbList\",\"@id\":\"https:\/\/retterdentalcare.com\/faq\/#breadcrumb\",\"itemListElement\":[{\"@type\":\"ListItem\",\"position\":1,\"name\":\"Home\",\"item\":\"https:\/\/retterdentalcare.com\/fr\/\"},{\"@type\":\"ListItem\",\"position\":2,\"name\":\"FAQ\"}]},{\"@type\":\"WebSite\",\"@id\":\"https:\/\/retterdentalcare.com\/#website\",\"url\":\"https:\/\/retterdentalcare.com\/\",\"name\":\"Retter Dental Care\",\"description\":\"The Best Care In The Most Comfortable Environment\",\"potentialAction\":[{\"@type\":\"SearchAction\",\"target\":{\"@type\":\"EntryPoint\",\"urlTemplate\":\"https:\/\/retterdentalcare.com\/?s={search_term_string}\"},\"query-input\":{\"@type\":\"PropertyValueSpecification\",\"valueRequired\":true,\"valueName\":\"search_term_string\"}}],\"inLanguage\":\"fr-FR\"}]}<\/script>\n<!-- \/ Yoast SEO plugin. -->","yoast_head_json":{"title":"FAQ - Retter Dental Care","robots":{"index":"index","follow":"follow","max-snippet":"max-snippet:-1","max-image-preview":"max-image-preview:large","max-video-preview":"max-video-preview:-1"},"canonical":"https:\/\/retterdentalcare.com\/faq\/","og_locale":"fr_FR","og_type":"article","og_title":"FAQ - Retter Dental Care","og_description":"Si j&#8217;ai besoin d&#8217;avoir une obturation, quelle option devrais-je choisir? Autrefois, les obturations en argent ou en amalgame \u00e9taient couramment [&hellip;]","og_url":"https:\/\/retterdentalcare.com\/faq\/","og_site_name":"Retter Dental Care","article_modified_time":"2018-06-19T12:55:57+00:00","og_image":[{"width":1000,"height":900,"url":"https:\/\/retterdentalcare.com\/wp-content\/uploads\/2018\/06\/image-dentistry-45.jpg","type":"image\/jpeg"}],"twitter_card":"summary_large_image","twitter_misc":{"Dur\u00e9e de lecture estim\u00e9e":"10 minutes"},"schema":{"@context":"https:\/\/schema.org","@graph":[{"@type":"WebPage","@id":"https:\/\/retterdentalcare.com\/faq\/","url":"https:\/\/retterdentalcare.com\/faq\/","name":"FAQ - Retter Dental Care","isPartOf":{"@id":"https:\/\/retterdentalcare.com\/#website"},"primaryImageOfPage":{"@id":"https:\/\/retterdentalcare.com\/faq\/#primaryimage"},"image":{"@id":"https:\/\/retterdentalcare.com\/faq\/#primaryimage"},"thumbnailUrl":"https:\/\/retterdentalcare.com\/wp-content\/uploads\/2018\/06\/image-dentistry-45.jpg","datePublished":"2018-06-19T06:28:14+00:00","dateModified":"2018-06-19T12:55:57+00:00","breadcrumb":{"@id":"https:\/\/retterdentalcare.com\/faq\/#breadcrumb"},"inLanguage":"fr-FR","potentialAction":[{"@type":"ReadAction","target":["https:\/\/retterdentalcare.com\/faq\/"]}]},{"@type":"ImageObject","inLanguage":"fr-FR","@id":"https:\/\/retterdentalcare.com\/faq\/#primaryimage","url":"https:\/\/retterdentalcare.com\/wp-content\/uploads\/2018\/06\/image-dentistry-45.jpg","contentUrl":"https:\/\/retterdentalcare.com\/wp-content\/uploads\/2018\/06\/image-dentistry-45.jpg","width":"1000","height":"900"},{"@type":"BreadcrumbList","@id":"https:\/\/retterdentalcare.com\/faq\/#breadcrumb","itemListElement":[{"@type":"ListItem","position":1,"name":"Home","item":"https:\/\/retterdentalcare.com\/fr\/"},{"@type":"ListItem","position":2,"name":"FAQ"}]},{"@type":"WebSite","@id":"https:\/\/retterdentalcare.com\/#website","url":"https:\/\/retterdentalcare.com\/","name":"Retter Dental Care","description":"The Best Care In The Most Comfortable Environment","potentialAction":[{"@type":"SearchAction","target":{"@type":"EntryPoint","urlTemplate":"https:\/\/retterdentalcare.com\/?s={search_term_string}"},"query-input":{"@type":"PropertyValueSpecification","valueRequired":true,"valueName":"search_term_string"}}],"inLanguage":"fr-FR"}]}},"_links":{"self":[{"href":"https:\/\/retterdentalcare.com\/fr\/wp-json\/wp\/v2\/pages\/572","targetHints":{"allow":["GET"]}}],"collection":[{"href":"https:\/\/retterdentalcare.com\/fr\/wp-json\/wp\/v2\/pages"}],"about":[{"href":"https:\/\/retterdentalcare.com\/fr\/wp-json\/wp\/v2\/types\/page"}],"author":[{"embeddable":true,"href":"https:\/\/retterdentalcare.com\/fr\/wp-json\/wp\/v2\/users\/1"}],"replies":[{"embeddable":true,"href":"https:\/\/retterdentalcare.com\/fr\/wp-json\/wp\/v2\/comments?post=572"}],"version-history":[{"count":0,"href":"https:\/\/retterdentalcare.com\/fr\/wp-json\/wp\/v2\/pages\/572\/revisions"}],"wp:featuredmedia":[{"embeddable":true,"href":"https:\/\/retterdentalcare.com\/fr\/wp-json\/wp\/v2\/media\/253"}],"wp:attachment":[{"href":"https:\/\/retterdentalcare.com\/fr\/wp-json\/wp\/v2\/media?parent=572"}],"curies":[{"name":"wp","href":"https:\/\/api.w.org\/{rel}","templated":true}]}}